{"id":1168,"date":"2021-05-05T16:50:21","date_gmt":"2021-05-05T14:50:21","guid":{"rendered":"https:\/\/www.margaret-hotelchouleur.com\/?page_id=1168"},"modified":"2026-04-22T11:52:05","modified_gmt":"2026-04-22T09:52:05","slug":"restaurants","status":"publish","type":"page","link":"https:\/\/www.margaret-hotelchouleur.com\/de\/restaurants\/","title":{"rendered":"Restaurants"},"content":{"rendered":"<div data-elementor-type=\"wp-page\" data-elementor-id=\"1168\" class=\"elementor elementor-1168\" data-elementor-post-type=\"page\">\n\t\t\t\t\t\t<section class=\"elementor-section elementor-top-section elementor-element elementor-element-2c8e6f0 elementor-section-boxed elementor-section-height-default elementor-section-height-default\" data-id=\"2c8e6f0\" data-element_type=\"section\" data-e-type=\"section\" data-settings=\"{&quot;background_background&quot;:&quot;classic&quot;}\">\n\t\t\t\t\t\t\t<div class=\"elementor-background-overlay\"><\/div>\n\t\t\t\t\t\t\t<div class=\"elementor-container elementor-column-gap-default\">\n\t\t\t\t\t<div class=\"elementor-column elementor-col-100 elementor-top-column elementor-element elementor-element-eb3c73a\" data-id=\"eb3c73a\" data-element_type=\"column\" data-e-type=\"column\" data-settings=\"{&quot;background_background&quot;:&quot;classic&quot;}\">\n\t\t\t<div class=\"elementor-widget-wrap elementor-element-populated\">\n\t\t\t\t\t\t<div class=\"elementor-element elementor-element-dcf8043 elementor-widget elementor-widget-spacer\" data-id=\"dcf8043\" data-element_type=\"widget\" data-e-type=\"widget\" data-widget_type=\"spacer.default\">\n\t\t\t\t<div class=\"elementor-widget-container\">\n\t\t\t\t\t\t\t<div class=\"elementor-spacer\">\n\t\t\t<div class=\"elementor-spacer-inner\"><\/div>\n\t\t<\/div>\n\t\t\t\t\t\t<\/div>\n\t\t\t\t<\/div>\n\t\t\t\t<div class=\"elementor-element elementor-element-57e65fb elementor-widget-mobile__width-auto elementor-widget elementor-widget-heading\" data-id=\"57e65fb\" data-element_type=\"widget\" data-e-type=\"widget\" data-widget_type=\"heading.default\">\n\t\t\t\t<div class=\"elementor-widget-container\">\n\t\t\t\t\t<h2 class=\"elementor-heading-title elementor-size-default\">die Restaurants<\/h2>\t\t\t\t<\/div>\n\t\t\t\t<\/div>\n\t\t\t\t<div class=\"elementor-element elementor-element-ec7af5b imagefloat elementor-hidden-tablet elementor-hidden-mobile elementor-view-default elementor-widget elementor-widget-icon\" data-id=\"ec7af5b\" data-element_type=\"widget\" data-e-type=\"widget\" data-widget_type=\"icon.default\">\n\t\t\t\t<div class=\"elementor-widget-container\">\n\t\t\t\t\t\t\t<div class=\"elementor-icon-wrapper\">\n\t\t\t<div class=\"elementor-icon\">\n\t\t\t<svg xmlns=\"http:\/\/www.w3.org\/2000\/svg\" xmlns:xlink=\"http:\/\/www.w3.org\/1999\/xlink\" id=\"Calque_1\" x=\"0px\" y=\"0px\" viewbox=\"0 0 147.97 75.59\" style=\"enable-background:new 0 0 147.97 75.59;\" xml:space=\"preserve\"><polyline style=\"fill:none;stroke:#FFFFFF;stroke-width:5;stroke-linecap:round;stroke-linejoin:round;stroke-miterlimit:10;\" points=\"  115.15,24.29 75.72,63.72 34.58,22.59 \"><\/polyline><\/svg>\t\t\t<\/div>\n\t\t<\/div>\n\t\t\t\t\t\t<\/div>\n\t\t\t\t<\/div>\n\t\t\t\t<div class=\"elementor-element elementor-element-c99e9d6 elementor-widget elementor-widget-spacer\" data-id=\"c99e9d6\" data-element_type=\"widget\" data-e-type=\"widget\" data-widget_type=\"spacer.default\">\n\t\t\t\t<div class=\"elementor-widget-container\">\n\t\t\t\t\t\t\t<div class=\"elementor-spacer\">\n\t\t\t<div class=\"elementor-spacer-inner\"><\/div>\n\t\t<\/div>\n\t\t\t\t\t\t<\/div>\n\t\t\t\t<\/div>\n\t\t\t\t\t<\/div>\n\t\t<\/div>\n\t\t\t\t\t<\/div>\n\t\t<\/section>\n\t\t\t\t<section class=\"elementor-section elementor-top-section elementor-element elementor-element-6f9873de elementor-section-boxed elementor-section-height-default elementor-section-height-default\" data-id=\"6f9873de\" data-element_type=\"section\" data-e-type=\"section\">\n\t\t\t\t\t\t<div class=\"elementor-container elementor-column-gap-default\">\n\t\t\t\t\t<div class=\"elementor-column elementor-col-50 elementor-top-column elementor-element elementor-element-5d97e046\" data-id=\"5d97e046\" data-element_type=\"column\" data-e-type=\"column\" data-settings=\"{&quot;background_background&quot;:&quot;classic&quot;}\">\n\t\t\t<div class=\"elementor-widget-wrap elementor-element-populated\">\n\t\t\t\t\t\t<div class=\"elementor-element elementor-element-e5217e0 elementor-widget elementor-widget-spacer\" data-id=\"e5217e0\" data-element_type=\"widget\" data-e-type=\"widget\" data-widget_type=\"spacer.default\">\n\t\t\t\t<div class=\"elementor-widget-container\">\n\t\t\t\t\t\t\t<div class=\"elementor-spacer\">\n\t\t\t<div class=\"elementor-spacer-inner\"><\/div>\n\t\t<\/div>\n\t\t\t\t\t\t<\/div>\n\t\t\t\t<\/div>\n\t\t\t\t<div class=\"elementor-element elementor-element-db86e8a elementor-widget elementor-widget-heading\" data-id=\"db86e8a\" data-element_type=\"widget\" data-e-type=\"widget\" data-widget_type=\"heading.default\">\n\t\t\t\t<div class=\"elementor-widget-container\">\n\t\t\t\t\t<h2 class=\"elementor-heading-title elementor-size-default\">DAS RESTAURANT<br>GASTRONOMISCH<\/h2>\t\t\t\t<\/div>\n\t\t\t\t<\/div>\n\t\t\t\t<div class=\"elementor-element elementor-element-6bc3a53 elementor-widget elementor-widget-image\" data-id=\"6bc3a53\" data-element_type=\"widget\" data-e-type=\"widget\" data-widget_type=\"image.default\">\n\t\t\t\t<div class=\"elementor-widget-container\">\n\t\t\t\t\t\t\t\t\t\t\t\t\t\t\t<img decoding=\"async\" width=\"300\" height=\"96\" src=\"https:\/\/www.margaret-hotelchouleur.com\/wp-content\/uploads\/2023\/11\/Logo_ROUGE-1.png\" class=\"attachment-large size-large wp-image-7385\" alt=\"\" srcset=\"https:\/\/www.margaret-hotelchouleur.com\/wp-content\/uploads\/2023\/11\/Logo_ROUGE-1.png 300w, https:\/\/www.margaret-hotelchouleur.com\/wp-content\/uploads\/2023\/11\/Logo_ROUGE-1-18x6.png 18w\" sizes=\"(max-width: 300px) 100vw, 300px\" \/>\t\t\t\t\t\t\t\t\t\t\t\t\t\t\t<\/div>\n\t\t\t\t<\/div>\n\t\t\t\t<div class=\"elementor-element elementor-element-ee4e829 elementor-widget elementor-widget-image\" data-id=\"ee4e829\" data-element_type=\"widget\" data-e-type=\"widget\" data-widget_type=\"image.default\">\n\t\t\t\t<div class=\"elementor-widget-container\">\n\t\t\t\t\t\t\t\t\t\t\t\t\t\t\t<img fetchpriority=\"high\" decoding=\"async\" width=\"550\" height=\"600\" src=\"https:\/\/www.margaret-hotelchouleur.com\/wp-content\/uploads\/2024\/04\/Etoile_Michelin-white.png\" class=\"attachment-large size-large wp-image-7959\" alt=\"\" srcset=\"https:\/\/www.margaret-hotelchouleur.com\/wp-content\/uploads\/2024\/04\/Etoile_Michelin-white.png 550w, https:\/\/www.margaret-hotelchouleur.com\/wp-content\/uploads\/2024\/04\/Etoile_Michelin-white-275x300.png 275w, https:\/\/www.margaret-hotelchouleur.com\/wp-content\/uploads\/2024\/04\/Etoile_Michelin-white-11x12.png 11w\" sizes=\"(max-width: 550px) 100vw, 550px\" \/>\t\t\t\t\t\t\t\t\t\t\t\t\t\t\t<\/div>\n\t\t\t\t<\/div>\n\t\t\t\t<div class=\"elementor-element elementor-element-a739549 elementor-widget elementor-widget-text-editor\" data-id=\"a739549\" data-element_type=\"widget\" data-e-type=\"widget\" data-widget_type=\"text-editor.default\">\n\t\t\t\t<div class=\"elementor-widget-container\">\n\t\t\t\t\t\t\t\t\t<div>\n<div>\n<p><span style=\"background-color: var( --e-global-color-55f939f ); color: var( --e-global-color-5d4cf0f ); font-size: 1rem;\">Du mardi au samedi au d\u00eener.<\/span><\/p>\n<div>\n<p><span style=\"color: var( --e-global-color-5d4cf0f ); background-color: var( --e-global-color-55f939f ); font-size: 1rem;\">Les jeudis, vendredis et samedis au d\u00e9jeuner.<\/span><\/p>\n<p><span style=\"color: var( --e-global-color-5d4cf0f ); font-size: 1rem; background-color: var( --e-global-color-55f939f );\">Beim Mittagessen wird von 12:00 bis 13:30 Uhr serviert.<\/span><\/p>\n<\/div>\n<div><span style=\"color: var( --e-global-color-5d4cf0f ); background-color: var( --e-global-color-55f939f ); font-size: 1rem;\">Au d\u00eener, service de 19h \u00e0 21h30.<\/span><\/div>\n<div><span style=\"color: var( --e-global-color-5d4cf0f ); background-color: var( --e-global-color-55f939f ); font-size: 1rem;\">&nbsp;<\/span><\/div><\/div>\n<p><a href=\"https:\/\/widget.thefork.com\/fr\/4621b76f-0b8f-4d21-b011-bad68a5d8b52?utm_source=website&amp;step=date\" rel=\"nofollow noopener\" target=\"_blank\"><b>BUCHEN<\/b><\/a><\/p>\n<\/div>\n<div>\n<p><a href=\"https:\/\/www.margaret-hotelchouleur.com\/de\/restaurants\/restaurant-nimes\/\"><b>ENTDECKEN<\/b><\/a><\/p>\n<\/div>\t\t\t\t\t\t\t\t<\/div>\n\t\t\t\t<\/div>\n\t\t\t\t<div class=\"elementor-element elementor-element-ae2883e elementor-widget elementor-widget-spacer\" data-id=\"ae2883e\" data-element_type=\"widget\" data-e-type=\"widget\" data-widget_type=\"spacer.default\">\n\t\t\t\t<div class=\"elementor-widget-container\">\n\t\t\t\t\t\t\t<div class=\"elementor-spacer\">\n\t\t\t<div class=\"elementor-spacer-inner\"><\/div>\n\t\t<\/div>\n\t\t\t\t\t\t<\/div>\n\t\t\t\t<\/div>\n\t\t\t\t\t<\/div>\n\t\t<\/div>\n\t\t\t\t<div class=\"elementor-column elementor-col-50 elementor-top-column elementor-element elementor-element-16280fc6\" data-id=\"16280fc6\" data-element_type=\"column\" data-e-type=\"column\" data-settings=\"{&quot;background_background&quot;:&quot;classic&quot;}\">\n\t\t\t<div class=\"elementor-widget-wrap elementor-element-populated\">\n\t\t\t\t\t\t<div class=\"elementor-element elementor-element-6ddafba8 elementor-widget elementor-widget-spacer\" data-id=\"6ddafba8\" data-element_type=\"widget\" data-e-type=\"widget\" data-widget_type=\"spacer.default\">\n\t\t\t\t<div class=\"elementor-widget-container\">\n\t\t\t\t\t\t\t<div class=\"elementor-spacer\">\n\t\t\t<div class=\"elementor-spacer-inner\"><\/div>\n\t\t<\/div>\n\t\t\t\t\t\t<\/div>\n\t\t\t\t<\/div>\n\t\t\t\t<div class=\"elementor-element elementor-element-ec2fa5d elementor-widget elementor-widget-spacer\" data-id=\"ec2fa5d\" data-element_type=\"widget\" data-e-type=\"widget\" data-widget_type=\"spacer.default\">\n\t\t\t\t<div class=\"elementor-widget-container\">\n\t\t\t\t\t\t\t<div class=\"elementor-spacer\">\n\t\t\t<div class=\"elementor-spacer-inner\"><\/div>\n\t\t<\/div>\n\t\t\t\t\t\t<\/div>\n\t\t\t\t<\/div>\n\t\t\t\t\t<\/div>\n\t\t<\/div>\n\t\t\t\t\t<\/div>\n\t\t<\/section>\n\t\t\t\t<section class=\"elementor-section elementor-top-section elementor-element elementor-element-594da1c elementor-section-boxed elementor-section-height-default elementor-section-height-default\" data-id=\"594da1c\" data-element_type=\"section\" data-e-type=\"section\">\n\t\t\t\t\t\t<div class=\"elementor-container elementor-column-gap-default\">\n\t\t\t\t\t<div class=\"elementor-column elementor-col-50 elementor-top-column elementor-element elementor-element-5dad33e\" data-id=\"5dad33e\" data-element_type=\"column\" data-e-type=\"column\" data-settings=\"{&quot;background_background&quot;:&quot;classic&quot;}\">\n\t\t\t<div class=\"elementor-widget-wrap elementor-element-populated\">\n\t\t\t\t\t\t<div class=\"elementor-element elementor-element-d8fcd47 elementor-widget elementor-widget-spacer\" data-id=\"d8fcd47\" data-element_type=\"widget\" data-e-type=\"widget\" data-widget_type=\"spacer.default\">\n\t\t\t\t<div class=\"elementor-widget-container\">\n\t\t\t\t\t\t\t<div class=\"elementor-spacer\">\n\t\t\t<div class=\"elementor-spacer-inner\"><\/div>\n\t\t<\/div>\n\t\t\t\t\t\t<\/div>\n\t\t\t\t<\/div>\n\t\t\t\t<div class=\"elementor-element elementor-element-5f7357c elementor-widget elementor-widget-spacer\" data-id=\"5f7357c\" data-element_type=\"widget\" data-e-type=\"widget\" data-widget_type=\"spacer.default\">\n\t\t\t\t<div class=\"elementor-widget-container\">\n\t\t\t\t\t\t\t<div class=\"elementor-spacer\">\n\t\t\t<div class=\"elementor-spacer-inner\"><\/div>\n\t\t<\/div>\n\t\t\t\t\t\t<\/div>\n\t\t\t\t<\/div>\n\t\t\t\t\t<\/div>\n\t\t<\/div>\n\t\t\t\t<div class=\"elementor-column elementor-col-50 elementor-top-column elementor-element elementor-element-5464592\" data-id=\"5464592\" data-element_type=\"column\" data-e-type=\"column\" data-settings=\"{&quot;background_background&quot;:&quot;classic&quot;}\">\n\t\t\t<div class=\"elementor-widget-wrap elementor-element-populated\">\n\t\t\t\t\t\t<div class=\"elementor-element elementor-element-8f5de14 elementor-widget elementor-widget-spacer\" data-id=\"8f5de14\" data-element_type=\"widget\" data-e-type=\"widget\" data-widget_type=\"spacer.default\">\n\t\t\t\t<div class=\"elementor-widget-container\">\n\t\t\t\t\t\t\t<div class=\"elementor-spacer\">\n\t\t\t<div class=\"elementor-spacer-inner\"><\/div>\n\t\t<\/div>\n\t\t\t\t\t\t<\/div>\n\t\t\t\t<\/div>\n\t\t\t\t<div class=\"elementor-element elementor-element-1642d8c elementor-widget elementor-widget-heading\" data-id=\"1642d8c\" data-element_type=\"widget\" data-e-type=\"widget\" data-widget_type=\"heading.default\">\n\t\t\t\t<div class=\"elementor-widget-container\">\n\t\t\t\t\t<h2 class=\"elementor-heading-title elementor-size-default\">LE RESTAURANT \u00c9PH\u00c9M\u00c8RE<\/h2>\t\t\t\t<\/div>\n\t\t\t\t<\/div>\n\t\t\t\t<div class=\"elementor-element elementor-element-bf63544 elementor-widget-mobile__width-initial elementor-widget elementor-widget-image\" data-id=\"bf63544\" data-element_type=\"widget\" data-e-type=\"widget\" data-widget_type=\"image.default\">\n\t\t\t\t<div class=\"elementor-widget-container\">\n\t\t\t\t\t\t\t\t\t\t\t\t\t\t\t<img decoding=\"async\" width=\"800\" height=\"582\" src=\"https:\/\/www.margaret-hotelchouleur.com\/wp-content\/uploads\/2026\/04\/Sans-titre-2-1024x745.png\" class=\"attachment-large size-large wp-image-9638\" alt=\"\" srcset=\"https:\/\/www.margaret-hotelchouleur.com\/wp-content\/uploads\/2026\/04\/Sans-titre-2-1024x745.png 1024w, https:\/\/www.margaret-hotelchouleur.com\/wp-content\/uploads\/2026\/04\/Sans-titre-2-300x218.png 300w, https:\/\/www.margaret-hotelchouleur.com\/wp-content\/uploads\/2026\/04\/Sans-titre-2-768x559.png 768w, https:\/\/www.margaret-hotelchouleur.com\/wp-content\/uploads\/2026\/04\/Sans-titre-2-1536x1117.png 1536w, https:\/\/www.margaret-hotelchouleur.com\/wp-content\/uploads\/2026\/04\/Sans-titre-2-2048x1490.png 2048w, https:\/\/www.margaret-hotelchouleur.com\/wp-content\/uploads\/2026\/04\/Sans-titre-2-16x12.png 16w\" sizes=\"(max-width: 800px) 100vw, 800px\" \/>\t\t\t\t\t\t\t\t\t\t\t\t\t\t\t<\/div>\n\t\t\t\t<\/div>\n\t\t\t\t<div class=\"elementor-element elementor-element-0dc9751 elementor-widget elementor-widget-text-editor\" data-id=\"0dc9751\" data-element_type=\"widget\" data-e-type=\"widget\" data-widget_type=\"text-editor.default\">\n\t\t\t\t<div class=\"elementor-widget-container\">\n\t\t\t\t\t\t\t\t\t<div><strong>DU 17 AVRIL AU 20 SEPTEMBRE 2026,<\/strong><br><strong>FRAGONARD S&rsquo;INSTALLE<\/strong><\/div>\n<div><strong>AU MARGARET &#8211; H\u00d4TEL CHOULEUR.<\/strong><\/div>\n<div>&nbsp;<\/div>\n<div><span style=\"font-size: 1rem;\">Tous les jours de 8h \u00e0 19h.<\/span><\/div><div><span style=\"font-size: 1rem;\">Service de restauration du mardi au samedi,<\/span><br><span style=\"font-size: 1rem;\">de 12h \u00e0 14h puis d 19h30 \u00e0 21h30.<\/span><br><span style=\"font-size: 1rem;\">&nbsp;<\/span><\/div>\n<div><a href=\"https:\/\/widget.thefork.com\/fr\/e579abe9-5f72-4d3b-aa4a-9276669692d4?utm_source=website\" rel=\"nofollow noopener\" target=\"_blank\"><strong>BUCHEN<\/strong><\/a><\/div>\n<div>&nbsp;<\/div>\n<div><a href=\"https:\/\/www.margaret-hotelchouleur.com\/de\/restaurants\/cafe-fragonard\/\"><strong>ENTDECKEN<\/strong><\/a><\/div>\t\t\t\t\t\t\t\t<\/div>\n\t\t\t\t<\/div>\n\t\t\t\t<div class=\"elementor-element elementor-element-c7d90d4 elementor-widget elementor-widget-spacer\" data-id=\"c7d90d4\" data-element_type=\"widget\" data-e-type=\"widget\" data-widget_type=\"spacer.default\">\n\t\t\t\t<div class=\"elementor-widget-container\">\n\t\t\t\t\t\t\t<div class=\"elementor-spacer\">\n\t\t\t<div class=\"elementor-spacer-inner\"><\/div>\n\t\t<\/div>\n\t\t\t\t\t\t<\/div>\n\t\t\t\t<\/div>\n\t\t\t\t\t<\/div>\n\t\t<\/div>\n\t\t\t\t\t<\/div>\n\t\t<\/section>\n\t\t\t\t<section class=\"elementor-section elementor-top-section elementor-element elementor-element-b001149 elementor-section-boxed elementor-section-height-default elementor-section-height-default\" data-id=\"b001149\" data-element_type=\"section\" data-e-type=\"section\">\n\t\t\t\t\t\t<div class=\"elementor-container elementor-column-gap-default\">\n\t\t\t\t\t<div class=\"elementor-column elementor-col-50 elementor-top-column elementor-element elementor-element-831661a\" data-id=\"831661a\" data-element_type=\"column\" data-e-type=\"column\" data-settings=\"{&quot;background_background&quot;:&quot;classic&quot;}\">\n\t\t\t<div class=\"elementor-widget-wrap elementor-element-populated\">\n\t\t\t\t\t\t<div class=\"elementor-element elementor-element-82a5e96 elementor-widget elementor-widget-spacer\" data-id=\"82a5e96\" data-element_type=\"widget\" data-e-type=\"widget\" data-widget_type=\"spacer.default\">\n\t\t\t\t<div class=\"elementor-widget-container\">\n\t\t\t\t\t\t\t<div class=\"elementor-spacer\">\n\t\t\t<div class=\"elementor-spacer-inner\"><\/div>\n\t\t<\/div>\n\t\t\t\t\t\t<\/div>\n\t\t\t\t<\/div>\n\t\t\t\t<div class=\"elementor-element elementor-element-6a631ed elementor-widget elementor-widget-heading\" data-id=\"6a631ed\" data-element_type=\"widget\" data-e-type=\"widget\" data-widget_type=\"heading.default\">\n\t\t\t\t<div class=\"elementor-widget-container\">\n\t\t\t\t\t<h2 class=\"elementor-heading-title elementor-size-default\">DAS BISTROT<\/h2>\t\t\t\t<\/div>\n\t\t\t\t<\/div>\n\t\t\t\t<div class=\"elementor-element elementor-element-6e372b9 elementor-widget elementor-widget-image\" data-id=\"6e372b9\" data-element_type=\"widget\" data-e-type=\"widget\" data-widget_type=\"image.default\">\n\t\t\t\t<div class=\"elementor-widget-container\">\n\t\t\t\t\t\t\t\t\t\t\t\t\t\t\t<img loading=\"lazy\" decoding=\"async\" width=\"800\" height=\"278\" src=\"https:\/\/www.margaret-hotelchouleur.com\/wp-content\/uploads\/2024\/06\/LOGO-GIGI-03-1024x356.png\" class=\"attachment-large size-large wp-image-8425\" alt=\"\" srcset=\"https:\/\/www.margaret-hotelchouleur.com\/wp-content\/uploads\/2024\/06\/LOGO-GIGI-03-1024x356.png 1024w, https:\/\/www.margaret-hotelchouleur.com\/wp-content\/uploads\/2024\/06\/LOGO-GIGI-03-300x104.png 300w, https:\/\/www.margaret-hotelchouleur.com\/wp-content\/uploads\/2024\/06\/LOGO-GIGI-03-768x267.png 768w, https:\/\/www.margaret-hotelchouleur.com\/wp-content\/uploads\/2024\/06\/LOGO-GIGI-03-1536x534.png 1536w, https:\/\/www.margaret-hotelchouleur.com\/wp-content\/uploads\/2024\/06\/LOGO-GIGI-03-2048x713.png 2048w, https:\/\/www.margaret-hotelchouleur.com\/wp-content\/uploads\/2024\/06\/LOGO-GIGI-03-18x6.png 18w\" sizes=\"(max-width: 800px) 100vw, 800px\" \/>\t\t\t\t\t\t\t\t\t\t\t\t\t\t\t<\/div>\n\t\t\t\t<\/div>\n\t\t\t\t<div class=\"elementor-element elementor-element-8f49e8b elementor-widget elementor-widget-text-editor\" data-id=\"8f49e8b\" data-element_type=\"widget\" data-e-type=\"widget\" data-widget_type=\"text-editor.default\">\n\t\t\t\t<div class=\"elementor-widget-container\">\n\t\t\t\t\t\t\t\t\t<div class=\"x_elementToProof\"><strong>DU 17 AVRIL AU 20 SEPTEMBRE 2026 INCLUS,<\/strong><\/div>\n<div class=\"x_elementToProof\"><strong>GIGI LAISSE PLACE \u00c0 NOTRE \u00c9CRIN \u00c9PH\u00c9M\u00c8RE CAF\u00c9 FRAGONARD.<\/strong><\/div>\n<div>&nbsp;<\/div>\n<div class=\"x_elementToProof\">Au d\u00e9jeuner du mardi au samedi,<br>service de 12h \u00e0 14h.<\/div>\n<div class=\"x_elementToProof\">Au d\u00eener du mardi au samedi,<\/div>\n<div class=\"x_elementToProof\">service de 19h \u00e0 21h30.<\/div>\n<div>&nbsp;<\/div>\n<div><a href=\"https:\/\/widget.thefork.com\/fr\/e579abe9-5f72-4d3b-aa4a-9276669692d4?utm_source=website\" rel=\"nofollow noopener\" target=\"_blank\"><strong>BUCHEN<\/strong><\/a><\/div>\n<div>&nbsp;<\/div>\n<div><a href=\"https:\/\/www.margaret-hotelchouleur.com\/de\/restaurants\/bistrot\/\"><b>ENTDECKEN<\/b><\/a><\/div>\t\t\t\t\t\t\t\t<\/div>\n\t\t\t\t<\/div>\n\t\t\t\t<div class=\"elementor-element elementor-element-b03e78f elementor-widget elementor-widget-spacer\" data-id=\"b03e78f\" data-element_type=\"widget\" data-e-type=\"widget\" data-widget_type=\"spacer.default\">\n\t\t\t\t<div class=\"elementor-widget-container\">\n\t\t\t\t\t\t\t<div class=\"elementor-spacer\">\n\t\t\t<div class=\"elementor-spacer-inner\"><\/div>\n\t\t<\/div>\n\t\t\t\t\t\t<\/div>\n\t\t\t\t<\/div>\n\t\t\t\t\t<\/div>\n\t\t<\/div>\n\t\t\t\t<div class=\"elementor-column elementor-col-50 elementor-top-column elementor-element elementor-element-85157a3\" data-id=\"85157a3\" data-element_type=\"column\" data-e-type=\"column\" data-settings=\"{&quot;background_background&quot;:&quot;classic&quot;}\">\n\t\t\t<div class=\"elementor-widget-wrap elementor-element-populated\">\n\t\t\t\t\t\t<div class=\"elementor-element elementor-element-55c4492d elementor-widget elementor-widget-spacer\" data-id=\"55c4492d\" data-element_type=\"widget\" data-e-type=\"widget\" data-widget_type=\"spacer.default\">\n\t\t\t\t<div class=\"elementor-widget-container\">\n\t\t\t\t\t\t\t<div class=\"elementor-spacer\">\n\t\t\t<div class=\"elementor-spacer-inner\"><\/div>\n\t\t<\/div>\n\t\t\t\t\t\t<\/div>\n\t\t\t\t<\/div>\n\t\t\t\t<div class=\"elementor-element elementor-element-fcca479 elementor-widget elementor-widget-spacer\" data-id=\"fcca479\" data-element_type=\"widget\" data-e-type=\"widget\" data-widget_type=\"spacer.default\">\n\t\t\t\t<div class=\"elementor-widget-container\">\n\t\t\t\t\t\t\t<div class=\"elementor-spacer\">\n\t\t\t<div class=\"elementor-spacer-inner\"><\/div>\n\t\t<\/div>\n\t\t\t\t\t\t<\/div>\n\t\t\t\t<\/div>\n\t\t\t\t\t<\/div>\n\t\t<\/div>\n\t\t\t\t\t<\/div>\n\t\t<\/section>\n\t\t\t\t<\/div>","protected":false},"excerpt":{"rendered":"<p>les restaurants LE RESTAURANTGASTRONOMIQUE Du mardi au samedi au d\u00eener. Les jeudis, vendredis et samedis au d\u00e9jeuner. Au d\u00e9jeuner, service de 12h \u00e0 13h30. Au d\u00eener, service de 19h \u00e0 21h30. &nbsp; R\u00c9SERVER D\u00c9COUVRIR LE RESTAURANT \u00c9PH\u00c9M\u00c8RE DU 17 AVRIL AU 20 SEPTEMBRE 2026,FRAGONARD S&rsquo;INSTALLE AU MARGARET &#8211; H\u00d4TEL CHOULEUR. &nbsp; Tous les jours de [&hellip;]<\/p>\n","protected":false},"author":7,"featured_media":0,"parent":0,"menu_order":0,"comment_status":"closed","ping_status":"closed","template":"","meta":{"inline_featured_image":false,"footnotes":""},"class_list":["post-1168","page","type-page","status-publish","hentry"],"_links":{"self":[{"href":"https:\/\/www.margaret-hotelchouleur.com\/de\/wp-json\/wp\/v2\/pages\/1168","targetHints":{"allow":["GET"]}}],"collection":[{"href":"https:\/\/www.margaret-hotelchouleur.com\/de\/wp-json\/wp\/v2\/pages"}],"about":[{"href":"https:\/\/www.margaret-hotelchouleur.com\/de\/wp-json\/wp\/v2\/types\/page"}],"author":[{"embeddable":true,"href":"https:\/\/www.margaret-hotelchouleur.com\/de\/wp-json\/wp\/v2\/users\/7"}],"replies":[{"embeddable":true,"href":"https:\/\/www.margaret-hotelchouleur.com\/de\/wp-json\/wp\/v2\/comments?post=1168"}],"version-history":[{"count":428,"href":"https:\/\/www.margaret-hotelchouleur.com\/de\/wp-json\/wp\/v2\/pages\/1168\/revisions"}],"predecessor-version":[{"id":9734,"href":"https:\/\/www.margaret-hotelchouleur.com\/de\/wp-json\/wp\/v2\/pages\/1168\/revisions\/9734"}],"wp:attachment":[{"href":"https:\/\/www.margaret-hotelchouleur.com\/de\/wp-json\/wp\/v2\/media?parent=1168"}],"curies":[{"name":"wp","href":"https:\/\/api.w.org\/{rel}","templated":true}]}}