{"id":1219,"date":"2021-05-05T17:46:17","date_gmt":"2021-05-05T15:46:17","guid":{"rendered":"https:\/\/www.margaret-hotelchouleur.com\/?page_id=1219"},"modified":"2026-03-03T15:54:23","modified_gmt":"2026-03-03T14:54:23","slug":"bistrot","status":"publish","type":"page","link":"https:\/\/www.margaret-hotelchouleur.com\/de\/restaurants\/bistrot\/","title":{"rendered":"Bistro"},"content":{"rendered":"<div data-elementor-type=\"wp-page\" data-elementor-id=\"1219\" class=\"elementor elementor-1219\" data-elementor-post-type=\"page\">\n\t\t\t\t\t\t<section class=\"elementor-section elementor-top-section elementor-element elementor-element-a665478 elementor-section-boxed elementor-section-height-default elementor-section-height-default\" data-id=\"a665478\" data-element_type=\"section\" data-settings=\"{&quot;background_background&quot;:&quot;classic&quot;}\">\n\t\t\t\t\t\t\t<div class=\"elementor-background-overlay\"><\/div>\n\t\t\t\t\t\t\t<div class=\"elementor-container elementor-column-gap-default\">\n\t\t\t\t\t<div class=\"elementor-column elementor-col-100 elementor-top-column elementor-element elementor-element-7c95f24\" data-id=\"7c95f24\" data-element_type=\"column\" data-settings=\"{&quot;background_background&quot;:&quot;classic&quot;}\">\n\t\t\t<div class=\"elementor-widget-wrap elementor-element-populated\">\n\t\t\t\t\t\t<div class=\"elementor-element elementor-element-1dd03d8 elementor-widget elementor-widget-spacer\" data-id=\"1dd03d8\" data-element_type=\"widget\" data-widget_type=\"spacer.default\">\n\t\t\t\t<div class=\"elementor-widget-container\">\n\t\t\t\t\t\t\t<div class=\"elementor-spacer\">\n\t\t\t<div class=\"elementor-spacer-inner\"><\/div>\n\t\t<\/div>\n\t\t\t\t\t\t<\/div>\n\t\t\t\t<\/div>\n\t\t\t\t<div class=\"elementor-element elementor-element-c21d9f4 elementor-widget elementor-widget-image\" data-id=\"c21d9f4\" data-element_type=\"widget\" data-widget_type=\"image.default\">\n\t\t\t\t<div class=\"elementor-widget-container\">\n\t\t\t\t\t\t\t\t\t\t\t\t\t\t\t<img fetchpriority=\"high\" decoding=\"async\" width=\"800\" height=\"278\" src=\"https:\/\/www.margaret-hotelchouleur.com\/wp-content\/uploads\/2024\/06\/LOGO-GIGI-03-1024x356.png\" class=\"attachment-large size-large wp-image-8425\" alt=\"\" srcset=\"https:\/\/www.margaret-hotelchouleur.com\/wp-content\/uploads\/2024\/06\/LOGO-GIGI-03-1024x356.png 1024w, https:\/\/www.margaret-hotelchouleur.com\/wp-content\/uploads\/2024\/06\/LOGO-GIGI-03-300x104.png 300w, https:\/\/www.margaret-hotelchouleur.com\/wp-content\/uploads\/2024\/06\/LOGO-GIGI-03-768x267.png 768w, https:\/\/www.margaret-hotelchouleur.com\/wp-content\/uploads\/2024\/06\/LOGO-GIGI-03-1536x534.png 1536w, https:\/\/www.margaret-hotelchouleur.com\/wp-content\/uploads\/2024\/06\/LOGO-GIGI-03-2048x713.png 2048w, https:\/\/www.margaret-hotelchouleur.com\/wp-content\/uploads\/2024\/06\/LOGO-GIGI-03-18x6.png 18w\" sizes=\"(max-width: 800px) 100vw, 800px\" \/>\t\t\t\t\t\t\t\t\t\t\t\t\t\t\t<\/div>\n\t\t\t\t<\/div>\n\t\t\t\t<div class=\"elementor-element elementor-element-2199e09 elementor-widget elementor-widget-spacer\" data-id=\"2199e09\" data-element_type=\"widget\" data-widget_type=\"spacer.default\">\n\t\t\t\t<div class=\"elementor-widget-container\">\n\t\t\t\t\t\t\t<div class=\"elementor-spacer\">\n\t\t\t<div class=\"elementor-spacer-inner\"><\/div>\n\t\t<\/div>\n\t\t\t\t\t\t<\/div>\n\t\t\t\t<\/div>\n\t\t\t\t<div class=\"elementor-element elementor-element-99144a8 imagefloat elementor-hidden-tablet elementor-hidden-mobile elementor-view-default elementor-widget elementor-widget-icon\" data-id=\"99144a8\" data-element_type=\"widget\" data-widget_type=\"icon.default\">\n\t\t\t\t<div class=\"elementor-widget-container\">\n\t\t\t\t\t\t\t<div class=\"elementor-icon-wrapper\">\n\t\t\t<div class=\"elementor-icon\">\n\t\t\t<svg xmlns=\"http:\/\/www.w3.org\/2000\/svg\" xmlns:xlink=\"http:\/\/www.w3.org\/1999\/xlink\" id=\"Calque_1\" x=\"0px\" y=\"0px\" viewbox=\"0 0 147.97 75.59\" style=\"enable-background:new 0 0 147.97 75.59;\" xml:space=\"preserve\"><polyline style=\"fill:none;stroke:#FFFFFF;stroke-width:5;stroke-linecap:round;stroke-linejoin:round;stroke-miterlimit:10;\" points=\"  115.15,24.29 75.72,63.72 34.58,22.59 \"><\/polyline><\/svg>\t\t\t<\/div>\n\t\t<\/div>\n\t\t\t\t\t\t<\/div>\n\t\t\t\t<\/div>\n\t\t\t\t<div class=\"elementor-element elementor-element-9c242d5 elementor-widget elementor-widget-spacer\" data-id=\"9c242d5\" data-element_type=\"widget\" data-widget_type=\"spacer.default\">\n\t\t\t\t<div class=\"elementor-widget-container\">\n\t\t\t\t\t\t\t<div class=\"elementor-spacer\">\n\t\t\t<div class=\"elementor-spacer-inner\"><\/div>\n\t\t<\/div>\n\t\t\t\t\t\t<\/div>\n\t\t\t\t<\/div>\n\t\t\t\t\t<\/div>\n\t\t<\/div>\n\t\t\t\t\t<\/div>\n\t\t<\/section>\n\t\t\t\t<section class=\"elementor-section elementor-top-section elementor-element elementor-element-b5d2fed elementor-section-boxed elementor-section-height-default elementor-section-height-default\" data-id=\"b5d2fed\" data-element_type=\"section\" data-settings=\"{&quot;background_background&quot;:&quot;classic&quot;}\">\n\t\t\t\t\t\t<div class=\"elementor-container elementor-column-gap-default\">\n\t\t\t\t\t<div class=\"elementor-column elementor-col-50 elementor-top-column elementor-element elementor-element-d08f88a\" data-id=\"d08f88a\" data-element_type=\"column\" data-settings=\"{&quot;background_background&quot;:&quot;classic&quot;}\">\n\t\t\t<div class=\"elementor-widget-wrap elementor-element-populated\">\n\t\t\t\t\t\t<div class=\"elementor-element elementor-element-11ab78e elementor-widget elementor-widget-spacer\" data-id=\"11ab78e\" data-element_type=\"widget\" data-widget_type=\"spacer.default\">\n\t\t\t\t<div class=\"elementor-widget-container\">\n\t\t\t\t\t\t\t<div class=\"elementor-spacer\">\n\t\t\t<div class=\"elementor-spacer-inner\"><\/div>\n\t\t<\/div>\n\t\t\t\t\t\t<\/div>\n\t\t\t\t<\/div>\n\t\t\t\t<div class=\"elementor-element elementor-element-9e2120b elementor-widget elementor-widget-text-editor\" data-id=\"9e2120b\" data-element_type=\"widget\" data-widget_type=\"text-editor.default\">\n\t\t\t\t<div class=\"elementor-widget-container\">\n\t\t\t\t\t\t\t\t\t<p><strong>Boire,<\/strong><b> manger, partager.<\/b><\/p><p style=\"font-weight: 400;\">Wie ein Mantra, das man gerne skandiert, anwendet und w\u00f6rtlich nimmt oder f\u00fcr die Aufm\u00fcpfigsten abwandelt und umkehrt. Trinken, um zu beginnen, lokale oder anderswo ausgew\u00e4hlte Kanonen, Cocktails mit wohlbekannten und aufmunternden oder \u00fcberraschenden Geschmacksrichtungen. Essen, um fortzufahren, eine K\u00fcche mit mediterranen Aromen, aufgepeppt mit dem Geschmack von Reisen rund um die Welt, gro\u00dfz\u00fcgig, sonnengetr\u00e4nkt und farbenfroh. Vor allem aber wird geteilt. Zu zweit, zu zehnt oder in trauter Zweisamkeit werden die Teller in der Mitte des Tisches immer gr\u00f6\u00dfer und immer wieder neu gef\u00fcllt.\u00a0<\/p><p style=\"font-weight: 400;\">Wie eine Liebeserkl\u00e4rung an das riesige Gebiet des Mittelmeers hat der Chefkoch\u00a0<strong>Luka-Tao DEBENATH<\/strong> et son \u00e9quipe notamment compos\u00e9e de son adjoint <strong>Jody BERTELOOT<\/strong> und der Konditor-Chefin <strong>Auriane FOUGERAY<\/strong> die Gourmetpartitur eines Tisches, der anders ist als alle anderen. Eine ausgesprochen epikureische, schmackhafte und fr\u00f6hliche K\u00fcche, die man ohne M\u00e4\u00dfigung aufspie\u00dfen, aufspie\u00dfen, probieren, knabbern, verschlingen und sautieren kann.<\/p><p style=\"font-weight: 400;\">Mittags und abends, <strong>Valerie PENDINO<\/strong> und sein Team empfangen ihre G\u00e4ste wie zu Hause, verw\u00f6hnen sie und bewirten sie wie K\u00f6nige, wobei sie sich die M\u00fche machen, den G\u00e4sten mit Leidenschaft die Kanons vorzustellen, die den Rhythmus des Erlebnisses bestimmen werden.\u00a0<\/p><p style=\"font-weight: 400;\">Im Herzen des Speisesaals oder an sch\u00f6nen Tagen im Ehrenhof des Margaret - H\u00f4tel Chouleur genie\u00dft man die warme, sonnige und ungezwungene Atmosph\u00e4re und die geschmackvolle Playlist.<\/p><p style=\"font-weight: 400;\">Willkommen bei Gigi.<\/p><p><a href=\"https:\/\/www.calameo.com\/read\/007652990dc8a8767c1de\" rel=\"nofollow noopener\" target=\"_blank\"><strong>DIE AKTUELLE KARTE<\/strong><\/a><\/p>\t\t\t\t\t\t\t\t<\/div>\n\t\t\t\t<\/div>\n\t\t\t\t<div class=\"elementor-element elementor-element-c5b11a9 elementor-widget elementor-widget-image\" data-id=\"c5b11a9\" data-element_type=\"widget\" data-widget_type=\"image.default\">\n\t\t\t\t<div class=\"elementor-widget-container\">\n\t\t\t\t\t\t\t\t\t\t\t\t\t\t\t<img fetchpriority=\"high\" decoding=\"async\" width=\"800\" height=\"278\" src=\"https:\/\/www.margaret-hotelchouleur.com\/wp-content\/uploads\/2024\/06\/LOGO-GIGI-03-1024x356.png\" class=\"attachment-large size-large wp-image-8425\" alt=\"\" srcset=\"https:\/\/www.margaret-hotelchouleur.com\/wp-content\/uploads\/2024\/06\/LOGO-GIGI-03-1024x356.png 1024w, https:\/\/www.margaret-hotelchouleur.com\/wp-content\/uploads\/2024\/06\/LOGO-GIGI-03-300x104.png 300w, https:\/\/www.margaret-hotelchouleur.com\/wp-content\/uploads\/2024\/06\/LOGO-GIGI-03-768x267.png 768w, https:\/\/www.margaret-hotelchouleur.com\/wp-content\/uploads\/2024\/06\/LOGO-GIGI-03-1536x534.png 1536w, https:\/\/www.margaret-hotelchouleur.com\/wp-content\/uploads\/2024\/06\/LOGO-GIGI-03-2048x713.png 2048w, https:\/\/www.margaret-hotelchouleur.com\/wp-content\/uploads\/2024\/06\/LOGO-GIGI-03-18x6.png 18w\" sizes=\"(max-width: 800px) 100vw, 800px\" \/>\t\t\t\t\t\t\t\t\t\t\t\t\t\t\t<\/div>\n\t\t\t\t<\/div>\n\t\t\t\t<div class=\"elementor-element elementor-element-1713c76 elementor-widget-divider--view-line elementor-widget elementor-widget-divider\" data-id=\"1713c76\" data-element_type=\"widget\" data-widget_type=\"divider.default\">\n\t\t\t\t<div class=\"elementor-widget-container\">\n\t\t\t\t\t\t\t<div class=\"elementor-divider\">\n\t\t\t<span class=\"elementor-divider-separator\">\n\t\t\t\t\t\t<\/span>\n\t\t<\/div>\n\t\t\t\t\t\t<\/div>\n\t\t\t\t<\/div>\n\t\t\t\t<div class=\"elementor-element elementor-element-969bc44 elementor-widget elementor-widget-text-editor\" data-id=\"969bc44\" data-element_type=\"widget\" data-widget_type=\"text-editor.default\">\n\t\t\t\t<div class=\"elementor-widget-container\">\n\t\t\t\t\t\t\t\t\t<div class=\"x_elementToProof\">Gigi<\/div>\n<div class=\"x_elementToProof\">6, Rue Fresque<\/div>\n<div class=\"x_elementToProof\">30000 N\u00ceMES<\/div>\n<div class=\"x_elementToProof\">+334 48 27 08 00<\/div>\n<div class=\"x_elementToProof\">&nbsp;<\/div>\n<div>\n<div class=\"x_elementToProof\">Zum Mittagessen von Dienstag bis Samstag, Service von 12:00 bis 14:00 Uhr.<\/div>\n<div class=\"x_elementToProof\">Zum Abendessen von Dienstag bis Samstag, Bedienung von 19:00 bis 21:30 Uhr.<\/div><div class=\"x_elementToProof\"><br><\/div><div class=\"x_elementToProof\">Du mardi au vendredi, midi et soir, demandez le menu !<\/div><div class=\"x_elementToProof\">Entr\u00e9e + Plat ou Plat + Dessert 24\u20ac<\/div><div class=\"x_elementToProof\">Entr\u00e9e + Plat + Dessert 30\u20ac<\/div>\n<div class=\"x_elementToProof\">&nbsp;<\/div>\n<div class=\"x_elementToProof\"><span style=\"color: var( --e-global-color-5d4cf0f ); font-size: 1rem;\"><a href=\"https:\/\/widget.thefork.com\/fr\/e579abe9-5f72-4d3b-aa4a-9276669692d4?utm_source=website\" rel=\"nofollow noopener\" target=\"_blank\"><b>BUCHEN<\/b><\/a>&nbsp;<\/span><\/div>\n<\/div>\t\t\t\t\t\t\t\t<\/div>\n\t\t\t\t<\/div>\n\t\t\t\t<div class=\"elementor-element elementor-element-1987a3e elementor-widget elementor-widget-spacer\" data-id=\"1987a3e\" data-element_type=\"widget\" data-widget_type=\"spacer.default\">\n\t\t\t\t<div class=\"elementor-widget-container\">\n\t\t\t\t\t\t\t<div class=\"elementor-spacer\">\n\t\t\t<div class=\"elementor-spacer-inner\"><\/div>\n\t\t<\/div>\n\t\t\t\t\t\t<\/div>\n\t\t\t\t<\/div>\n\t\t\t\t\t<\/div>\n\t\t<\/div>\n\t\t\t\t<div class=\"elementor-column elementor-col-50 elementor-top-column elementor-element elementor-element-955962e\" data-id=\"955962e\" data-element_type=\"column\" data-settings=\"{&quot;background_background&quot;:&quot;classic&quot;}\">\n\t\t\t<div class=\"elementor-widget-wrap elementor-element-populated\">\n\t\t\t\t\t\t<div class=\"elementor-element elementor-element-accf5a4 elementor-widget elementor-widget-spacer\" data-id=\"accf5a4\" data-element_type=\"widget\" data-widget_type=\"spacer.default\">\n\t\t\t\t<div class=\"elementor-widget-container\">\n\t\t\t\t\t\t\t<div class=\"elementor-spacer\">\n\t\t\t<div class=\"elementor-spacer-inner\"><\/div>\n\t\t<\/div>\n\t\t\t\t\t\t<\/div>\n\t\t\t\t<\/div>\n\t\t\t\t\t<\/div>\n\t\t<\/div>\n\t\t\t\t\t<\/div>\n\t\t<\/section>\n\t\t\t\t<section class=\"elementor-section elementor-top-section elementor-element elementor-element-c0cde01 elementor-section-boxed elementor-section-height-default elementor-section-height-default\" data-id=\"c0cde01\" data-element_type=\"section\" data-settings=\"{&quot;background_background&quot;:&quot;classic&quot;}\">\n\t\t\t\t\t\t<div class=\"elementor-container elementor-column-gap-default\">\n\t\t\t\t\t<div class=\"elementor-column elementor-col-100 elementor-top-column elementor-element elementor-element-a8c8826\" data-id=\"a8c8826\" data-element_type=\"column\">\n\t\t\t<div class=\"elementor-widget-wrap elementor-element-populated\">\n\t\t\t\t\t\t<div class=\"elementor-element elementor-element-1683650 elementor-icon-list--layout-inline elementor-align-center elementor-widget__width-initial elementor-mobile-align-left elementor-list-item-link-full_width elementor-widget elementor-widget-icon-list\" data-id=\"1683650\" data-element_type=\"widget\" data-widget_type=\"icon-list.default\">\n\t\t\t\t<div class=\"elementor-widget-container\">\n\t\t\t\t\t\t\t<ul class=\"elementor-icon-list-items elementor-inline-items\">\n\t\t\t\t\t\t\t<li class=\"elementor-icon-list-item elementor-inline-item\">\n\t\t\t\t\t\t\t\t\t\t\t<a href=\"tel:04%2048%2027%2008%2001\">\n\n\t\t\t\t\t\t\t\t\t\t\t\t<span class=\"elementor-icon-list-icon\">\n\t\t\t\t\t\t\t<i aria-hidden=\"true\" class=\"fas fa-phone-alt\"><\/i>\t\t\t\t\t\t<\/span>\n\t\t\t\t\t\t\t\t\t\t<span class=\"elementor-icon-list-text\">04 48 27 08 00<\/span>\n\t\t\t\t\t\t\t\t\t\t\t<\/a>\n\t\t\t\t\t\t\t\t\t<\/li>\n\t\t\t\t\t\t\t\t<li class=\"elementor-icon-list-item elementor-inline-item\">\n\t\t\t\t\t\t\t\t\t\t\t<a href=\"mailto:rouge@margaret-hotelchouleur.com\">\n\n\t\t\t\t\t\t\t\t\t\t\t\t<span class=\"elementor-icon-list-icon\">\n\t\t\t\t\t\t\t<i aria-hidden=\"true\" class=\"fas fa-envelope\"><\/i>\t\t\t\t\t\t<\/span>\n\t\t\t\t\t\t\t\t\t\t<span class=\"elementor-icon-list-text\">reception@margaret-hotelchouleur.com<\/span>\n\t\t\t\t\t\t\t\t\t\t\t<\/a>\n\t\t\t\t\t\t\t\t\t<\/li>\n\t\t\t\t\t\t<\/ul>\n\t\t\t\t\t\t<\/div>\n\t\t\t\t<\/div>\n\t\t\t\t\t<\/div>\n\t\t<\/div>\n\t\t\t\t\t<\/div>\n\t\t<\/section>\n\t\t\t\t<section class=\"elementor-section elementor-top-section elementor-element elementor-element-38a39aed section-trois-buttons elementor-hidden-phone elementor-section-boxed elementor-section-height-default elementor-section-height-default\" data-id=\"38a39aed\" data-element_type=\"section\">\n\t\t\t\t\t\t<div class=\"elementor-container elementor-column-gap-default\">\n\t\t\t\t\t<div class=\"elementor-column elementor-col-100 elementor-top-column elementor-element elementor-element-47e96b16\" data-id=\"47e96b16\" data-element_type=\"column\">\n\t\t\t<div class=\"elementor-widget-wrap elementor-element-populated\">\n\t\t\t\t\t\t<div class=\"elementor-element elementor-element-3f762d99 elementor-widget__width-auto elementor-align-center bouton-rouge elementor-hidden-desktop elementor-hidden-tablet elementor-hidden-phone elementor-widget elementor-widget-button\" data-id=\"3f762d99\" data-element_type=\"widget\" data-widget_type=\"button.default\">\n\t\t\t\t<div class=\"elementor-widget-container\">\n\t\t\t\t\t\t\t\t\t<div class=\"elementor-button-wrapper\">\n\t\t\t\t\t<a class=\"elementor-button elementor-button-link elementor-size-sm\" href=\"https:\/\/bookings.zenchef.com\/results?rid=355309&#038;pid=1001\" target=\"_blank\" rel=\"nofollow noopener\">\n\t\t\t\t\t\t<span class=\"elementor-button-content-wrapper\">\n\t\t\t\t\t\t\t\t\t<span class=\"elementor-button-text\">Einen Tisch reservieren<\/span>\n\t\t\t\t\t<\/span>\n\t\t\t\t\t<\/a>\n\t\t\t\t<\/div>\n\t\t\t\t\t\t\t\t<\/div>\n\t\t\t\t<\/div>\n\t\t\t\t<div class=\"elementor-element elementor-element-3eb000f6 elementor-widget__width-auto bouton-bleu elementor-widget elementor-widget-button\" data-id=\"3eb000f6\" data-element_type=\"widget\" data-widget_type=\"button.default\">\n\t\t\t\t<div class=\"elementor-widget-container\">\n\t\t\t\t\t\t\t\t\t<div class=\"elementor-button-wrapper\">\n\t\t\t\t\t<a class=\"elementor-button elementor-button-link elementor-size-sm\" href=\"https:\/\/widget.thefork.com\/fr\/e579abe9-5f72-4d3b-aa4a-9276669692d4?utm_source=website\" rel=\"nofollow noopener\" target=\"_blank\">\n\t\t\t\t\t\t<span class=\"elementor-button-content-wrapper\">\n\t\t\t\t\t\t\t\t\t<span class=\"elementor-button-text\">Einen Tisch reservieren<\/span>\n\t\t\t\t\t<\/span>\n\t\t\t\t\t<\/a>\n\t\t\t\t<\/div>\n\t\t\t\t\t\t\t\t<\/div>\n\t\t\t\t<\/div>\n\t\t\t\t<div class=\"elementor-element elementor-element-62eeb81 elementor-widget__width-auto bouton-bleu elementor-widget elementor-widget-button\" data-id=\"62eeb81\" data-element_type=\"widget\" data-widget_type=\"button.default\">\n\t\t\t\t<div class=\"elementor-widget-container\">\n\t\t\t\t\t\t\t\t\t<div class=\"elementor-button-wrapper\">\n\t\t\t\t\t<a class=\"elementor-button elementor-button-link elementor-size-sm\" href=\"tel:+33%20(0)4%2048%2027%2008%2000\">\n\t\t\t\t\t\t<span class=\"elementor-button-content-wrapper\">\n\t\t\t\t\t\t\t\t\t<span class=\"elementor-button-text\"><i class=\"fas fa-phone-alt\"><\/i><\/span>\n\t\t\t\t\t<\/span>\n\t\t\t\t\t<\/a>\n\t\t\t\t<\/div>\n\t\t\t\t\t\t\t\t<\/div>\n\t\t\t\t<\/div>\n\t\t\t\t\t<\/div>\n\t\t<\/div>\n\t\t\t\t\t<\/div>\n\t\t<\/section>\n\t\t\t\t<\/div>","protected":false},"excerpt":{"rendered":"<p>Trinken, essen, teilen. Wie ein Mantra, das man gerne skandiert, anwendet und w\u00f6rtlich nimmt, oder auch abwandelt und umkehrt f\u00fcr die Aufm\u00fcpfigsten. Trinken, um zu beginnen, lokale oder anderswo ausgew\u00e4hlte Kanons, Cocktails mit wohlbekannten und tr\u00f6stenden oder \u00fcberraschenden Geschmacksrichtungen. Essen, um weiterzumachen, eine K\u00fcche mit mediterranen Aromen, aufgepeppt [...].<\/p>","protected":false},"author":7,"featured_media":0,"parent":1168,"menu_order":0,"comment_status":"closed","ping_status":"closed","template":"margaret.php","meta":{"inline_featured_image":false,"footnotes":""},"class_list":["post-1219","page","type-page","status-publish","hentry"],"_links":{"self":[{"href":"https:\/\/www.margaret-hotelchouleur.com\/de\/wp-json\/wp\/v2\/pages\/1219","targetHints":{"allow":["GET"]}}],"collection":[{"href":"https:\/\/www.margaret-hotelchouleur.com\/de\/wp-json\/wp\/v2\/pages"}],"about":[{"href":"https:\/\/www.margaret-hotelchouleur.com\/de\/wp-json\/wp\/v2\/types\/page"}],"author":[{"embeddable":true,"href":"https:\/\/www.margaret-hotelchouleur.com\/de\/wp-json\/wp\/v2\/users\/7"}],"replies":[{"embeddable":true,"href":"https:\/\/www.margaret-hotelchouleur.com\/de\/wp-json\/wp\/v2\/comments?post=1219"}],"version-history":[{"count":342,"href":"https:\/\/www.margaret-hotelchouleur.com\/de\/wp-json\/wp\/v2\/pages\/1219\/revisions"}],"predecessor-version":[{"id":9590,"href":"https:\/\/www.margaret-hotelchouleur.com\/de\/wp-json\/wp\/v2\/pages\/1219\/revisions\/9590"}],"up":[{"embeddable":true,"href":"https:\/\/www.margaret-hotelchouleur.com\/de\/wp-json\/wp\/v2\/pages\/1168"}],"wp:attachment":[{"href":"https:\/\/www.margaret-hotelchouleur.com\/de\/wp-json\/wp\/v2\/media?parent=1219"}],"curies":[{"name":"wp","href":"https:\/\/api.w.org\/{rel}","templated":true}]}}