{"id":4033,"date":"2021-06-09T00:21:03","date_gmt":"2021-06-08T22:21:03","guid":{"rendered":"https:\/\/www.margaret-hotelchouleur.com\/?page_id=4033"},"modified":"2024-04-25T09:55:37","modified_gmt":"2024-04-25T07:55:37","slug":"que-faire-en-camargue-3","status":"publish","type":"page","link":"https:\/\/www.margaret-hotelchouleur.com\/de\/visiter-nime\/que-faire-en-camargue-3\/","title":{"rendered":"Uz\u00e8s"},"content":{"rendered":"<div data-elementor-type=\"wp-page\" data-elementor-id=\"4033\" class=\"elementor elementor-4033\" data-elementor-post-type=\"page\">\n\t\t\t\t\t\t<section class=\"elementor-section elementor-top-section elementor-element elementor-element-229a0bf elementor-section-boxed elementor-section-height-default elementor-section-height-default\" data-id=\"229a0bf\" data-element_type=\"section\">\n\t\t\t\t\t\t<div class=\"elementor-container elementor-column-gap-default\">\n\t\t\t\t\t<div class=\"elementor-column elementor-col-100 elementor-top-column elementor-element elementor-element-94bb45c\" data-id=\"94bb45c\" data-element_type=\"column\" data-settings=\"{&quot;background_background&quot;:&quot;classic&quot;}\">\n\t\t\t<div class=\"elementor-widget-wrap elementor-element-populated\">\n\t\t\t\t\t\t<div class=\"elementor-element elementor-element-0e68c17 elementor-widget elementor-widget-spacer\" data-id=\"0e68c17\" data-element_type=\"widget\" data-widget_type=\"spacer.default\">\n\t\t\t\t<div class=\"elementor-widget-container\">\n\t\t\t\t\t\t\t<div class=\"elementor-spacer\">\n\t\t\t<div class=\"elementor-spacer-inner\"><\/div>\n\t\t<\/div>\n\t\t\t\t\t\t<\/div>\n\t\t\t\t<\/div>\n\t\t\t\t<div class=\"elementor-element elementor-element-eb0bf0e elementor-widget elementor-widget-heading\" data-id=\"eb0bf0e\" data-element_type=\"widget\" data-widget_type=\"heading.default\">\n\t\t\t\t<div class=\"elementor-widget-container\">\n\t\t\t\t\t<h1 class=\"elementor-heading-title elementor-size-default\">uzes besuchen <\/h1>\t\t\t\t<\/div>\n\t\t\t\t<\/div>\n\t\t\t\t<div class=\"elementor-element elementor-element-cedc565 elementor-widget elementor-widget-spacer\" data-id=\"cedc565\" data-element_type=\"widget\" data-widget_type=\"spacer.default\">\n\t\t\t\t<div class=\"elementor-widget-container\">\n\t\t\t\t\t\t\t<div class=\"elementor-spacer\">\n\t\t\t<div class=\"elementor-spacer-inner\"><\/div>\n\t\t<\/div>\n\t\t\t\t\t\t<\/div>\n\t\t\t\t<\/div>\n\t\t\t\t<div class=\"elementor-element elementor-element-dabd09f imagefloat elementor-hidden-tablet elementor-hidden-mobile elementor-view-default elementor-widget elementor-widget-icon\" data-id=\"dabd09f\" data-element_type=\"widget\" data-widget_type=\"icon.default\">\n\t\t\t\t<div class=\"elementor-widget-container\">\n\t\t\t\t\t\t\t<div class=\"elementor-icon-wrapper\">\n\t\t\t<div class=\"elementor-icon\">\n\t\t\t<svg xmlns=\"http:\/\/www.w3.org\/2000\/svg\" xmlns:xlink=\"http:\/\/www.w3.org\/1999\/xlink\" id=\"Calque_1\" x=\"0px\" y=\"0px\" viewbox=\"0 0 147.97 75.59\" style=\"enable-background:new 0 0 147.97 75.59;\" xml:space=\"preserve\"><polyline style=\"fill:none;stroke:#FFFFFF;stroke-width:5;stroke-linecap:round;stroke-linejoin:round;stroke-miterlimit:10;\" points=\"  115.15,24.29 75.72,63.72 34.58,22.59 \"><\/polyline><\/svg>\t\t\t<\/div>\n\t\t<\/div>\n\t\t\t\t\t\t<\/div>\n\t\t\t\t<\/div>\n\t\t\t\t\t<\/div>\n\t\t<\/div>\n\t\t\t\t\t<\/div>\n\t\t<\/section>\n\t\t\t\t<section class=\"elementor-section elementor-top-section elementor-element elementor-element-13ff91cc elementor-section-full_width elementor-section-height-default elementor-section-height-default\" data-id=\"13ff91cc\" data-element_type=\"section\" data-settings=\"{&quot;background_background&quot;:&quot;classic&quot;}\">\n\t\t\t\t\t\t<div class=\"elementor-container elementor-column-gap-no\">\n\t\t\t\t\t<div class=\"elementor-column elementor-col-100 elementor-top-column elementor-element elementor-element-afc87b4\" data-id=\"afc87b4\" data-element_type=\"column\">\n\t\t\t<div class=\"elementor-widget-wrap elementor-element-populated\">\n\t\t\t\t\t\t<section class=\"elementor-section elementor-inner-section elementor-element elementor-element-5c2d205d section-hmc monog-fond elementor-section-boxed elementor-section-height-default elementor-section-height-default\" data-id=\"5c2d205d\" data-element_type=\"section\">\n\t\t\t\t\t\t\t<div class=\"elementor-background-overlay\"><\/div>\n\t\t\t\t\t\t\t<div class=\"elementor-container elementor-column-gap-default\">\n\t\t\t\t\t<div class=\"elementor-column elementor-col-100 elementor-inner-column elementor-element elementor-element-6fa69cf5\" data-id=\"6fa69cf5\" data-element_type=\"column\">\n\t\t\t<div class=\"elementor-widget-wrap elementor-element-populated\">\n\t\t\t\t\t\t<div class=\"elementor-element elementor-element-6b175634 elementor-widget elementor-widget-text-editor\" data-id=\"6b175634\" data-element_type=\"widget\" data-widget_type=\"text-editor.default\">\n\t\t\t\t<div class=\"elementor-widget-container\">\n\t\t\t\t\t\t\t\t\t<p>Unter der Schirmherrschaft des majest\u00e4tischen Pont du Gard ist das Uz\u00e8ge mit seinen h\u00fcgeligen Landschaften mit toskanischen Akzenten mit seltenen Qualit\u00e4ten und dem angeborenen Talent ausgestattet, die Zeit anzuhalten. Nur 25 km von N\u00eemes entfernt bietet Uz\u00e8s, das erste Herzogtum Frankreichs mit dem Label \"Stadt der Kunst und Geschichte\", ein au\u00dfergew\u00f6hnliches Kulturerbe. Wenn man Uz\u00e8s betritt, reist man in der Zeit zur\u00fcck. Schlendern Sie durch seine mittelalterlichen Gassen und bewundern Sie die Architektur seiner Bauwerke. Sie befinden sich hier in einer geschichtstr\u00e4chtigen Stadt!<\/p>\n<p>Zuerst wurde sie von den R\u00f6mern besetzt: Sie zapften das Wasser aus dem Eure-Tal, das in Uz\u00e8s entspringt, an und leiteten es nach N\u00eemes weiter. Dazu bauten sie ein 49 km langes Aqu\u00e4dukt, dessen bekanntester Teil heute noch steht: Es handelt sich nat\u00fcrlich um die Pont du Gard. Ab dem 5. Jahrhundert entwickelte sich die Stadt zu einem m\u00e4chtigen Bistum: Die Di\u00f6zese Uz\u00e8s wurde in den folgenden Jahrhunderten zu einer der wichtigsten Di\u00f6zesen des Languedoc. Was das Wahrzeichen der Stadt betrifft, so handelt es sich um ihr Herzogtum. Uz\u00e8s war 1632 das erste Herzogtum Frankreichs und ist bis heute das \u00e4lteste noch existierende franz\u00f6sische Herzogtum.<\/p>\n<p>Nach Ihrer Ankunft sollten Sie zun\u00e4chst durch die mittelalterlichen Gassen schlendern, um die vielen Sehensw\u00fcrdigkeiten der Stadt und die zahlreichen Gesch\u00e4fte und Kunstgalerien in den alten Geb\u00e4uden zu entdecken. Z\u00f6gern Sie nicht, die Kathedrale Saint-Th\u00e9odorit und die Kirche Saint-Etienne zu betreten. Auch das Herzogtum kann besichtigt werden. Im Herzen der Stadt sollten Sie sich den mittelalterlichen Garten nicht entgehen lassen, der 1995 angelegt wurde, um die Tugenden und den Gebrauch von Pflanzen im Mittelalter zu veranschaulichen. Vergessen Sie nach Ihrem Spaziergang durch den Garten nicht, die 100 Stufen des K\u00f6nigsturms zu erklimmen, um einen Panoramablick auf die Stadt und ihre Umgebung zu genie\u00dfen.<\/p>\t\t\t\t\t\t\t\t<\/div>\n\t\t\t\t<\/div>\n\t\t\t\t\t<\/div>\n\t\t<\/div>\n\t\t\t\t\t<\/div>\n\t\t<\/section>\n\t\t\t\t\t<\/div>\n\t\t<\/div>\n\t\t\t\t\t<\/div>\n\t\t<\/section>\n\t\t\t\t<section class=\"elementor-section elementor-top-section elementor-element elementor-element-7b5e664 elementor-section-content-middle elementor-section-boxed elementor-section-height-default elementor-section-height-default\" data-id=\"7b5e664\" data-element_type=\"section\">\n\t\t\t\t\t\t<div class=\"elementor-container elementor-column-gap-default\">\n\t\t\t\t\t<div class=\"elementor-column elementor-col-100 elementor-top-column elementor-element elementor-element-72a42c0\" data-id=\"72a42c0\" data-element_type=\"column\" data-settings=\"{&quot;background_background&quot;:&quot;classic&quot;}\">\n\t\t\t<div class=\"elementor-widget-wrap elementor-element-populated\">\n\t\t\t\t\t\t<div class=\"elementor-element elementor-element-69bd72c elementor-nav-menu--dropdown-tablet elementor-nav-menu__text-align-aside elementor-nav-menu--toggle elementor-nav-menu--burger elementor-widget elementor-widget-nav-menu\" data-id=\"69bd72c\" data-element_type=\"widget\" data-settings=\"{&quot;layout&quot;:&quot;horizontal&quot;,&quot;submenu_icon&quot;:{&quot;value&quot;:&quot;&lt;i class=\\&quot;fas fa-caret-down\\&quot; aria-hidden=\\&quot;true\\&quot;&gt;&lt;\\\/i&gt;&quot;,&quot;library&quot;:&quot;fa-solid&quot;},&quot;toggle&quot;:&quot;burger&quot;}\" data-widget_type=\"nav-menu.default\">\n\t\t\t\t<div class=\"elementor-widget-container\">\n\t\t\t\t\t\t\t\t<nav aria-label=\"Men\u00fc\" class=\"elementor-nav-menu--main elementor-nav-menu__container elementor-nav-menu--layout-horizontal e--pointer-underline e--animation-fade\">\n\t\t\t\t<ul id=\"menu-1-69bd72c\" class=\"elementor-nav-menu\"><li class=\"menu-item menu-item-type-post_type menu-item-object-page menu-item-4053\"><a href=\"https:\/\/www.margaret-hotelchouleur.com\/de\/visiter-nime\/arenes-nimes\/\" class=\"elementor-item\">N\u00eemes<\/a><\/li>\n<li class=\"menu-item menu-item-type-post_type menu-item-object-page menu-item-4038\"><a href=\"https:\/\/www.margaret-hotelchouleur.com\/de\/visiter-nime\/que-faire-en-camargue-3\/\" class=\"elementor-item\">Uz\u00e8s<\/a><\/li>\n<li class=\"menu-item menu-item-type-post_type menu-item-object-page menu-item-4052\"><a href=\"https:\/\/www.margaret-hotelchouleur.com\/de\/visiter-nime\/le-pont-du-gard\/\" class=\"elementor-item\">Der Pont du Gard<\/a><\/li>\n<li class=\"menu-item menu-item-type-post_type menu-item-object-page menu-item-4051\"><a href=\"https:\/\/www.margaret-hotelchouleur.com\/de\/visiter-nime\/visiter-arles\/\" class=\"elementor-item\">Arles<\/a><\/li>\n<li class=\"menu-item menu-item-type-post_type menu-item-object-page menu-item-4050\"><a href=\"https:\/\/www.margaret-hotelchouleur.com\/de\/visiter-nime\/que-faire-en-camargue\/\" class=\"elementor-item\">Die Camargue<\/a><\/li>\n<li class=\"menu-item menu-item-type-post_type menu-item-object-page menu-item-4167\"><a href=\"https:\/\/www.margaret-hotelchouleur.com\/de\/visiter-nime\/que-faire-en-camargue-2\/\" class=\"elementor-item\">Die Cevennen<\/a><\/li>\n<\/ul>\t\t\t<\/nav>\n\t\t\t\t\t<div class=\"elementor-menu-toggle\" role=\"button\" tabindex=\"0\" aria-label=\"Men\u00fc Umschalter\" aria-expanded=\"false\">\n\t\t\t<i aria-hidden=\"true\" role=\"presentation\" class=\"elementor-menu-toggle__icon--open eicon-menu-bar\"><\/i><i aria-hidden=\"true\" role=\"presentation\" class=\"elementor-menu-toggle__icon--close eicon-close\"><\/i>\t\t<\/div>\n\t\t\t\t\t<nav class=\"elementor-nav-menu--dropdown elementor-nav-menu__container\" aria-hidden=\"true\">\n\t\t\t\t<ul id=\"menu-2-69bd72c\" class=\"elementor-nav-menu\"><li class=\"menu-item menu-item-type-post_type menu-item-object-page menu-item-4053\"><a href=\"https:\/\/www.margaret-hotelchouleur.com\/de\/visiter-nime\/arenes-nimes\/\" class=\"elementor-item\" tabindex=\"-1\">N\u00eemes<\/a><\/li>\n<li class=\"menu-item menu-item-type-post_type menu-item-object-page menu-item-4038\"><a href=\"https:\/\/www.margaret-hotelchouleur.com\/de\/visiter-nime\/que-faire-en-camargue-3\/\" class=\"elementor-item\" tabindex=\"-1\">Uz\u00e8s<\/a><\/li>\n<li class=\"menu-item menu-item-type-post_type menu-item-object-page menu-item-4052\"><a href=\"https:\/\/www.margaret-hotelchouleur.com\/de\/visiter-nime\/le-pont-du-gard\/\" class=\"elementor-item\" tabindex=\"-1\">Der Pont du Gard<\/a><\/li>\n<li class=\"menu-item menu-item-type-post_type menu-item-object-page menu-item-4051\"><a href=\"https:\/\/www.margaret-hotelchouleur.com\/de\/visiter-nime\/visiter-arles\/\" class=\"elementor-item\" tabindex=\"-1\">Arles<\/a><\/li>\n<li class=\"menu-item menu-item-type-post_type menu-item-object-page menu-item-4050\"><a href=\"https:\/\/www.margaret-hotelchouleur.com\/de\/visiter-nime\/que-faire-en-camargue\/\" class=\"elementor-item\" tabindex=\"-1\">Die Camargue<\/a><\/li>\n<li class=\"menu-item menu-item-type-post_type menu-item-object-page menu-item-4167\"><a href=\"https:\/\/www.margaret-hotelchouleur.com\/de\/visiter-nime\/que-faire-en-camargue-2\/\" class=\"elementor-item\" tabindex=\"-1\">Die Cevennen<\/a><\/li>\n<\/ul>\t\t\t<\/nav>\n\t\t\t\t\t\t<\/div>\n\t\t\t\t<\/div>\n\t\t\t\t\t<\/div>\n\t\t<\/div>\n\t\t\t\t\t<\/div>\n\t\t<\/section>\n\t\t\t\t<\/div>","protected":false},"excerpt":{"rendered":"<p>Besuchen Sie uzes Unter der Schirmherrschaft des majest\u00e4tischen Pont du Gard ist die Region Uz\u00e8ge mit ihren h\u00fcgeligen Landschaften mit toskanischen Akzenten mit seltenen Qualit\u00e4ten und dem angeborenen Talent ausgestattet, die Zeit anzuhalten. Nur 25 km von N\u00eemes entfernt bietet Uz\u00e8s, das erste Herzogtum Frankreichs mit dem Label \"Stadt der Kunst und Geschichte\", ein au\u00dfergew\u00f6hnliches Kulturerbe. Wenn Sie Uz\u00e8s betreten, [...].<\/p>","protected":false},"author":5,"featured_media":0,"parent":3981,"menu_order":0,"comment_status":"closed","ping_status":"closed","template":"","meta":{"inline_featured_image":false,"footnotes":""},"class_list":["post-4033","page","type-page","status-publish","hentry"],"_links":{"self":[{"href":"https:\/\/www.margaret-hotelchouleur.com\/de\/wp-json\/wp\/v2\/pages\/4033","targetHints":{"allow":["GET"]}}],"collection":[{"href":"https:\/\/www.margaret-hotelchouleur.com\/de\/wp-json\/wp\/v2\/pages"}],"about":[{"href":"https:\/\/www.margaret-hotelchouleur.com\/de\/wp-json\/wp\/v2\/types\/page"}],"author":[{"embeddable":true,"href":"https:\/\/www.margaret-hotelchouleur.com\/de\/wp-json\/wp\/v2\/users\/5"}],"replies":[{"embeddable":true,"href":"https:\/\/www.margaret-hotelchouleur.com\/de\/wp-json\/wp\/v2\/comments?post=4033"}],"version-history":[{"count":45,"href":"https:\/\/www.margaret-hotelchouleur.com\/de\/wp-json\/wp\/v2\/pages\/4033\/revisions"}],"predecessor-version":[{"id":8375,"href":"https:\/\/www.margaret-hotelchouleur.com\/de\/wp-json\/wp\/v2\/pages\/4033\/revisions\/8375"}],"up":[{"embeddable":true,"href":"https:\/\/www.margaret-hotelchouleur.com\/de\/wp-json\/wp\/v2\/pages\/3981"}],"wp:attachment":[{"href":"https:\/\/www.margaret-hotelchouleur.com\/de\/wp-json\/wp\/v2\/media?parent=4033"}],"curies":[{"name":"wp","href":"https:\/\/api.w.org\/{rel}","templated":true}]}}