{"id":4044,"date":"2021-06-09T00:26:36","date_gmt":"2021-06-08T22:26:36","guid":{"rendered":"https:\/\/www.margaret-hotelchouleur.com\/?page_id=4044"},"modified":"2024-04-25T09:57:06","modified_gmt":"2024-04-25T07:57:06","slug":"le-pont-du-gard","status":"publish","type":"page","link":"https:\/\/www.margaret-hotelchouleur.com\/de\/visiter-nime\/le-pont-du-gard\/","title":{"rendered":"Der Pont du Gard"},"content":{"rendered":"<div data-elementor-type=\"wp-page\" data-elementor-id=\"4044\" class=\"elementor elementor-4044\" data-elementor-post-type=\"page\">\n\t\t\t\t\t\t<section class=\"elementor-section elementor-top-section elementor-element elementor-element-18d31ec elementor-section-boxed elementor-section-height-default elementor-section-height-default\" data-id=\"18d31ec\" data-element_type=\"section\" data-e-type=\"section\">\n\t\t\t\t\t\t<div class=\"elementor-container elementor-column-gap-default\">\n\t\t\t\t\t<div class=\"elementor-column elementor-col-100 elementor-top-column elementor-element elementor-element-4f255a8\" data-id=\"4f255a8\" data-element_type=\"column\" data-e-type=\"column\" data-settings=\"{&quot;background_background&quot;:&quot;classic&quot;}\">\n\t\t\t<div class=\"elementor-widget-wrap elementor-element-populated\">\n\t\t\t\t\t<div class=\"elementor-background-overlay\"><\/div>\n\t\t\t\t\t\t<div class=\"elementor-element elementor-element-044b26a elementor-widget elementor-widget-spacer\" data-id=\"044b26a\" data-element_type=\"widget\" data-e-type=\"widget\" data-widget_type=\"spacer.default\">\n\t\t\t\t<div class=\"elementor-widget-container\">\n\t\t\t\t\t\t\t<div class=\"elementor-spacer\">\n\t\t\t<div class=\"elementor-spacer-inner\"><\/div>\n\t\t<\/div>\n\t\t\t\t\t\t<\/div>\n\t\t\t\t<\/div>\n\t\t\t\t<div class=\"elementor-element elementor-element-58616a2 elementor-widget elementor-widget-heading\" data-id=\"58616a2\" data-element_type=\"widget\" data-e-type=\"widget\" data-widget_type=\"heading.default\">\n\t\t\t\t<div class=\"elementor-widget-container\">\n\t\t\t\t\t<h1 class=\"elementor-heading-title elementor-size-default\">PONT DU GARD<\/h1>\t\t\t\t<\/div>\n\t\t\t\t<\/div>\n\t\t\t\t<div class=\"elementor-element elementor-element-aea915e elementor-widget elementor-widget-spacer\" data-id=\"aea915e\" data-element_type=\"widget\" data-e-type=\"widget\" data-widget_type=\"spacer.default\">\n\t\t\t\t<div class=\"elementor-widget-container\">\n\t\t\t\t\t\t\t<div class=\"elementor-spacer\">\n\t\t\t<div class=\"elementor-spacer-inner\"><\/div>\n\t\t<\/div>\n\t\t\t\t\t\t<\/div>\n\t\t\t\t<\/div>\n\t\t\t\t<div class=\"elementor-element elementor-element-11a941c imagefloat elementor-hidden-tablet elementor-hidden-mobile elementor-view-default elementor-widget elementor-widget-icon\" data-id=\"11a941c\" data-element_type=\"widget\" data-e-type=\"widget\" data-widget_type=\"icon.default\">\n\t\t\t\t<div class=\"elementor-widget-container\">\n\t\t\t\t\t\t\t<div class=\"elementor-icon-wrapper\">\n\t\t\t<div class=\"elementor-icon\">\n\t\t\t<svg xmlns=\"http:\/\/www.w3.org\/2000\/svg\" xmlns:xlink=\"http:\/\/www.w3.org\/1999\/xlink\" id=\"Calque_1\" x=\"0px\" y=\"0px\" viewbox=\"0 0 147.97 75.59\" style=\"enable-background:new 0 0 147.97 75.59;\" xml:space=\"preserve\"><polyline style=\"fill:none;stroke:#FFFFFF;stroke-width:5;stroke-linecap:round;stroke-linejoin:round;stroke-miterlimit:10;\" points=\"  115.15,24.29 75.72,63.72 34.58,22.59 \"><\/polyline><\/svg>\t\t\t<\/div>\n\t\t<\/div>\n\t\t\t\t\t\t<\/div>\n\t\t\t\t<\/div>\n\t\t\t\t\t<\/div>\n\t\t<\/div>\n\t\t\t\t\t<\/div>\n\t\t<\/section>\n\t\t\t\t<section class=\"elementor-section elementor-top-section elementor-element elementor-element-36ccc62c elementor-section-full_width elementor-section-height-default elementor-section-height-default\" data-id=\"36ccc62c\" data-element_type=\"section\" data-e-type=\"section\" data-settings=\"{&quot;background_background&quot;:&quot;classic&quot;}\">\n\t\t\t\t\t\t<div class=\"elementor-container elementor-column-gap-no\">\n\t\t\t\t\t<div class=\"elementor-column elementor-col-100 elementor-top-column elementor-element elementor-element-55c34f4d\" data-id=\"55c34f4d\" data-element_type=\"column\" data-e-type=\"column\">\n\t\t\t<div class=\"elementor-widget-wrap elementor-element-populated\">\n\t\t\t\t\t\t<section class=\"elementor-section elementor-inner-section elementor-element elementor-element-3ba69468 section-hmc monog-fond elementor-section-boxed elementor-section-height-default elementor-section-height-default\" data-id=\"3ba69468\" data-element_type=\"section\" data-e-type=\"section\">\n\t\t\t\t\t\t\t<div class=\"elementor-background-overlay\"><\/div>\n\t\t\t\t\t\t\t<div class=\"elementor-container elementor-column-gap-default\">\n\t\t\t\t\t<div class=\"elementor-column elementor-col-100 elementor-inner-column elementor-element elementor-element-4edcedb4\" data-id=\"4edcedb4\" data-element_type=\"column\" data-e-type=\"column\">\n\t\t\t<div class=\"elementor-widget-wrap elementor-element-populated\">\n\t\t\t\t\t\t<div class=\"elementor-element elementor-element-6876e25 elementor-widget elementor-widget-text-editor\" data-id=\"6876e25\" data-element_type=\"widget\" data-e-type=\"widget\" data-widget_type=\"text-editor.default\">\n\t\t\t\t<div class=\"elementor-widget-container\">\n\t\t\t\t\t\t\t\t\t<p><strong>Erbaut im 1. Jahrhundert n. Chr.<\/strong>. ist der Pont du Gard in der N\u00e4he von N\u00eemes zweifellos <strong>das spektakul\u00e4rste Kunstwerk des Aqu\u00e4dukts, das auf der Liste des UNESCO-Weltkulturerbes steht<\/strong>. Um das Tal des Gardon zu \u00fcberqueren, errichten die r\u00f6mischen Baumeister eine Br\u00fccke von au\u00dfergew\u00f6hnlicher Gr\u00f6\u00dfe. <strong>Mit einer H\u00f6he von 49 Metern ist sie die h\u00f6chste r\u00f6mische Aqu\u00e4duktbr\u00fccke der Welt.<\/strong> Er besteht aus drei \u00fcbereinander liegenden Bogenreihen (6 B\u00f6gen auf der ersten Ebene, 11 B\u00f6gen auf der zweiten Ebene und urspr\u00fcnglich 47 B\u00f6gen), was f\u00fcr die damalige Zeit ebenfalls eine \u00e4u\u00dferst seltene Errungenschaft darstellt. Schlie\u00dflich ist die Br\u00fccke auch aufgrund ihres hervorragenden Erhaltungszustands bemerkenswert, so dass sie heute als Meisterwerk des menschlichen Sch\u00f6pfergenies bewundert wird. Sie ist das einzige Beispiel einer antiken dreist\u00f6ckigen Br\u00fccke, die heute noch steht. Fast tausend M\u00e4nner arbeiteten an diesem kolossalen Bauwerk, das in nur f\u00fcnf Jahren fertiggestellt wurde.<\/p><p>Die im Jahr 2000 begonnene Operation Grand Site hat ihm seine urspr\u00fcngliche Umgebung zur\u00fcckgegeben, ohne Autoverkehr und ohne die Bauten, die sich in der Umgebung ausgebreitet hatten. Die Eintrittskarte f\u00fcr das Gel\u00e4nde berechtigt zum Zugang zu den Einrichtungen an beiden Ufern des Gardon.<\/p><p>Ein wundersch\u00f6ner unterirdischer Museumsbereich am linken Ufer der Br\u00fccke zeigt auf spielerische und p\u00e4dagogische Weise die spannende Geschichte des Baus des Aqu\u00e4dukts und seine Funktion in der Lebensweise zur Zeit der R\u00f6mer. Auf insgesamt 4500 m\u00b2 k\u00f6nnen Sie sich mithilfe von Filmen, Ausstellungen, virtuellen Rekonstruktionen usw. weiterbilden.<\/p><p><strong>\u00a0<\/strong>Von Juni bis August wird das tausendj\u00e4hrige Monument bei Einbruch der Dunkelheit beleuchtet, um dem Publikum einen wunderbaren Moment der Kontemplation zu bieten. Eine Arbeit voller Lichtperspektiven und Farben, in der grafische oder symbolische Bilder aufeinandertreffen, aufeinanderprallen, sich \u00fcberlagern und sich gegenseitig erz\u00e4hlen.<\/p>\t\t\t\t\t\t\t\t<\/div>\n\t\t\t\t<\/div>\n\t\t\t\t\t<\/div>\n\t\t<\/div>\n\t\t\t\t\t<\/div>\n\t\t<\/section>\n\t\t\t\t\t<\/div>\n\t\t<\/div>\n\t\t\t\t\t<\/div>\n\t\t<\/section>\n\t\t\t\t<section class=\"elementor-section elementor-top-section elementor-element elementor-element-a3a51f6 elementor-section-content-middle elementor-section-boxed elementor-section-height-default elementor-section-height-default\" data-id=\"a3a51f6\" data-element_type=\"section\" data-e-type=\"section\">\n\t\t\t\t\t\t<div class=\"elementor-container elementor-column-gap-default\">\n\t\t\t\t\t<div class=\"elementor-column elementor-col-100 elementor-top-column elementor-element elementor-element-6d187e8\" data-id=\"6d187e8\" data-element_type=\"column\" data-e-type=\"column\" data-settings=\"{&quot;background_background&quot;:&quot;classic&quot;}\">\n\t\t\t<div class=\"elementor-widget-wrap elementor-element-populated\">\n\t\t\t\t\t\t<div class=\"elementor-element elementor-element-f8284c6 elementor-nav-menu--dropdown-tablet elementor-nav-menu__text-align-aside elementor-nav-menu--toggle elementor-nav-menu--burger elementor-widget elementor-widget-nav-menu\" data-id=\"f8284c6\" data-element_type=\"widget\" data-e-type=\"widget\" data-settings=\"{&quot;layout&quot;:&quot;horizontal&quot;,&quot;submenu_icon&quot;:{&quot;value&quot;:&quot;&lt;i class=\\&quot;fas fa-caret-down\\&quot; aria-hidden=\\&quot;true\\&quot;&gt;&lt;\\\/i&gt;&quot;,&quot;library&quot;:&quot;fa-solid&quot;},&quot;toggle&quot;:&quot;burger&quot;}\" data-widget_type=\"nav-menu.default\">\n\t\t\t\t<div class=\"elementor-widget-container\">\n\t\t\t\t\t\t\t\t<nav aria-label=\"Men\u00fc\" class=\"elementor-nav-menu--main elementor-nav-menu__container elementor-nav-menu--layout-horizontal e--pointer-underline e--animation-fade\">\n\t\t\t\t<ul id=\"menu-1-f8284c6\" class=\"elementor-nav-menu\"><li class=\"menu-item menu-item-type-post_type menu-item-object-page menu-item-4053\"><a href=\"https:\/\/www.margaret-hotelchouleur.com\/de\/visiter-nime\/arenes-nimes\/\" class=\"elementor-item\">N\u00eemes<\/a><\/li>\n<li class=\"menu-item menu-item-type-post_type menu-item-object-page menu-item-4038\"><a href=\"https:\/\/www.margaret-hotelchouleur.com\/de\/visiter-nime\/que-faire-en-camargue-3\/\" class=\"elementor-item\">Uz\u00e8s<\/a><\/li>\n<li class=\"menu-item menu-item-type-post_type menu-item-object-page menu-item-4052\"><a href=\"https:\/\/www.margaret-hotelchouleur.com\/de\/visiter-nime\/le-pont-du-gard\/\" class=\"elementor-item\">Der Pont du Gard<\/a><\/li>\n<li class=\"menu-item menu-item-type-post_type menu-item-object-page menu-item-4051\"><a href=\"https:\/\/www.margaret-hotelchouleur.com\/de\/visiter-nime\/visiter-arles\/\" class=\"elementor-item\">Arles<\/a><\/li>\n<li class=\"menu-item menu-item-type-post_type menu-item-object-page menu-item-4050\"><a href=\"https:\/\/www.margaret-hotelchouleur.com\/de\/visiter-nime\/que-faire-en-camargue\/\" class=\"elementor-item\">Die Camargue<\/a><\/li>\n<li class=\"menu-item menu-item-type-post_type menu-item-object-page menu-item-4167\"><a href=\"https:\/\/www.margaret-hotelchouleur.com\/de\/visiter-nime\/que-faire-en-camargue-2\/\" class=\"elementor-item\">Die Cevennen<\/a><\/li>\n<\/ul>\t\t\t<\/nav>\n\t\t\t\t\t<div class=\"elementor-menu-toggle\" role=\"button\" tabindex=\"0\" aria-label=\"Men\u00fc Umschalter\" aria-expanded=\"false\">\n\t\t\t<i aria-hidden=\"true\" role=\"presentation\" class=\"elementor-menu-toggle__icon--open eicon-menu-bar\"><\/i><i aria-hidden=\"true\" role=\"presentation\" class=\"elementor-menu-toggle__icon--close eicon-close\"><\/i>\t\t<\/div>\n\t\t\t\t\t<nav class=\"elementor-nav-menu--dropdown elementor-nav-menu__container\" aria-hidden=\"true\">\n\t\t\t\t<ul id=\"menu-2-f8284c6\" class=\"elementor-nav-menu\"><li class=\"menu-item menu-item-type-post_type menu-item-object-page menu-item-4053\"><a href=\"https:\/\/www.margaret-hotelchouleur.com\/de\/visiter-nime\/arenes-nimes\/\" class=\"elementor-item\" tabindex=\"-1\">N\u00eemes<\/a><\/li>\n<li class=\"menu-item menu-item-type-post_type menu-item-object-page menu-item-4038\"><a href=\"https:\/\/www.margaret-hotelchouleur.com\/de\/visiter-nime\/que-faire-en-camargue-3\/\" class=\"elementor-item\" tabindex=\"-1\">Uz\u00e8s<\/a><\/li>\n<li class=\"menu-item menu-item-type-post_type menu-item-object-page menu-item-4052\"><a href=\"https:\/\/www.margaret-hotelchouleur.com\/de\/visiter-nime\/le-pont-du-gard\/\" class=\"elementor-item\" tabindex=\"-1\">Der Pont du Gard<\/a><\/li>\n<li class=\"menu-item menu-item-type-post_type menu-item-object-page menu-item-4051\"><a href=\"https:\/\/www.margaret-hotelchouleur.com\/de\/visiter-nime\/visiter-arles\/\" class=\"elementor-item\" tabindex=\"-1\">Arles<\/a><\/li>\n<li class=\"menu-item menu-item-type-post_type menu-item-object-page menu-item-4050\"><a href=\"https:\/\/www.margaret-hotelchouleur.com\/de\/visiter-nime\/que-faire-en-camargue\/\" class=\"elementor-item\" tabindex=\"-1\">Die Camargue<\/a><\/li>\n<li class=\"menu-item menu-item-type-post_type menu-item-object-page menu-item-4167\"><a href=\"https:\/\/www.margaret-hotelchouleur.com\/de\/visiter-nime\/que-faire-en-camargue-2\/\" class=\"elementor-item\" tabindex=\"-1\">Die Cevennen<\/a><\/li>\n<\/ul>\t\t\t<\/nav>\n\t\t\t\t\t\t<\/div>\n\t\t\t\t<\/div>\n\t\t\t\t\t<\/div>\n\t\t<\/div>\n\t\t\t\t\t<\/div>\n\t\t<\/section>\n\t\t\t\t<\/div>","protected":false},"excerpt":{"rendered":"<p>PONT DU GARD Construit au 1er si\u00e8cle apr\u00e8s J.-C., le Pont du Gard, \u00e0 proximit\u00e9 de N\u00eemes, est sans nul doute l\u2019ouvrage d\u2019art le plus spectaculaire de l\u2019aqueduc, inscrit sur la liste du patrimoine mondial de l\u2019UNESCO. Pour franchir la vall\u00e9e du Gardon, les constructeurs romains \u00e9difient un pont d\u2019une ampleur exceptionnelle. Avec ses 49 [&hellip;]<\/p>\n","protected":false},"author":5,"featured_media":0,"parent":3981,"menu_order":0,"comment_status":"closed","ping_status":"closed","template":"","meta":{"inline_featured_image":false,"footnotes":""},"class_list":["post-4044","page","type-page","status-publish","hentry"],"_links":{"self":[{"href":"https:\/\/www.margaret-hotelchouleur.com\/de\/wp-json\/wp\/v2\/pages\/4044","targetHints":{"allow":["GET"]}}],"collection":[{"href":"https:\/\/www.margaret-hotelchouleur.com\/de\/wp-json\/wp\/v2\/pages"}],"about":[{"href":"https:\/\/www.margaret-hotelchouleur.com\/de\/wp-json\/wp\/v2\/types\/page"}],"author":[{"embeddable":true,"href":"https:\/\/www.margaret-hotelchouleur.com\/de\/wp-json\/wp\/v2\/users\/5"}],"replies":[{"embeddable":true,"href":"https:\/\/www.margaret-hotelchouleur.com\/de\/wp-json\/wp\/v2\/comments?post=4044"}],"version-history":[{"count":32,"href":"https:\/\/www.margaret-hotelchouleur.com\/de\/wp-json\/wp\/v2\/pages\/4044\/revisions"}],"predecessor-version":[{"id":8378,"href":"https:\/\/www.margaret-hotelchouleur.com\/de\/wp-json\/wp\/v2\/pages\/4044\/revisions\/8378"}],"up":[{"embeddable":true,"href":"https:\/\/www.margaret-hotelchouleur.com\/de\/wp-json\/wp\/v2\/pages\/3981"}],"wp:attachment":[{"href":"https:\/\/www.margaret-hotelchouleur.com\/de\/wp-json\/wp\/v2\/media?parent=4044"}],"curies":[{"name":"wp","href":"https:\/\/api.w.org\/{rel}","templated":true}]}}