{"id":9146,"date":"2025-08-22T13:55:10","date_gmt":"2025-08-22T11:55:10","guid":{"rendered":"https:\/\/www.margaret-hotelchouleur.com\/?page_id=9146"},"modified":"2025-08-22T14:04:42","modified_gmt":"2025-08-22T12:04:42","slug":"le-boudoir-de-margaret","status":"publish","type":"page","link":"https:\/\/www.margaret-hotelchouleur.com\/de\/le-boudoir-de-margaret\/","title":{"rendered":"Margarets Boudoir"},"content":{"rendered":"<div data-elementor-type=\"wp-page\" data-elementor-id=\"9146\" class=\"elementor elementor-9146\" data-elementor-post-type=\"page\">\n\t\t\t\t\t\t<section class=\"elementor-section elementor-top-section elementor-element elementor-element-e00fee8 elementor-section-boxed elementor-section-height-default elementor-section-height-default\" data-id=\"e00fee8\" data-element_type=\"section\">\n\t\t\t\t\t\t<div class=\"elementor-container elementor-column-gap-default\">\n\t\t\t\t\t<div class=\"elementor-column elementor-col-100 elementor-top-column elementor-element elementor-element-9cbcc76\" data-id=\"9cbcc76\" data-element_type=\"column\" data-settings=\"{&quot;background_background&quot;:&quot;classic&quot;}\">\n\t\t\t<div class=\"elementor-widget-wrap elementor-element-populated\">\n\t\t\t\t\t\t<div class=\"elementor-element elementor-element-3e16cd3 elementor-widget elementor-widget-spacer\" data-id=\"3e16cd3\" data-element_type=\"widget\" data-widget_type=\"spacer.default\">\n\t\t\t\t<div class=\"elementor-widget-container\">\n\t\t\t\t\t\t\t<div class=\"elementor-spacer\">\n\t\t\t<div class=\"elementor-spacer-inner\"><\/div>\n\t\t<\/div>\n\t\t\t\t\t\t<\/div>\n\t\t\t\t<\/div>\n\t\t\t\t<div class=\"elementor-element elementor-element-c2b0f58 elementor-widget elementor-widget-heading\" data-id=\"c2b0f58\" data-element_type=\"widget\" data-settings=\"{&quot;_animation_mobile&quot;:&quot;none&quot;}\" data-widget_type=\"heading.default\">\n\t\t\t\t<div class=\"elementor-widget-container\">\n\t\t\t\t\t<h1 class=\"elementor-heading-title elementor-size-default\">DAS BOUDOIR VON MARGARET<\/h1>\t\t\t\t<\/div>\n\t\t\t\t<\/div>\n\t\t\t\t<div class=\"elementor-element elementor-element-543c58d elementor-widget__width-initial elementor-widget elementor-widget-image\" data-id=\"543c58d\" data-element_type=\"widget\" data-widget_type=\"image.default\">\n\t\t\t\t<div class=\"elementor-widget-container\">\n\t\t\t\t\t\t\t\t\t\t\t\t\t\t\t<img fetchpriority=\"high\" decoding=\"async\" width=\"800\" height=\"463\" src=\"https:\/\/www.margaret-hotelchouleur.com\/wp-content\/uploads\/2025\/08\/FRAGONARD-GRASSE-PARFUMEUR-LOGOTYPE-NOIR-new-2-1024x593.png\" class=\"attachment-large size-large wp-image-9147\" alt=\"\" srcset=\"https:\/\/www.margaret-hotelchouleur.com\/wp-content\/uploads\/2025\/08\/FRAGONARD-GRASSE-PARFUMEUR-LOGOTYPE-NOIR-new-2-1024x593.png 1024w, https:\/\/www.margaret-hotelchouleur.com\/wp-content\/uploads\/2025\/08\/FRAGONARD-GRASSE-PARFUMEUR-LOGOTYPE-NOIR-new-2-300x174.png 300w, https:\/\/www.margaret-hotelchouleur.com\/wp-content\/uploads\/2025\/08\/FRAGONARD-GRASSE-PARFUMEUR-LOGOTYPE-NOIR-new-2-768x445.png 768w, https:\/\/www.margaret-hotelchouleur.com\/wp-content\/uploads\/2025\/08\/FRAGONARD-GRASSE-PARFUMEUR-LOGOTYPE-NOIR-new-2-18x10.png 18w, https:\/\/www.margaret-hotelchouleur.com\/wp-content\/uploads\/2025\/08\/FRAGONARD-GRASSE-PARFUMEUR-LOGOTYPE-NOIR-new-2.png 1491w\" sizes=\"(max-width: 800px) 100vw, 800px\" \/>\t\t\t\t\t\t\t\t\t\t\t\t\t\t\t<\/div>\n\t\t\t\t<\/div>\n\t\t\t\t<div class=\"elementor-element elementor-element-3b5c312 elementor-widget elementor-widget-spacer\" data-id=\"3b5c312\" data-element_type=\"widget\" data-widget_type=\"spacer.default\">\n\t\t\t\t<div class=\"elementor-widget-container\">\n\t\t\t\t\t\t\t<div class=\"elementor-spacer\">\n\t\t\t<div class=\"elementor-spacer-inner\"><\/div>\n\t\t<\/div>\n\t\t\t\t\t\t<\/div>\n\t\t\t\t<\/div>\n\t\t\t\t\t<\/div>\n\t\t<\/div>\n\t\t\t\t\t<\/div>\n\t\t<\/section>\n\t\t\t\t<section class=\"elementor-section elementor-top-section elementor-element elementor-element-3d5c21b elementor-section-boxed elementor-section-height-default elementor-section-height-default\" data-id=\"3d5c21b\" data-element_type=\"section\">\n\t\t\t\t\t\t<div class=\"elementor-container elementor-column-gap-default\">\n\t\t\t\t\t<div class=\"elementor-column elementor-col-50 elementor-top-column elementor-element elementor-element-975e7a2\" data-id=\"975e7a2\" data-element_type=\"column\" data-settings=\"{&quot;background_background&quot;:&quot;classic&quot;}\">\n\t\t\t<div class=\"elementor-widget-wrap elementor-element-populated\">\n\t\t\t\t\t\t<div class=\"elementor-element elementor-element-437667d elementor-widget elementor-widget-spacer\" data-id=\"437667d\" data-element_type=\"widget\" data-widget_type=\"spacer.default\">\n\t\t\t\t<div class=\"elementor-widget-container\">\n\t\t\t\t\t\t\t<div class=\"elementor-spacer\">\n\t\t\t<div class=\"elementor-spacer-inner\"><\/div>\n\t\t<\/div>\n\t\t\t\t\t\t<\/div>\n\t\t\t\t<\/div>\n\t\t\t\t<div class=\"elementor-element elementor-element-0d1bffb elementor-widget elementor-widget-heading\" data-id=\"0d1bffb\" data-element_type=\"widget\" data-widget_type=\"heading.default\">\n\t\t\t\t<div class=\"elementor-widget-container\">\n\t\t\t\t\t<h2 class=\"elementor-heading-title elementor-size-default\">EINE BLASE DES WOHLBEFINDENS\nUND SANFTHEIT IM HERZEN UNSERES WOHNSITZES<\/h2>\t\t\t\t<\/div>\n\t\t\t\t<\/div>\n\t\t\t\t<div class=\"elementor-element elementor-element-29fab4c elementor-widget elementor-widget-spacer\" data-id=\"29fab4c\" data-element_type=\"widget\" data-widget_type=\"spacer.default\">\n\t\t\t\t<div class=\"elementor-widget-container\">\n\t\t\t\t\t\t\t<div class=\"elementor-spacer\">\n\t\t\t<div class=\"elementor-spacer-inner\"><\/div>\n\t\t<\/div>\n\t\t\t\t\t\t<\/div>\n\t\t\t\t<\/div>\n\t\t\t\t<div class=\"elementor-element elementor-element-f1ed8da elementor-widget elementor-widget-text-editor\" data-id=\"f1ed8da\" data-element_type=\"widget\" data-widget_type=\"text-editor.default\">\n\t\t\t\t<div class=\"elementor-widget-container\">\n\t\t\t\t\t\t\t\t\t<p>Eine Einladung zur Entspannung und Gelassenheit, um wieder ins Gleichgewicht zu kommen, im Herzen des Margaret - H\u00f4tel Chouleur. Entdecken Sie unsere ma\u00dfgeschneiderten Massagen und Behandlungen und geben Sie sich den erfahrenen H\u00e4nden unserer Praktiker hin. Ob allein oder zu zweit, genie\u00dfen Sie einen Moment der Flucht aus dem Alltag, ein wahres Entspannungserlebnis, mit der Komplizenschaft des Hauses Fragonard.<\/p><p>T\u00e4glich von 10:00 bis 20:00 Uhr.<\/p><p>Nach vorheriger Anmeldung mindestens 24 Stunden im Voraus bei unserem Rezeptionsteam.<\/p>\t\t\t\t\t\t\t\t<\/div>\n\t\t\t\t<\/div>\n\t\t\t\t<div class=\"elementor-element elementor-element-b937659 elementor-widget__width-initial elementor-widget elementor-widget-heading\" data-id=\"b937659\" data-element_type=\"widget\" data-widget_type=\"heading.default\">\n\t\t\t\t<div class=\"elementor-widget-container\">\n\t\t\t\t\t<h2 class=\"elementor-heading-title elementor-size-default\"><a href=\"https:\/\/www.calameo.com\/read\/0076529907407787e794d\" rel=\"nofollow noopener\" target=\"_blank\">die Karte<\/a><\/h2>\t\t\t\t<\/div>\n\t\t\t\t<\/div>\n\t\t\t\t<div class=\"elementor-element elementor-element-6f8bceb elementor-widget elementor-widget-spacer\" data-id=\"6f8bceb\" data-element_type=\"widget\" data-widget_type=\"spacer.default\">\n\t\t\t\t<div class=\"elementor-widget-container\">\n\t\t\t\t\t\t\t<div class=\"elementor-spacer\">\n\t\t\t<div class=\"elementor-spacer-inner\"><\/div>\n\t\t<\/div>\n\t\t\t\t\t\t<\/div>\n\t\t\t\t<\/div>\n\t\t\t\t<div class=\"elementor-element elementor-element-d5c890a elementor-widget__width-initial elementor-widget elementor-widget-heading\" data-id=\"d5c890a\" data-element_type=\"widget\" data-widget_type=\"heading.default\">\n\t\t\t\t<div class=\"elementor-widget-container\">\n\t\t\t\t\t<h2 class=\"elementor-heading-title elementor-size-default\"><a href=\"https:\/\/widget.treatwell.fr\/salon\/margaret-hotel-chouleur\/\" rel=\"nofollow noopener\" target=\"_blank\">BUCHEN<\/a><\/h2>\t\t\t\t<\/div>\n\t\t\t\t<\/div>\n\t\t\t\t<div class=\"elementor-element elementor-element-363e3c3 elementor-widget elementor-widget-spacer\" data-id=\"363e3c3\" data-element_type=\"widget\" data-widget_type=\"spacer.default\">\n\t\t\t\t<div class=\"elementor-widget-container\">\n\t\t\t\t\t\t\t<div class=\"elementor-spacer\">\n\t\t\t<div class=\"elementor-spacer-inner\"><\/div>\n\t\t<\/div>\n\t\t\t\t\t\t<\/div>\n\t\t\t\t<\/div>\n\t\t\t\t\t<\/div>\n\t\t<\/div>\n\t\t\t\t<div class=\"elementor-column elementor-col-50 elementor-top-column elementor-element elementor-element-12ce358\" data-id=\"12ce358\" data-element_type=\"column\" data-settings=\"{&quot;background_background&quot;:&quot;classic&quot;}\">\n\t\t\t<div class=\"elementor-widget-wrap elementor-element-populated\">\n\t\t\t\t\t\t<div class=\"elementor-element elementor-element-e832439 elementor-widget elementor-widget-spacer\" data-id=\"e832439\" data-element_type=\"widget\" data-widget_type=\"spacer.default\">\n\t\t\t\t<div class=\"elementor-widget-container\">\n\t\t\t\t\t\t\t<div class=\"elementor-spacer\">\n\t\t\t<div class=\"elementor-spacer-inner\"><\/div>\n\t\t<\/div>\n\t\t\t\t\t\t<\/div>\n\t\t\t\t<\/div>\n\t\t\t\t\t<\/div>\n\t\t<\/div>\n\t\t\t\t\t<\/div>\n\t\t<\/section>\n\t\t\t\t<\/div>","protected":false},"excerpt":{"rendered":"<p>LE BOUDOIR DE MARGARET EINE BULLE DES WOHLBEFINDENS UND DER SANFTHEIT IM HERZEN UNSERES HAUSES Eine Einladung zur Entspannung und Gelassenheit, um das Gleichgewicht wiederzufinden, im Herzen des Margaret - H\u00f4tel Chouleur. Entdecken Sie unsere ma\u00dfgeschneiderten Massagen und Behandlungen und geben Sie sich den erfahrenen H\u00e4nden unserer Praktiker hin. Ob allein oder zu zweit, genie\u00dfen Sie eine [...]]<\/p>","protected":false},"author":11,"featured_media":0,"parent":0,"menu_order":0,"comment_status":"closed","ping_status":"closed","template":"","meta":{"inline_featured_image":false,"footnotes":""},"class_list":["post-9146","page","type-page","status-publish","hentry"],"_links":{"self":[{"href":"https:\/\/www.margaret-hotelchouleur.com\/de\/wp-json\/wp\/v2\/pages\/9146","targetHints":{"allow":["GET"]}}],"collection":[{"href":"https:\/\/www.margaret-hotelchouleur.com\/de\/wp-json\/wp\/v2\/pages"}],"about":[{"href":"https:\/\/www.margaret-hotelchouleur.com\/de\/wp-json\/wp\/v2\/types\/page"}],"author":[{"embeddable":true,"href":"https:\/\/www.margaret-hotelchouleur.com\/de\/wp-json\/wp\/v2\/users\/11"}],"replies":[{"embeddable":true,"href":"https:\/\/www.margaret-hotelchouleur.com\/de\/wp-json\/wp\/v2\/comments?post=9146"}],"version-history":[{"count":11,"href":"https:\/\/www.margaret-hotelchouleur.com\/de\/wp-json\/wp\/v2\/pages\/9146\/revisions"}],"predecessor-version":[{"id":9163,"href":"https:\/\/www.margaret-hotelchouleur.com\/de\/wp-json\/wp\/v2\/pages\/9146\/revisions\/9163"}],"wp:attachment":[{"href":"https:\/\/www.margaret-hotelchouleur.com\/de\/wp-json\/wp\/v2\/media?parent=9146"}],"curies":[{"name":"wp","href":"https:\/\/api.w.org\/{rel}","templated":true}]}}