{"id":9366,"date":"2026-01-08T12:20:21","date_gmt":"2026-01-08T11:20:21","guid":{"rendered":"https:\/\/www.margaret-hotelchouleur.com\/?page_id=9366"},"modified":"2026-03-02T10:11:05","modified_gmt":"2026-03-02T09:11:05","slug":"nosevenements","status":"publish","type":"page","link":"https:\/\/www.margaret-hotelchouleur.com\/de\/nosevenements\/","title":{"rendered":"\u00c9v\u00e8nements"},"content":{"rendered":"<div data-elementor-type=\"wp-page\" data-elementor-id=\"9366\" class=\"elementor elementor-9366\" data-elementor-post-type=\"page\">\n\t\t\t\t\t\t<section class=\"elementor-section elementor-top-section elementor-element elementor-element-237bbf0 elementor-section-boxed elementor-section-height-default elementor-section-height-default\" data-id=\"237bbf0\" data-element_type=\"section\" data-settings=\"{&quot;background_background&quot;:&quot;classic&quot;}\">\n\t\t\t\t\t\t<div class=\"elementor-container elementor-column-gap-default\">\n\t\t\t\t\t<div class=\"elementor-column elementor-col-100 elementor-top-column elementor-element elementor-element-8997777\" data-id=\"8997777\" data-element_type=\"column\">\n\t\t\t<div class=\"elementor-widget-wrap elementor-element-populated\">\n\t\t\t\t\t\t<div class=\"elementor-element elementor-element-e65b059 elementor-widget elementor-widget-spacer\" data-id=\"e65b059\" data-element_type=\"widget\" data-widget_type=\"spacer.default\">\n\t\t\t\t<div class=\"elementor-widget-container\">\n\t\t\t\t\t\t\t<div class=\"elementor-spacer\">\n\t\t\t<div class=\"elementor-spacer-inner\"><\/div>\n\t\t<\/div>\n\t\t\t\t\t\t<\/div>\n\t\t\t\t<\/div>\n\t\t\t\t<div class=\"elementor-element elementor-element-c2b0f58 elementor-widget elementor-widget-heading\" data-id=\"c2b0f58\" data-element_type=\"widget\" data-settings=\"{&quot;_animation_mobile&quot;:&quot;none&quot;}\" data-widget_type=\"heading.default\">\n\t\t\t\t<div class=\"elementor-widget-container\">\n\t\t\t\t\t<h1 class=\"elementor-heading-title elementor-size-default\">LES \u00c9V\u00c8NEMENTS<\/h1>\t\t\t\t<\/div>\n\t\t\t\t<\/div>\n\t\t\t\t<div class=\"elementor-element elementor-element-2bb6501 elementor-widget elementor-widget-text-editor\" data-id=\"2bb6501\" data-element_type=\"widget\" data-widget_type=\"text-editor.default\">\n\t\t\t\t<div class=\"elementor-widget-container\">\n\t\t\t\t\t\t\t\t\t<p>Parce que le Margaret &#8211; H\u00f4tel Chouleur est une destination qui se vit autant qu&rsquo;elle se d\u00e9couvre, nous imaginons toute l&rsquo;ann\u00e9e aux restaurants ROUGE et Gigi des \u00e9v\u00e8nements singuliers, originaux et gourmands, pour faire vibrer notre Maison cinq \u00e9toiles au rythme des saisons.<\/p>\t\t\t\t\t\t\t\t<\/div>\n\t\t\t\t<\/div>\n\t\t\t\t\t<\/div>\n\t\t<\/div>\n\t\t\t\t\t<\/div>\n\t\t<\/section>\n\t\t\t\t<section class=\"elementor-section elementor-top-section elementor-element elementor-element-a49bd55 elementor-section-boxed elementor-section-height-default elementor-section-height-default\" data-id=\"a49bd55\" data-element_type=\"section\">\n\t\t\t\t\t\t<div class=\"elementor-container elementor-column-gap-default\">\n\t\t\t\t\t<div class=\"elementor-column elementor-col-50 elementor-top-column elementor-element elementor-element-c9c3de1\" data-id=\"c9c3de1\" data-element_type=\"column\" data-settings=\"{&quot;background_background&quot;:&quot;classic&quot;}\">\n\t\t\t<div class=\"elementor-widget-wrap elementor-element-populated\">\n\t\t\t\t\t\t<div class=\"elementor-element elementor-element-45c0de5 elementor-widget elementor-widget-spacer\" data-id=\"45c0de5\" data-element_type=\"widget\" data-widget_type=\"spacer.default\">\n\t\t\t\t<div class=\"elementor-widget-container\">\n\t\t\t\t\t\t\t<div class=\"elementor-spacer\">\n\t\t\t<div class=\"elementor-spacer-inner\"><\/div>\n\t\t<\/div>\n\t\t\t\t\t\t<\/div>\n\t\t\t\t<\/div>\n\t\t\t\t\t<\/div>\n\t\t<\/div>\n\t\t\t\t<div class=\"elementor-column elementor-col-50 elementor-top-column elementor-element elementor-element-664f7dd\" data-id=\"664f7dd\" data-element_type=\"column\" data-settings=\"{&quot;background_background&quot;:&quot;classic&quot;}\">\n\t\t\t<div class=\"elementor-widget-wrap elementor-element-populated\">\n\t\t\t\t\t\t<div class=\"elementor-element elementor-element-afa5531 elementor-widget elementor-widget-spacer\" data-id=\"afa5531\" data-element_type=\"widget\" data-widget_type=\"spacer.default\">\n\t\t\t\t<div class=\"elementor-widget-container\">\n\t\t\t\t\t\t\t<div class=\"elementor-spacer\">\n\t\t\t<div class=\"elementor-spacer-inner\"><\/div>\n\t\t<\/div>\n\t\t\t\t\t\t<\/div>\n\t\t\t\t<\/div>\n\t\t\t\t<div class=\"elementor-element elementor-element-d439be3 elementor-widget elementor-widget-heading\" data-id=\"d439be3\" data-element_type=\"widget\" data-widget_type=\"heading.default\">\n\t\t\t\t<div class=\"elementor-widget-container\">\n\t\t\t\t\t<h2 class=\"elementor-heading-title elementor-size-default\">AU RESTAURANT ROUGE<\/h2>\t\t\t\t<\/div>\n\t\t\t\t<\/div>\n\t\t\t\t<div class=\"elementor-element elementor-element-53e1c45 elementor-widget elementor-widget-heading\" data-id=\"53e1c45\" data-element_type=\"widget\" data-widget_type=\"heading.default\">\n\t\t\t\t<div class=\"elementor-widget-container\">\n\t\t\t\t\t<h2 class=\"elementor-heading-title elementor-size-default\">LES JEUDIS COMPTOIR<\/h2>\t\t\t\t<\/div>\n\t\t\t\t<\/div>\n\t\t\t\t<div class=\"elementor-element elementor-element-2cc0055 elementor-widget elementor-widget-heading\" data-id=\"2cc0055\" data-element_type=\"widget\" data-widget_type=\"heading.default\">\n\t\t\t\t<div class=\"elementor-widget-container\">\n\t\t\t\t\t<h2 class=\"elementor-heading-title elementor-size-default\">\u00c0 PARTIR DU JEUDI 19 MARS<\/h2>\t\t\t\t<\/div>\n\t\t\t\t<\/div>\n\t\t\t\t<div class=\"elementor-element elementor-element-e290313 elementor-widget elementor-widget-text-editor\" data-id=\"e290313\" data-element_type=\"widget\" data-widget_type=\"text-editor.default\">\n\t\t\t\t<div class=\"elementor-widget-container\">\n\t\t\t\t\t\t\t\t\t<p>Quatorze convives r\u00e9unis autour de l&#8217;embl\u00e9matique comptoir de la salle \u00e0 manger du restaurant <b>ROUGE 1 \u00e9toile MICHELIN<\/b>, au plus pr\u00e8s du geste. Le chef Luka-Tao Debenath et son \u00e9quipe y composent un menu en cinq services, guid\u00e9 par ses inspirations du moment, o\u00f9 chaque cr\u00e9ation prend forme sous vos yeux. L&rsquo;exp\u00e9rience se vit comme une immersion rare et privil\u00e9gi\u00e9e, o\u00f9 le dialogue entre la cuisine et les convives devient partie int\u00e9grante du rituel.\u00a0<\/p><p>Menu en cinq services \u00e0 95\u20ac TTC par personne hors boissons.<\/p><p>Dernier service \u00e0 20h30.<\/p>\t\t\t\t\t\t\t\t<\/div>\n\t\t\t\t<\/div>\n\t\t\t\t<div class=\"elementor-element elementor-element-b303c07 elementor-widget elementor-widget-heading\" data-id=\"b303c07\" data-element_type=\"widget\" data-widget_type=\"heading.default\">\n\t\t\t\t<div class=\"elementor-widget-container\">\n\t\t\t\t\t<h2 class=\"elementor-heading-title elementor-size-default\"><a href=\"https:\/\/widget.thefork.com\/fr\/4621b76f-0b8f-4d21-b011-bad68a5d8b52?utm_source=website&#038;step=date\" rel=\"nofollow noopener\" target=\"_blank\">BUCHEN<\/a><\/h2>\t\t\t\t<\/div>\n\t\t\t\t<\/div>\n\t\t\t\t<div class=\"elementor-element elementor-element-370e09d elementor-widget elementor-widget-spacer\" data-id=\"370e09d\" data-element_type=\"widget\" data-widget_type=\"spacer.default\">\n\t\t\t\t<div class=\"elementor-widget-container\">\n\t\t\t\t\t\t\t<div class=\"elementor-spacer\">\n\t\t\t<div class=\"elementor-spacer-inner\"><\/div>\n\t\t<\/div>\n\t\t\t\t\t\t<\/div>\n\t\t\t\t<\/div>\n\t\t\t\t\t<\/div>\n\t\t<\/div>\n\t\t\t\t\t<\/div>\n\t\t<\/section>\n\t\t\t\t<\/div>","protected":false},"excerpt":{"rendered":"<p>LES \u00c9V\u00c8NEMENTS Parce que le Margaret &#8211; H\u00f4tel Chouleur est une destination qui se vit autant qu&rsquo;elle se d\u00e9couvre, nous imaginons toute l&rsquo;ann\u00e9e aux restaurants ROUGE et Gigi des \u00e9v\u00e8nements singuliers, originaux et gourmands, pour faire vibrer notre Maison cinq \u00e9toiles au rythme des saisons. AU RESTAURANT ROUGE LES JEUDIS COMPTOIR \u00c0 PARTIR DU JEUDI [&hellip;]<\/p>","protected":false},"author":11,"featured_media":9274,"parent":0,"menu_order":0,"comment_status":"closed","ping_status":"closed","template":"","meta":{"inline_featured_image":false,"footnotes":""},"class_list":["post-9366","page","type-page","status-publish","has-post-thumbnail","hentry"],"_links":{"self":[{"href":"https:\/\/www.margaret-hotelchouleur.com\/de\/wp-json\/wp\/v2\/pages\/9366","targetHints":{"allow":["GET"]}}],"collection":[{"href":"https:\/\/www.margaret-hotelchouleur.com\/de\/wp-json\/wp\/v2\/pages"}],"about":[{"href":"https:\/\/www.margaret-hotelchouleur.com\/de\/wp-json\/wp\/v2\/types\/page"}],"author":[{"embeddable":true,"href":"https:\/\/www.margaret-hotelchouleur.com\/de\/wp-json\/wp\/v2\/users\/11"}],"replies":[{"embeddable":true,"href":"https:\/\/www.margaret-hotelchouleur.com\/de\/wp-json\/wp\/v2\/comments?post=9366"}],"version-history":[{"count":79,"href":"https:\/\/www.margaret-hotelchouleur.com\/de\/wp-json\/wp\/v2\/pages\/9366\/revisions"}],"predecessor-version":[{"id":9564,"href":"https:\/\/www.margaret-hotelchouleur.com\/de\/wp-json\/wp\/v2\/pages\/9366\/revisions\/9564"}],"wp:featuredmedia":[{"embeddable":true,"href":"https:\/\/www.margaret-hotelchouleur.com\/de\/wp-json\/wp\/v2\/media\/9274"}],"wp:attachment":[{"href":"https:\/\/www.margaret-hotelchouleur.com\/de\/wp-json\/wp\/v2\/media?parent=9366"}],"curies":[{"name":"wp","href":"https:\/\/api.w.org\/{rel}","templated":true}]}}