{"id":9737,"date":"2026-04-23T10:38:01","date_gmt":"2026-04-23T08:38:01","guid":{"rendered":"https:\/\/www.margaret-hotelchouleur.com\/?page_id=9737"},"modified":"2026-04-23T15:37:35","modified_gmt":"2026-04-23T13:37:35","slug":"pompette","status":"publish","type":"page","link":"https:\/\/www.margaret-hotelchouleur.com\/de\/restaurants\/pompette\/","title":{"rendered":"Pompette"},"content":{"rendered":"<div data-elementor-type=\"wp-page\" data-elementor-id=\"9737\" class=\"elementor elementor-9737\" data-elementor-post-type=\"page\">\n\t\t\t\t\t\t<section class=\"elementor-section elementor-top-section elementor-element elementor-element-a665478 elementor-section-boxed elementor-section-height-default elementor-section-height-default\" data-id=\"a665478\" data-element_type=\"section\" data-e-type=\"section\" data-settings=\"{&quot;background_background&quot;:&quot;classic&quot;}\">\n\t\t\t\t\t\t\t<div class=\"elementor-background-overlay\"><\/div>\n\t\t\t\t\t\t\t<div class=\"elementor-container elementor-column-gap-default\">\n\t\t\t\t\t<div class=\"elementor-column elementor-col-100 elementor-top-column elementor-element elementor-element-7c95f24\" data-id=\"7c95f24\" data-element_type=\"column\" data-e-type=\"column\" data-settings=\"{&quot;background_background&quot;:&quot;classic&quot;}\">\n\t\t\t<div class=\"elementor-widget-wrap elementor-element-populated\">\n\t\t\t\t\t\t<div class=\"elementor-element elementor-element-1dd03d8 elementor-widget elementor-widget-spacer\" data-id=\"1dd03d8\" data-element_type=\"widget\" data-e-type=\"widget\" data-widget_type=\"spacer.default\">\n\t\t\t\t<div class=\"elementor-widget-container\">\n\t\t\t\t\t\t\t<div class=\"elementor-spacer\">\n\t\t\t<div class=\"elementor-spacer-inner\"><\/div>\n\t\t<\/div>\n\t\t\t\t\t\t<\/div>\n\t\t\t\t<\/div>\n\t\t\t\t<div class=\"elementor-element elementor-element-c21d9f4 elementor-widget elementor-widget-image\" data-id=\"c21d9f4\" data-element_type=\"widget\" data-e-type=\"widget\" data-widget_type=\"image.default\">\n\t\t\t\t<div class=\"elementor-widget-container\">\n\t\t\t\t\t\t\t\t\t\t\t\t\t\t\t<img fetchpriority=\"high\" decoding=\"async\" width=\"800\" height=\"301\" src=\"https:\/\/www.margaret-hotelchouleur.com\/wp-content\/uploads\/2026\/04\/LOGO-POMPETTE-COULEUR-SOUS-TITRE-copie-1024x385.png\" class=\"attachment-large size-large wp-image-9740\" alt=\"\" srcset=\"https:\/\/www.margaret-hotelchouleur.com\/wp-content\/uploads\/2026\/04\/LOGO-POMPETTE-COULEUR-SOUS-TITRE-copie-1024x385.png 1024w, https:\/\/www.margaret-hotelchouleur.com\/wp-content\/uploads\/2026\/04\/LOGO-POMPETTE-COULEUR-SOUS-TITRE-copie-300x113.png 300w, https:\/\/www.margaret-hotelchouleur.com\/wp-content\/uploads\/2026\/04\/LOGO-POMPETTE-COULEUR-SOUS-TITRE-copie-768x289.png 768w, https:\/\/www.margaret-hotelchouleur.com\/wp-content\/uploads\/2026\/04\/LOGO-POMPETTE-COULEUR-SOUS-TITRE-copie-1536x577.png 1536w, https:\/\/www.margaret-hotelchouleur.com\/wp-content\/uploads\/2026\/04\/LOGO-POMPETTE-COULEUR-SOUS-TITRE-copie-2048x769.png 2048w, https:\/\/www.margaret-hotelchouleur.com\/wp-content\/uploads\/2026\/04\/LOGO-POMPETTE-COULEUR-SOUS-TITRE-copie-18x7.png 18w\" sizes=\"(max-width: 800px) 100vw, 800px\" \/>\t\t\t\t\t\t\t\t\t\t\t\t\t\t\t<\/div>\n\t\t\t\t<\/div>\n\t\t\t\t<div class=\"elementor-element elementor-element-99144a8 imagefloat elementor-hidden-tablet elementor-hidden-mobile elementor-view-default elementor-widget elementor-widget-icon\" data-id=\"99144a8\" data-element_type=\"widget\" data-e-type=\"widget\" data-widget_type=\"icon.default\">\n\t\t\t\t<div class=\"elementor-widget-container\">\n\t\t\t\t\t\t\t<div class=\"elementor-icon-wrapper\">\n\t\t\t<div class=\"elementor-icon\">\n\t\t\t<svg xmlns=\"http:\/\/www.w3.org\/2000\/svg\" xmlns:xlink=\"http:\/\/www.w3.org\/1999\/xlink\" id=\"Calque_1\" x=\"0px\" y=\"0px\" viewbox=\"0 0 147.97 75.59\" style=\"enable-background:new 0 0 147.97 75.59;\" xml:space=\"preserve\"><polyline style=\"fill:none;stroke:#FFFFFF;stroke-width:5;stroke-linecap:round;stroke-linejoin:round;stroke-miterlimit:10;\" points=\"  115.15,24.29 75.72,63.72 34.58,22.59 \"><\/polyline><\/svg>\t\t\t<\/div>\n\t\t<\/div>\n\t\t\t\t\t\t<\/div>\n\t\t\t\t<\/div>\n\t\t\t\t<div class=\"elementor-element elementor-element-2199e09 elementor-widget elementor-widget-spacer\" data-id=\"2199e09\" data-element_type=\"widget\" data-e-type=\"widget\" data-widget_type=\"spacer.default\">\n\t\t\t\t<div class=\"elementor-widget-container\">\n\t\t\t\t\t\t\t<div class=\"elementor-spacer\">\n\t\t\t<div class=\"elementor-spacer-inner\"><\/div>\n\t\t<\/div>\n\t\t\t\t\t\t<\/div>\n\t\t\t\t<\/div>\n\t\t\t\t\t<\/div>\n\t\t<\/div>\n\t\t\t\t\t<\/div>\n\t\t<\/section>\n\t\t\t\t<section class=\"elementor-section elementor-top-section elementor-element elementor-element-b5d2fed elementor-section-boxed elementor-section-height-default elementor-section-height-default\" data-id=\"b5d2fed\" data-element_type=\"section\" data-e-type=\"section\" data-settings=\"{&quot;background_background&quot;:&quot;classic&quot;}\">\n\t\t\t\t\t\t<div class=\"elementor-container elementor-column-gap-default\">\n\t\t\t\t\t<div class=\"elementor-column elementor-col-50 elementor-top-column elementor-element elementor-element-d08f88a\" data-id=\"d08f88a\" data-element_type=\"column\" data-e-type=\"column\" data-settings=\"{&quot;background_background&quot;:&quot;classic&quot;}\">\n\t\t\t<div class=\"elementor-widget-wrap elementor-element-populated\">\n\t\t\t\t\t\t<div class=\"elementor-element elementor-element-11ab78e elementor-widget elementor-widget-spacer\" data-id=\"11ab78e\" data-element_type=\"widget\" data-e-type=\"widget\" data-widget_type=\"spacer.default\">\n\t\t\t\t<div class=\"elementor-widget-container\">\n\t\t\t\t\t\t\t<div class=\"elementor-spacer\">\n\t\t\t<div class=\"elementor-spacer-inner\"><\/div>\n\t\t<\/div>\n\t\t\t\t\t\t<\/div>\n\t\t\t\t<\/div>\n\t\t\t\t<div class=\"elementor-element elementor-element-f280aa0 elementor-widget elementor-widget-image\" data-id=\"f280aa0\" data-element_type=\"widget\" data-e-type=\"widget\" data-widget_type=\"image.default\">\n\t\t\t\t<div class=\"elementor-widget-container\">\n\t\t\t\t\t\t\t\t\t\t\t\t\t\t\t<img decoding=\"async\" width=\"800\" height=\"258\" src=\"https:\/\/www.margaret-hotelchouleur.com\/wp-content\/uploads\/2026\/04\/LOGO-POMPETTE-COULEUR-BLANC-1024x330.png\" class=\"attachment-large size-large wp-image-9741\" alt=\"\" srcset=\"https:\/\/www.margaret-hotelchouleur.com\/wp-content\/uploads\/2026\/04\/LOGO-POMPETTE-COULEUR-BLANC-1024x330.png 1024w, https:\/\/www.margaret-hotelchouleur.com\/wp-content\/uploads\/2026\/04\/LOGO-POMPETTE-COULEUR-BLANC-300x97.png 300w, https:\/\/www.margaret-hotelchouleur.com\/wp-content\/uploads\/2026\/04\/LOGO-POMPETTE-COULEUR-BLANC-768x248.png 768w, https:\/\/www.margaret-hotelchouleur.com\/wp-content\/uploads\/2026\/04\/LOGO-POMPETTE-COULEUR-BLANC-1536x495.png 1536w, https:\/\/www.margaret-hotelchouleur.com\/wp-content\/uploads\/2026\/04\/LOGO-POMPETTE-COULEUR-BLANC-2048x661.png 2048w, https:\/\/www.margaret-hotelchouleur.com\/wp-content\/uploads\/2026\/04\/LOGO-POMPETTE-COULEUR-BLANC-18x6.png 18w\" sizes=\"(max-width: 800px) 100vw, 800px\" \/>\t\t\t\t\t\t\t\t\t\t\t\t\t\t\t<\/div>\n\t\t\t\t<\/div>\n\t\t\t\t<div class=\"elementor-element elementor-element-9bdd333 elementor-widget elementor-widget-spacer\" data-id=\"9bdd333\" data-element_type=\"widget\" data-e-type=\"widget\" data-widget_type=\"spacer.default\">\n\t\t\t\t<div class=\"elementor-widget-container\">\n\t\t\t\t\t\t\t<div class=\"elementor-spacer\">\n\t\t\t<div class=\"elementor-spacer-inner\"><\/div>\n\t\t<\/div>\n\t\t\t\t\t\t<\/div>\n\t\t\t\t<\/div>\n\t\t\t\t<div class=\"elementor-element elementor-element-9e2120b elementor-widget elementor-widget-text-editor\" data-id=\"9e2120b\" data-element_type=\"widget\" data-e-type=\"widget\" data-widget_type=\"text-editor.default\">\n\t\t\t\t<div class=\"elementor-widget-container\">\n\t\t\t\t\t\t\t\t\t<p><b>Du 21 au 25 mai 2026, vivez une Feria de Pentec\u00f4te gourmande, \u00e9picurienne et festive\u00a0\u00a0<\/b><b>au coeur du Margaret &#8211; H\u00f4tel Chouleur<\/b><\/p><p class=\"p1\"><span class=\"s1\">Imagin\u00e9e par The Social Club, <b>Pompette<\/b> est une table festive \u00e9ph\u00e9m\u00e8re o\u00f9 l\u2019on vient manger, boire et c\u00e9l\u00e9brer. Au <strong>Margaret \u2013 H\u00f4tel Chouleur<\/strong> durant la Feria, rires, verres qui s\u2019entrechoquent et insouciance composent une atmosph\u00e8re joyeuse et conviviale.<\/span><\/p><p class=\"p1\"><span class=\"s1\">C\u00f4t\u00e9 assiette, le chef <strong>Luka-Tao Debenath<\/strong> &#8211; ROUGE et Gigi &#8211; et son \u00e9quipe signent une cuisine gourmande et solaire, accompagn\u00e9e de vins choisis par une tribu de passionn\u00e9s. L\u2019ambiance se teinte de surprises musicales : on fredonne, on chante, on danse, midi et soir, \u00e0 deux ou \u00e0 dix, pour partager l\u2019exp\u00e9rience Pompette.<\/span><\/p><p class=\"p1\"><span class=\"s1\">R\u00e9servez votre table ou votre prestation et construisez avec nous une op\u00e9ration de relations publiques de qualit\u00e9, port\u00e9e par l\u2019esprit festif de la Feria. Nous serons ravis d\u2019accompagner votre \u00e9v\u00e9nement dans cet \u00e9crin unique o\u00f9 f\u00eate, gastronomie et traditions n\u00eemoises se rencontrent.<\/span><\/p><p><a href=\"https:\/\/widget.thefork.com\/fr\/4621b76f-0b8f-4d21-b011-bad68a5d8b52?utm_source=website&amp;step=date\" rel=\"nofollow noopener\" target=\"_blank\"><strong>&gt; R\u00c9SERVER CHEZ POMPETTE &lt;<\/strong><\/a><\/p>\t\t\t\t\t\t\t\t<\/div>\n\t\t\t\t<\/div>\n\t\t\t\t<div class=\"elementor-element elementor-element-f310d96 elementor-widget elementor-widget-text-editor\" data-id=\"f310d96\" data-element_type=\"widget\" data-e-type=\"widget\" data-widget_type=\"text-editor.default\">\n\t\t\t\t<div class=\"elementor-widget-container\">\n\t\t\t\t\t\t\t\t\t<p>&gt;\u00a0<a href=\"https:\/\/www.margaret-hotelchouleur.com\/wp-content\/uploads\/2026\/04\/MENU-POMPETTE-PENTECOTE-2026-1.pdf\"><strong>LE MENU POMPETTE<\/strong><\/a>\u00a0&lt;<\/p>\t\t\t\t\t\t\t\t<\/div>\n\t\t\t\t<\/div>\n\t\t\t\t<div class=\"elementor-element elementor-element-1987a3e elementor-widget elementor-widget-spacer\" data-id=\"1987a3e\" data-element_type=\"widget\" data-e-type=\"widget\" data-widget_type=\"spacer.default\">\n\t\t\t\t<div class=\"elementor-widget-container\">\n\t\t\t\t\t\t\t<div class=\"elementor-spacer\">\n\t\t\t<div class=\"elementor-spacer-inner\"><\/div>\n\t\t<\/div>\n\t\t\t\t\t\t<\/div>\n\t\t\t\t<\/div>\n\t\t\t\t\t<\/div>\n\t\t<\/div>\n\t\t\t\t<div class=\"elementor-column elementor-col-50 elementor-top-column elementor-element elementor-element-955962e\" data-id=\"955962e\" data-element_type=\"column\" data-e-type=\"column\" data-settings=\"{&quot;background_background&quot;:&quot;classic&quot;}\">\n\t\t\t<div class=\"elementor-widget-wrap elementor-element-populated\">\n\t\t\t\t\t\t<div class=\"elementor-element elementor-element-accf5a4 elementor-widget elementor-widget-spacer\" data-id=\"accf5a4\" data-element_type=\"widget\" data-e-type=\"widget\" data-widget_type=\"spacer.default\">\n\t\t\t\t<div class=\"elementor-widget-container\">\n\t\t\t\t\t\t\t<div class=\"elementor-spacer\">\n\t\t\t<div class=\"elementor-spacer-inner\"><\/div>\n\t\t<\/div>\n\t\t\t\t\t\t<\/div>\n\t\t\t\t<\/div>\n\t\t\t\t\t<\/div>\n\t\t<\/div>\n\t\t\t\t\t<\/div>\n\t\t<\/section>\n\t\t\t\t<section class=\"elementor-section elementor-top-section elementor-element elementor-element-7a51e6c elementor-section-boxed elementor-section-height-default elementor-section-height-default\" data-id=\"7a51e6c\" data-element_type=\"section\" data-e-type=\"section\" data-settings=\"{&quot;background_background&quot;:&quot;classic&quot;}\">\n\t\t\t\t\t\t<div class=\"elementor-container elementor-column-gap-default\">\n\t\t\t\t\t<div class=\"elementor-column elementor-col-50 elementor-top-column elementor-element elementor-element-65ba2c4\" data-id=\"65ba2c4\" data-element_type=\"column\" data-e-type=\"column\" data-settings=\"{&quot;background_background&quot;:&quot;classic&quot;}\">\n\t\t\t<div class=\"elementor-widget-wrap elementor-element-populated\">\n\t\t\t\t\t\t<div class=\"elementor-element elementor-element-4f513c3 elementor-widget elementor-widget-spacer\" data-id=\"4f513c3\" data-element_type=\"widget\" data-e-type=\"widget\" data-widget_type=\"spacer.default\">\n\t\t\t\t<div class=\"elementor-widget-container\">\n\t\t\t\t\t\t\t<div class=\"elementor-spacer\">\n\t\t\t<div class=\"elementor-spacer-inner\"><\/div>\n\t\t<\/div>\n\t\t\t\t\t\t<\/div>\n\t\t\t\t<\/div>\n\t\t\t\t\t<\/div>\n\t\t<\/div>\n\t\t\t\t<div class=\"elementor-column elementor-col-50 elementor-top-column elementor-element elementor-element-737b7ee\" data-id=\"737b7ee\" data-element_type=\"column\" data-e-type=\"column\" data-settings=\"{&quot;background_background&quot;:&quot;classic&quot;}\">\n\t\t\t<div class=\"elementor-widget-wrap elementor-element-populated\">\n\t\t\t\t\t\t<div class=\"elementor-element elementor-element-988cf0c elementor-widget elementor-widget-spacer\" data-id=\"988cf0c\" data-element_type=\"widget\" data-e-type=\"widget\" data-widget_type=\"spacer.default\">\n\t\t\t\t<div class=\"elementor-widget-container\">\n\t\t\t\t\t\t\t<div class=\"elementor-spacer\">\n\t\t\t<div class=\"elementor-spacer-inner\"><\/div>\n\t\t<\/div>\n\t\t\t\t\t\t<\/div>\n\t\t\t\t<\/div>\n\t\t\t\t<div class=\"elementor-element elementor-element-6680d96 elementor-widget elementor-widget-text-editor\" data-id=\"6680d96\" data-element_type=\"widget\" data-e-type=\"widget\" data-widget_type=\"text-editor.default\">\n\t\t\t\t<div class=\"elementor-widget-container\">\n\t\t\t\t\t\t\t\t\t<p><b>LE PACK POMPETTE \u00c0 80\u20ac TTC<\/b><\/p><p>Amuse-bouche<\/p><p><b>Au choix parmi nos recettes : <\/b><\/p><p>Entr\u00e9e + Plat + Dessert<\/p><p>Option fromage + 12\u20ac<\/p><p>Softs et vin blanc ou ros\u00e9 &#8211; Une bouteille pour 4<\/p>\t\t\t\t\t\t\t\t<\/div>\n\t\t\t\t<\/div>\n\t\t\t\t<div class=\"elementor-element elementor-element-4253e9a elementor-widget elementor-widget-text-editor\" data-id=\"4253e9a\" data-element_type=\"widget\" data-e-type=\"widget\" data-widget_type=\"text-editor.default\">\n\t\t\t\t<div class=\"elementor-widget-container\">\n\t\t\t\t\t\t\t\t\t<p>&gt;\u00a0<a href=\"https:\/\/www.margaret-hotelchouleur.com\/wp-content\/uploads\/2026\/04\/MENU-POMPETTE-PENTECOTE-2026.pdf\"><strong>LE MENU POMPETTE<\/strong><\/a>\u00a0&lt;<\/p>\t\t\t\t\t\t\t\t<\/div>\n\t\t\t\t<\/div>\n\t\t\t\t<div class=\"elementor-element elementor-element-01929e4 elementor-widget-divider--view-line elementor-widget elementor-widget-divider\" data-id=\"01929e4\" data-element_type=\"widget\" data-e-type=\"widget\" data-widget_type=\"divider.default\">\n\t\t\t\t<div class=\"elementor-widget-container\">\n\t\t\t\t\t\t\t<div class=\"elementor-divider\">\n\t\t\t<span class=\"elementor-divider-separator\">\n\t\t\t\t\t\t<\/span>\n\t\t<\/div>\n\t\t\t\t\t\t<\/div>\n\t\t\t\t<\/div>\n\t\t\t\t<div class=\"elementor-element elementor-element-4098296 elementor-widget elementor-widget-text-editor\" data-id=\"4098296\" data-element_type=\"widget\" data-e-type=\"widget\" data-widget_type=\"text-editor.default\">\n\t\t\t\t<div class=\"elementor-widget-container\">\n\t\t\t\t\t\t\t\t\t<p><b>GROUPES ET ESPACES PRIVATIFS<\/b><\/p><p>Votre contact privil\u00e9gi\u00e9\u00a0<\/p><p>Mathys Gueyne &#8211; Responsable Commercial<\/p><p>mathys.gueyne@the-social-club.com<\/p><p>T\u00e9l. : 06 59 97 80 08 &#8211; 04 48 27 08 24<\/p>\t\t\t\t\t\t\t\t<\/div>\n\t\t\t\t<\/div>\n\t\t\t\t<div class=\"elementor-element elementor-element-7f5547a elementor-widget elementor-widget-text-editor\" data-id=\"7f5547a\" data-element_type=\"widget\" data-e-type=\"widget\" data-widget_type=\"text-editor.default\">\n\t\t\t\t<div class=\"elementor-widget-container\">\n\t\t\t\t\t\t\t\t\t<p><a href=\"https:\/\/www.margaret-hotelchouleur.com\/wp-content\/uploads\/2026\/04\/POMPETTE-PENTECOTE-2026-BD.pdf\">&gt; D\u00c9COUVREZ NOS OFFRES &lt;<\/a><\/p>\t\t\t\t\t\t\t\t<\/div>\n\t\t\t\t<\/div>\n\t\t\t\t<div class=\"elementor-element elementor-element-64b16c2 elementor-widget-divider--view-line elementor-widget elementor-widget-divider\" data-id=\"64b16c2\" data-element_type=\"widget\" data-e-type=\"widget\" data-widget_type=\"divider.default\">\n\t\t\t\t<div class=\"elementor-widget-container\">\n\t\t\t\t\t\t\t<div class=\"elementor-divider\">\n\t\t\t<span class=\"elementor-divider-separator\">\n\t\t\t\t\t\t<\/span>\n\t\t<\/div>\n\t\t\t\t\t\t<\/div>\n\t\t\t\t<\/div>\n\t\t\t\t<div class=\"elementor-element elementor-element-72fa724 elementor-widget elementor-widget-text-editor\" data-id=\"72fa724\" data-element_type=\"widget\" data-e-type=\"widget\" data-widget_type=\"text-editor.default\">\n\t\t\t\t<div class=\"elementor-widget-container\">\n\t\t\t\t\t\t\t\t\t<div><strong>Pompette<\/strong><\/div><div><strong>Restaurant festif \u00e9ph\u00e9m\u00e8re<\/strong><\/div><div><span style=\"font-size: 1rem;\">6, Rue Fresque\u00a0<\/span><span style=\"font-size: 1rem;\">30000 N\u00ceMES<\/span><\/div><div>T\u00e9l. : +334 48 27 08 00<\/div><div>Acc\u00e8s sur r\u00e9servation exclusivement<\/div><div>\u00a0<\/div><div><div>Midi et soir, du jeudi 21 mai au d\u00eener<\/div><div>au lundi 25 mai au d\u00e9jeuner<\/div><\/div><div><div>\u00a0<\/div><\/div><div><div><span style=\"color: var( --e-global-color-5d4cf0f ); font-size: 1rem;\"><a href=\"https:\/\/widget.thefork.com\/fr\/e579abe9-5f72-4d3b-aa4a-9276669692d4?utm_source=website\" rel=\"nofollow noopener\" target=\"_blank\"><b>&gt; R\u00c9SERVER &lt;<\/b><\/a><\/span><\/div><\/div>\t\t\t\t\t\t\t\t<\/div>\n\t\t\t\t<\/div>\n\t\t\t\t<div class=\"elementor-element elementor-element-fa95ad3 elementor-widget elementor-widget-spacer\" data-id=\"fa95ad3\" data-element_type=\"widget\" data-e-type=\"widget\" data-widget_type=\"spacer.default\">\n\t\t\t\t<div class=\"elementor-widget-container\">\n\t\t\t\t\t\t\t<div class=\"elementor-spacer\">\n\t\t\t<div class=\"elementor-spacer-inner\"><\/div>\n\t\t<\/div>\n\t\t\t\t\t\t<\/div>\n\t\t\t\t<\/div>\n\t\t\t\t\t<\/div>\n\t\t<\/div>\n\t\t\t\t\t<\/div>\n\t\t<\/section>\n\t\t\t\t<section class=\"elementor-section elementor-top-section elementor-element elementor-element-c0cde01 elementor-section-boxed elementor-section-height-default elementor-section-height-default\" data-id=\"c0cde01\" data-element_type=\"section\" data-e-type=\"section\" data-settings=\"{&quot;background_background&quot;:&quot;classic&quot;}\">\n\t\t\t\t\t\t<div class=\"elementor-container elementor-column-gap-default\">\n\t\t\t\t\t<div class=\"elementor-column elementor-col-100 elementor-top-column elementor-element elementor-element-a8c8826\" data-id=\"a8c8826\" data-element_type=\"column\" data-e-type=\"column\">\n\t\t\t<div class=\"elementor-widget-wrap elementor-element-populated\">\n\t\t\t\t\t\t<div class=\"elementor-element elementor-element-1683650 elementor-icon-list--layout-inline elementor-align-center elementor-widget__width-initial elementor-mobile-align-start elementor-list-item-link-full_width elementor-widget elementor-widget-icon-list\" data-id=\"1683650\" data-element_type=\"widget\" data-e-type=\"widget\" data-widget_type=\"icon-list.default\">\n\t\t\t\t<div class=\"elementor-widget-container\">\n\t\t\t\t\t\t\t<ul class=\"elementor-icon-list-items elementor-inline-items\">\n\t\t\t\t\t\t\t<li class=\"elementor-icon-list-item elementor-inline-item\">\n\t\t\t\t\t\t\t\t\t\t\t<a href=\"tel:04%2048%2027%2008%2001\">\n\n\t\t\t\t\t\t\t\t\t\t\t\t<span class=\"elementor-icon-list-icon\">\n\t\t\t\t\t\t\t<i aria-hidden=\"true\" class=\"fas fa-phone-alt\"><\/i>\t\t\t\t\t\t<\/span>\n\t\t\t\t\t\t\t\t\t\t<span class=\"elementor-icon-list-text\">04 48 27 08 00<\/span>\n\t\t\t\t\t\t\t\t\t\t\t<\/a>\n\t\t\t\t\t\t\t\t\t<\/li>\n\t\t\t\t\t\t\t\t<li class=\"elementor-icon-list-item elementor-inline-item\">\n\t\t\t\t\t\t\t\t\t\t\t<a href=\"mailto:rouge@margaret-hotelchouleur.com\">\n\n\t\t\t\t\t\t\t\t\t\t\t\t<span class=\"elementor-icon-list-icon\">\n\t\t\t\t\t\t\t<i aria-hidden=\"true\" class=\"fas fa-envelope\"><\/i>\t\t\t\t\t\t<\/span>\n\t\t\t\t\t\t\t\t\t\t<span class=\"elementor-icon-list-text\">reception@margaret-hotelchouleur.com<\/span>\n\t\t\t\t\t\t\t\t\t\t\t<\/a>\n\t\t\t\t\t\t\t\t\t<\/li>\n\t\t\t\t\t\t<\/ul>\n\t\t\t\t\t\t<\/div>\n\t\t\t\t<\/div>\n\t\t\t\t\t<\/div>\n\t\t<\/div>\n\t\t\t\t\t<\/div>\n\t\t<\/section>\n\t\t\t\t<section class=\"elementor-section elementor-top-section elementor-element elementor-element-38a39aed section-trois-buttons elementor-hidden-phone elementor-section-boxed elementor-section-height-default elementor-section-height-default\" data-id=\"38a39aed\" data-element_type=\"section\" data-e-type=\"section\">\n\t\t\t\t\t\t<div class=\"elementor-container elementor-column-gap-default\">\n\t\t\t\t\t<div class=\"elementor-column elementor-col-100 elementor-top-column elementor-element elementor-element-47e96b16\" data-id=\"47e96b16\" data-element_type=\"column\" data-e-type=\"column\">\n\t\t\t<div class=\"elementor-widget-wrap elementor-element-populated\">\n\t\t\t\t\t\t\t<\/div>\n\t\t<\/div>\n\t\t\t\t\t<\/div>\n\t\t<\/section>\n\t\t\t\t<\/div>","protected":false},"excerpt":{"rendered":"<p>Du 21 au 25 mai 2026, vivez une Feria de Pentec\u00f4te gourmande, \u00e9picurienne et festive\u00a0\u00a0au coeur du Margaret &#8211; H\u00f4tel Chouleur Imagin\u00e9e par The Social Club, Pompette est une table festive \u00e9ph\u00e9m\u00e8re o\u00f9 l\u2019on vient manger, boire et c\u00e9l\u00e9brer. Au Margaret \u2013 H\u00f4tel Chouleur durant la Feria, rires, verres qui s\u2019entrechoquent et insouciance composent une [&hellip;]<\/p>\n","protected":false},"author":11,"featured_media":9753,"parent":1168,"menu_order":0,"comment_status":"closed","ping_status":"closed","template":"margaret.php","meta":{"inline_featured_image":false,"footnotes":""},"class_list":["post-9737","page","type-page","status-publish","has-post-thumbnail","hentry"],"_links":{"self":[{"href":"https:\/\/www.margaret-hotelchouleur.com\/de\/wp-json\/wp\/v2\/pages\/9737","targetHints":{"allow":["GET"]}}],"collection":[{"href":"https:\/\/www.margaret-hotelchouleur.com\/de\/wp-json\/wp\/v2\/pages"}],"about":[{"href":"https:\/\/www.margaret-hotelchouleur.com\/de\/wp-json\/wp\/v2\/types\/page"}],"author":[{"embeddable":true,"href":"https:\/\/www.margaret-hotelchouleur.com\/de\/wp-json\/wp\/v2\/users\/11"}],"replies":[{"embeddable":true,"href":"https:\/\/www.margaret-hotelchouleur.com\/de\/wp-json\/wp\/v2\/comments?post=9737"}],"version-history":[{"count":31,"href":"https:\/\/www.margaret-hotelchouleur.com\/de\/wp-json\/wp\/v2\/pages\/9737\/revisions"}],"predecessor-version":[{"id":9783,"href":"https:\/\/www.margaret-hotelchouleur.com\/de\/wp-json\/wp\/v2\/pages\/9737\/revisions\/9783"}],"up":[{"embeddable":true,"href":"https:\/\/www.margaret-hotelchouleur.com\/de\/wp-json\/wp\/v2\/pages\/1168"}],"wp:featuredmedia":[{"embeddable":true,"href":"https:\/\/www.margaret-hotelchouleur.com\/de\/wp-json\/wp\/v2\/media\/9753"}],"wp:attachment":[{"href":"https:\/\/www.margaret-hotelchouleur.com\/de\/wp-json\/wp\/v2\/media?parent=9737"}],"curies":[{"name":"wp","href":"https:\/\/api.w.org\/{rel}","templated":true}]}}