{"id":1092,"date":"2021-05-05T14:34:34","date_gmt":"2021-05-05T12:34:34","guid":{"rendered":"https:\/\/www.margaret-hotelchouleur.com\/?page_id=1092"},"modified":"2026-03-03T14:52:46","modified_gmt":"2026-03-03T13:52:46","slug":"restaurant-nimes","status":"publish","type":"page","link":"https:\/\/www.margaret-hotelchouleur.com\/en\/restaurants\/restaurant-nimes\/","title":{"rendered":"Restaurant"},"content":{"rendered":"<div data-elementor-type=\"wp-page\" data-elementor-id=\"1092\" class=\"elementor elementor-1092\" data-elementor-post-type=\"page\">\n\t\t\t\t\t\t<section class=\"elementor-section elementor-top-section elementor-element elementor-element-30d099b elementor-section-boxed elementor-section-height-default elementor-section-height-default\" data-id=\"30d099b\" data-element_type=\"section\" data-e-type=\"section\" data-settings=\"{&quot;background_background&quot;:&quot;classic&quot;}\">\n\t\t\t\t\t\t\t<div class=\"elementor-background-overlay\"><\/div>\n\t\t\t\t\t\t\t<div class=\"elementor-container elementor-column-gap-default\">\n\t\t\t\t\t<div class=\"elementor-column elementor-col-100 elementor-top-column elementor-element elementor-element-47ac472\" data-id=\"47ac472\" data-element_type=\"column\" data-e-type=\"column\">\n\t\t\t<div class=\"elementor-widget-wrap elementor-element-populated\">\n\t\t\t\t\t\t<div class=\"elementor-element elementor-element-d62eb99 elementor-widget elementor-widget-spacer\" data-id=\"d62eb99\" data-element_type=\"widget\" data-e-type=\"widget\" data-widget_type=\"spacer.default\">\n\t\t\t\t<div class=\"elementor-widget-container\">\n\t\t\t\t\t\t\t<div class=\"elementor-spacer\">\n\t\t\t<div class=\"elementor-spacer-inner\"><\/div>\n\t\t<\/div>\n\t\t\t\t\t\t<\/div>\n\t\t\t\t<\/div>\n\t\t\t\t<div class=\"elementor-element elementor-element-3c77382 elementor-widget elementor-widget-image\" data-id=\"3c77382\" data-element_type=\"widget\" data-e-type=\"widget\" data-widget_type=\"image.default\">\n\t\t\t\t<div class=\"elementor-widget-container\">\n\t\t\t\t\t\t\t\t\t\t\t\t\t\t\t<img decoding=\"async\" width=\"300\" height=\"96\" src=\"https:\/\/www.margaret-hotelchouleur.com\/wp-content\/uploads\/2023\/11\/Logo_ROUGE-1.png\" class=\"attachment-large size-large wp-image-7385\" alt=\"\" srcset=\"https:\/\/www.margaret-hotelchouleur.com\/wp-content\/uploads\/2023\/11\/Logo_ROUGE-1.png 300w, https:\/\/www.margaret-hotelchouleur.com\/wp-content\/uploads\/2023\/11\/Logo_ROUGE-1-18x6.png 18w\" sizes=\"(max-width: 300px) 100vw, 300px\" \/>\t\t\t\t\t\t\t\t\t\t\t\t\t\t\t<\/div>\n\t\t\t\t<\/div>\n\t\t\t\t<div class=\"elementor-element elementor-element-be2f7ea elementor-widget elementor-widget-image\" data-id=\"be2f7ea\" data-element_type=\"widget\" data-e-type=\"widget\" data-widget_type=\"image.default\">\n\t\t\t\t<div class=\"elementor-widget-container\">\n\t\t\t\t\t\t\t\t\t\t\t\t\t\t\t<img fetchpriority=\"high\" decoding=\"async\" width=\"550\" height=\"600\" src=\"https:\/\/www.margaret-hotelchouleur.com\/wp-content\/uploads\/2024\/04\/Etoile_Michelin-white.png\" class=\"attachment-large size-large wp-image-7959\" alt=\"\" srcset=\"https:\/\/www.margaret-hotelchouleur.com\/wp-content\/uploads\/2024\/04\/Etoile_Michelin-white.png 550w, https:\/\/www.margaret-hotelchouleur.com\/wp-content\/uploads\/2024\/04\/Etoile_Michelin-white-275x300.png 275w, https:\/\/www.margaret-hotelchouleur.com\/wp-content\/uploads\/2024\/04\/Etoile_Michelin-white-11x12.png 11w\" sizes=\"(max-width: 550px) 100vw, 550px\" \/>\t\t\t\t\t\t\t\t\t\t\t\t\t\t\t<\/div>\n\t\t\t\t<\/div>\n\t\t\t\t<div class=\"elementor-element elementor-element-94af106 elementor-widget elementor-widget-spacer\" data-id=\"94af106\" data-element_type=\"widget\" data-e-type=\"widget\" data-widget_type=\"spacer.default\">\n\t\t\t\t<div class=\"elementor-widget-container\">\n\t\t\t\t\t\t\t<div class=\"elementor-spacer\">\n\t\t\t<div class=\"elementor-spacer-inner\"><\/div>\n\t\t<\/div>\n\t\t\t\t\t\t<\/div>\n\t\t\t\t<\/div>\n\t\t\t\t<div class=\"elementor-element elementor-element-dd60733 imagefloat elementor-hidden-tablet elementor-hidden-mobile elementor-view-default elementor-widget elementor-widget-icon\" data-id=\"dd60733\" data-element_type=\"widget\" data-e-type=\"widget\" data-widget_type=\"icon.default\">\n\t\t\t\t<div class=\"elementor-widget-container\">\n\t\t\t\t\t\t\t<div class=\"elementor-icon-wrapper\">\n\t\t\t<div class=\"elementor-icon\">\n\t\t\t<svg xmlns=\"http:\/\/www.w3.org\/2000\/svg\" xmlns:xlink=\"http:\/\/www.w3.org\/1999\/xlink\" id=\"Calque_1\" x=\"0px\" y=\"0px\" viewbox=\"0 0 147.97 75.59\" style=\"enable-background:new 0 0 147.97 75.59;\" xml:space=\"preserve\"><polyline style=\"fill:none;stroke:#FFFFFF;stroke-width:5;stroke-linecap:round;stroke-linejoin:round;stroke-miterlimit:10;\" points=\"  115.15,24.29 75.72,63.72 34.58,22.59 \"><\/polyline><\/svg>\t\t\t<\/div>\n\t\t<\/div>\n\t\t\t\t\t\t<\/div>\n\t\t\t\t<\/div>\n\t\t\t\t\t<\/div>\n\t\t<\/div>\n\t\t\t\t\t<\/div>\n\t\t<\/section>\n\t\t\t\t<section class=\"elementor-section elementor-top-section elementor-element elementor-element-17aec84 elementor-section-boxed elementor-section-height-default elementor-section-height-default\" data-id=\"17aec84\" data-element_type=\"section\" data-e-type=\"section\">\n\t\t\t\t\t\t<div class=\"elementor-container elementor-column-gap-default\">\n\t\t\t\t\t<div class=\"elementor-column elementor-col-50 elementor-top-column elementor-element elementor-element-5548e70\" data-id=\"5548e70\" data-element_type=\"column\" data-e-type=\"column\" data-settings=\"{&quot;background_background&quot;:&quot;classic&quot;}\">\n\t\t\t<div class=\"elementor-widget-wrap elementor-element-populated\">\n\t\t\t\t\t\t<div class=\"elementor-element elementor-element-3ae0eaf elementor-widget elementor-widget-spacer\" data-id=\"3ae0eaf\" data-element_type=\"widget\" data-e-type=\"widget\" data-widget_type=\"spacer.default\">\n\t\t\t\t<div class=\"elementor-widget-container\">\n\t\t\t\t\t\t\t<div class=\"elementor-spacer\">\n\t\t\t<div class=\"elementor-spacer-inner\"><\/div>\n\t\t<\/div>\n\t\t\t\t\t\t<\/div>\n\t\t\t\t<\/div>\n\t\t\t\t<div class=\"elementor-element elementor-element-36bd3fe elementor-widget elementor-widget-text-editor\" data-id=\"36bd3fe\" data-element_type=\"widget\" data-e-type=\"widget\" data-widget_type=\"text-editor.default\">\n\t\t\t\t<div class=\"elementor-widget-container\">\n\t\t\t\t\t\t\t\t\t<p style=\"font-weight: 400;\">In N\u00eemes, in the heart of the Margaret - H\u00f4tel Chouleur, ROUGE invites you on a gastronomic journey that gives pride of place to products from the Gard and Languedoc regions, punctuated by a hint of flavours from elsewhere, orchestrated by the chef. <strong>Luka-Tao DEBENATH<\/strong>. On the plate, the tastes are straightforward and the creativity is unbridled, with vegetable and seafood as the flagship flavours, and the highlight is the remarkable work on sauces, the signature of each of his recipes, the common thread running through every gourmet interlude at one of ROUGE's tables.<\/p>\n<p style=\"font-weight: 400;\">In the kitchens, the chef is supported by a committed team including the pastry chef <strong>Auriane FOUGERAY<\/strong>who brings her generosity and sensitivity to this collective adventure. On the stage, the team, supported by <strong>Julian REBOLLAR<\/strong> joue midi et soir un ballet discret et gracieux, avec \u00e9l\u00e9gance et un soin tout particulier accord\u00e9 aux petits d\u00e9tails qui font la diff\u00e9rence. ROUGE, c&rsquo;est aussi&nbsp;une partition \u0153nologique m\u00e9morable autour d\u2019accords justes et inspir\u00e9s des cr\u00e9ations du chef, nourris de flacons d\u2019ici et d\u2019ailleurs.<\/p>\n<p style=\"font-weight: 400;\">A unique experience, revealed in a warm setting where marble and brass mingle with the warmth of wood and velvet, in a cameo of carmine and terracotta, or in fine weather by candlelight under the stars.<\/p>\t\t\t\t\t\t\t\t<\/div>\n\t\t\t\t<\/div>\n\t\t\t\t<div class=\"elementor-element elementor-element-d99a162 elementor-widget elementor-widget-image\" data-id=\"d99a162\" data-element_type=\"widget\" data-e-type=\"widget\" data-widget_type=\"image.default\">\n\t\t\t\t<div class=\"elementor-widget-container\">\n\t\t\t\t\t\t\t\t\t\t\t\t\t\t\t<img decoding=\"async\" width=\"300\" height=\"96\" src=\"https:\/\/www.margaret-hotelchouleur.com\/wp-content\/uploads\/2023\/11\/Logo_ROUGE-1.png\" class=\"attachment-large size-large wp-image-7385\" alt=\"\" srcset=\"https:\/\/www.margaret-hotelchouleur.com\/wp-content\/uploads\/2023\/11\/Logo_ROUGE-1.png 300w, https:\/\/www.margaret-hotelchouleur.com\/wp-content\/uploads\/2023\/11\/Logo_ROUGE-1-18x6.png 18w\" sizes=\"(max-width: 300px) 100vw, 300px\" \/>\t\t\t\t\t\t\t\t\t\t\t\t\t\t\t<\/div>\n\t\t\t\t<\/div>\n\t\t\t\t<div class=\"elementor-element elementor-element-c6835f4 elementor-widget elementor-widget-image\" data-id=\"c6835f4\" data-element_type=\"widget\" data-e-type=\"widget\" data-widget_type=\"image.default\">\n\t\t\t\t<div class=\"elementor-widget-container\">\n\t\t\t\t\t\t\t\t\t\t\t\t\t\t\t<img fetchpriority=\"high\" decoding=\"async\" width=\"550\" height=\"600\" src=\"https:\/\/www.margaret-hotelchouleur.com\/wp-content\/uploads\/2024\/04\/Etoile_Michelin-white.png\" class=\"attachment-large size-large wp-image-7959\" alt=\"\" srcset=\"https:\/\/www.margaret-hotelchouleur.com\/wp-content\/uploads\/2024\/04\/Etoile_Michelin-white.png 550w, https:\/\/www.margaret-hotelchouleur.com\/wp-content\/uploads\/2024\/04\/Etoile_Michelin-white-275x300.png 275w, https:\/\/www.margaret-hotelchouleur.com\/wp-content\/uploads\/2024\/04\/Etoile_Michelin-white-11x12.png 11w\" sizes=\"(max-width: 550px) 100vw, 550px\" \/>\t\t\t\t\t\t\t\t\t\t\t\t\t\t\t<\/div>\n\t\t\t\t<\/div>\n\t\t\t\t<div class=\"elementor-element elementor-element-07da189 elementor-widget elementor-widget-text-editor\" data-id=\"07da189\" data-element_type=\"widget\" data-e-type=\"widget\" data-widget_type=\"text-editor.default\">\n\t\t\t\t<div class=\"elementor-widget-container\">\n\t\t\t\t\t\t\t\t\t<p>Menu Corail en 3 temps, au d\u00e9jeuner &#8211; 50\u20ac<\/p><p>Menu Carmin en 5 temps &#8211; 95\u20ac<\/p><p>Menu Grenat en 7 temps &#8211; 135\u20ac<\/p>\t\t\t\t\t\t\t\t<\/div>\n\t\t\t\t<\/div>\n\t\t\t\t<div class=\"elementor-element elementor-element-f96cd24 elementor-mobile-align-center elementor-align-center elementor-widget__width-initial elementor-widget elementor-widget-button\" data-id=\"f96cd24\" data-element_type=\"widget\" data-e-type=\"widget\" data-widget_type=\"button.default\">\n\t\t\t\t<div class=\"elementor-widget-container\">\n\t\t\t\t\t\t\t\t\t<div class=\"elementor-button-wrapper\">\n\t\t\t\t\t<a class=\"elementor-button elementor-button-link elementor-size-sm\" href=\"https:\/\/www.calameo.com\/read\/007652990ccdf010a9906\" rel=\"nofollow noopener\" target=\"_blank\">\n\t\t\t\t\t\t<span class=\"elementor-button-content-wrapper\">\n\t\t\t\t\t\t\t\t\t<span class=\"elementor-button-text\">THE MENU OF THE MOMENT<\/span>\n\t\t\t\t\t<\/span>\n\t\t\t\t\t<\/a>\n\t\t\t\t<\/div>\n\t\t\t\t\t\t\t\t<\/div>\n\t\t\t\t<\/div>\n\t\t\t\t<div class=\"elementor-element elementor-element-b5b21eb elementor-widget-divider--view-line elementor-widget elementor-widget-divider\" data-id=\"b5b21eb\" data-element_type=\"widget\" data-e-type=\"widget\" data-widget_type=\"divider.default\">\n\t\t\t\t<div class=\"elementor-widget-container\">\n\t\t\t\t\t\t\t<div class=\"elementor-divider\">\n\t\t\t<span class=\"elementor-divider-separator\">\n\t\t\t\t\t\t<\/span>\n\t\t<\/div>\n\t\t\t\t\t\t<\/div>\n\t\t\t\t<\/div>\n\t\t\t\t<div class=\"elementor-element elementor-element-3a6aa39 elementor-widget elementor-widget-text-editor\" data-id=\"3a6aa39\" data-element_type=\"widget\" data-e-type=\"widget\" data-widget_type=\"text-editor.default\">\n\t\t\t\t<div class=\"elementor-widget-container\">\n\t\t\t\t\t\t\t\t\t<div>RED<\/div><div>6 Fresque Street<\/div><div>30000 N\u00ceMES<\/div><div>+334 48 27 08 01<\/div><div><span style=\"color: var( --e-global-color-5d4cf0f ); background-color: var( --e-global-color-55f939f ); font-size: 1rem;\">\u00a0<\/span><\/div><div><p><span style=\"color: var( --e-global-color-5d4cf0f ); background-color: var( --e-global-color-55f939f ); font-size: 1rem;\">Du mardi au samedi au d\u00eener.<\/span><\/p><p><span style=\"background-color: var( --e-global-color-55f939f ); color: var( --e-global-color-5d4cf0f ); font-size: 1rem;\">Les jeudis, vendredis et samedis au d\u00e9jeuner.<\/span><\/p><p><span style=\"color: var( --e-global-color-5d4cf0f ); background-color: var( --e-global-color-55f939f ); font-size: 1rem;\">Lunch is served from 12pm to 1.30pm.<\/span><\/p><p>Au d\u00eener, service de 19h \u00e0 21h30.<\/p><\/div><div><strong><a href=\"https:\/\/widget.thefork.com\/fr\/4621b76f-0b8f-4d21-b011-bad68a5d8b52?utm_source=website\" rel=\"nofollow noopener\" target=\"_blank\">BOOK NOW<\/a><\/strong><\/div><div>\u00a0<\/div><div><div>\u00a0<\/div><\/div>\t\t\t\t\t\t\t\t<\/div>\n\t\t\t\t<\/div>\n\t\t\t\t<div class=\"elementor-element elementor-element-750cf80 elementor-widget elementor-widget-spacer\" data-id=\"750cf80\" data-element_type=\"widget\" data-e-type=\"widget\" data-widget_type=\"spacer.default\">\n\t\t\t\t<div class=\"elementor-widget-container\">\n\t\t\t\t\t\t\t<div class=\"elementor-spacer\">\n\t\t\t<div class=\"elementor-spacer-inner\"><\/div>\n\t\t<\/div>\n\t\t\t\t\t\t<\/div>\n\t\t\t\t<\/div>\n\t\t\t\t\t<\/div>\n\t\t<\/div>\n\t\t\t\t<div class=\"elementor-column elementor-col-50 elementor-top-column elementor-element elementor-element-0c802af\" data-id=\"0c802af\" data-element_type=\"column\" data-e-type=\"column\" data-settings=\"{&quot;background_background&quot;:&quot;classic&quot;}\">\n\t\t\t<div class=\"elementor-widget-wrap elementor-element-populated\">\n\t\t\t\t\t\t<div class=\"elementor-element elementor-element-e56cb21 elementor-widget elementor-widget-spacer\" data-id=\"e56cb21\" data-element_type=\"widget\" data-e-type=\"widget\" data-widget_type=\"spacer.default\">\n\t\t\t\t<div class=\"elementor-widget-container\">\n\t\t\t\t\t\t\t<div class=\"elementor-spacer\">\n\t\t\t<div class=\"elementor-spacer-inner\"><\/div>\n\t\t<\/div>\n\t\t\t\t\t\t<\/div>\n\t\t\t\t<\/div>\n\t\t\t\t\t<\/div>\n\t\t<\/div>\n\t\t\t\t\t<\/div>\n\t\t<\/section>\n\t\t\t\t<section class=\"elementor-section elementor-top-section elementor-element elementor-element-5cde923 elementor-section-boxed elementor-section-height-default elementor-section-height-default\" data-id=\"5cde923\" data-element_type=\"section\" data-e-type=\"section\" data-settings=\"{&quot;background_background&quot;:&quot;classic&quot;}\">\n\t\t\t\t\t\t<div class=\"elementor-container elementor-column-gap-default\">\n\t\t\t\t\t<div class=\"elementor-column elementor-col-100 elementor-top-column elementor-element elementor-element-47825ce\" data-id=\"47825ce\" data-element_type=\"column\" data-e-type=\"column\">\n\t\t\t<div class=\"elementor-widget-wrap elementor-element-populated\">\n\t\t\t\t\t\t<div class=\"elementor-element elementor-element-8d25243 elementor-icon-list--layout-inline elementor-align-center elementor-widget__width-initial elementor-mobile-align-start elementor-list-item-link-full_width elementor-widget elementor-widget-icon-list\" data-id=\"8d25243\" data-element_type=\"widget\" data-e-type=\"widget\" data-widget_type=\"icon-list.default\">\n\t\t\t\t<div class=\"elementor-widget-container\">\n\t\t\t\t\t\t\t<ul class=\"elementor-icon-list-items elementor-inline-items\">\n\t\t\t\t\t\t\t<li class=\"elementor-icon-list-item elementor-inline-item\">\n\t\t\t\t\t\t\t\t\t\t\t<a href=\"tel:04%2048%2027%2008%2001\">\n\n\t\t\t\t\t\t\t\t\t\t\t\t<span class=\"elementor-icon-list-icon\">\n\t\t\t\t\t\t\t<i aria-hidden=\"true\" class=\"fas fa-phone-alt\"><\/i>\t\t\t\t\t\t<\/span>\n\t\t\t\t\t\t\t\t\t\t<span class=\"elementor-icon-list-text\">04 48 27 08 01<\/span>\n\t\t\t\t\t\t\t\t\t\t\t<\/a>\n\t\t\t\t\t\t\t\t\t<\/li>\n\t\t\t\t\t\t\t\t<li class=\"elementor-icon-list-item elementor-inline-item\">\n\t\t\t\t\t\t\t\t\t\t\t<a href=\"mailto:rouge@margaret-hotelchouleur.com\">\n\n\t\t\t\t\t\t\t\t\t\t\t\t<span class=\"elementor-icon-list-icon\">\n\t\t\t\t\t\t\t<i aria-hidden=\"true\" class=\"fas fa-envelope\"><\/i>\t\t\t\t\t\t<\/span>\n\t\t\t\t\t\t\t\t\t\t<span class=\"elementor-icon-list-text\">rouge@margaret-hotelchouleur.com<\/span>\n\t\t\t\t\t\t\t\t\t\t\t<\/a>\n\t\t\t\t\t\t\t\t\t<\/li>\n\t\t\t\t\t\t<\/ul>\n\t\t\t\t\t\t<\/div>\n\t\t\t\t<\/div>\n\t\t\t\t\t<\/div>\n\t\t<\/div>\n\t\t\t\t\t<\/div>\n\t\t<\/section>\n\t\t\t\t<section class=\"elementor-section elementor-top-section elementor-element elementor-element-ff12220 elementor-section-boxed elementor-section-height-default elementor-section-height-default\" data-id=\"ff12220\" data-element_type=\"section\" data-e-type=\"section\">\n\t\t\t\t\t\t<div class=\"elementor-container elementor-column-gap-default\">\n\t\t\t\t\t<div class=\"elementor-column elementor-col-50 elementor-top-column elementor-element elementor-element-84e3ce9\" data-id=\"84e3ce9\" data-element_type=\"column\" data-e-type=\"column\" data-settings=\"{&quot;background_background&quot;:&quot;classic&quot;}\">\n\t\t\t<div class=\"elementor-widget-wrap elementor-element-populated\">\n\t\t\t\t\t\t<div class=\"elementor-element elementor-element-5227065 elementor-widget elementor-widget-spacer\" data-id=\"5227065\" data-element_type=\"widget\" data-e-type=\"widget\" data-widget_type=\"spacer.default\">\n\t\t\t\t<div class=\"elementor-widget-container\">\n\t\t\t\t\t\t\t<div class=\"elementor-spacer\">\n\t\t\t<div class=\"elementor-spacer-inner\"><\/div>\n\t\t<\/div>\n\t\t\t\t\t\t<\/div>\n\t\t\t\t<\/div>\n\t\t\t\t\t<\/div>\n\t\t<\/div>\n\t\t\t\t<div class=\"elementor-column elementor-col-50 elementor-top-column elementor-element elementor-element-262e4de\" data-id=\"262e4de\" data-element_type=\"column\" data-e-type=\"column\" data-settings=\"{&quot;background_background&quot;:&quot;classic&quot;}\">\n\t\t\t<div class=\"elementor-widget-wrap elementor-element-populated\">\n\t\t\t\t\t\t<div class=\"elementor-element elementor-element-3b5aae9 elementor-widget elementor-widget-spacer\" data-id=\"3b5aae9\" data-element_type=\"widget\" data-e-type=\"widget\" data-widget_type=\"spacer.default\">\n\t\t\t\t<div class=\"elementor-widget-container\">\n\t\t\t\t\t\t\t<div class=\"elementor-spacer\">\n\t\t\t<div class=\"elementor-spacer-inner\"><\/div>\n\t\t<\/div>\n\t\t\t\t\t\t<\/div>\n\t\t\t\t<\/div>\n\t\t\t\t<div class=\"elementor-element elementor-element-d7f77b9 elementor-widget elementor-widget-heading\" data-id=\"d7f77b9\" data-element_type=\"widget\" data-e-type=\"widget\" data-widget_type=\"heading.default\">\n\t\t\t\t<div class=\"elementor-widget-container\">\n\t\t\t\t\t<h2 class=\"elementor-heading-title elementor-size-default\">THE CHIEF<br>LUKA-TAO DEBENATH<\/h2>\t\t\t\t<\/div>\n\t\t\t\t<\/div>\n\t\t\t\t<div class=\"elementor-element elementor-element-3b91937 elementor-widget elementor-widget-spacer\" data-id=\"3b91937\" data-element_type=\"widget\" data-e-type=\"widget\" data-widget_type=\"spacer.default\">\n\t\t\t\t<div class=\"elementor-widget-container\">\n\t\t\t\t\t\t\t<div class=\"elementor-spacer\">\n\t\t\t<div class=\"elementor-spacer-inner\"><\/div>\n\t\t<\/div>\n\t\t\t\t\t\t<\/div>\n\t\t\t\t<\/div>\n\t\t\t\t<div class=\"elementor-element elementor-element-1065e7c elementor-widget elementor-widget-text-editor\" data-id=\"1065e7c\" data-element_type=\"widget\" data-e-type=\"widget\" data-widget_type=\"text-editor.default\">\n\t\t\t\t<div class=\"elementor-widget-container\">\n\t\t\t\t\t\t\t\t\t<p><span class=\"outlook-search-highlight\">Luka<\/span>-Tao DEBENATH began his career at the age of 18 at the 3-star Plaza Ath\u00e9n\u00e9e in Paris under Alain DUCASSE, where he stayed for almost three years before joining the kitchens of the 3-star Guy SAVOY restaurant in Paris. He continued his international career, firstly at the Saint Regis Bora Bora restaurant designed by chef Jean-Georges VONGERICHTEN - 3 stars in the United States - then helping to open a pastry and catering business in San Francisco. On his return to France, he gained further experience, notably at the Jardin des Plumes - 1 star, Paris - with David GALLIENNE, before joining the Domaine de Manville in Les Baux-de-Provence, where he worked for three years as sous-chef and then assistant chef to Lieven VAN AKEN.<\/p>\t\t\t\t\t\t\t\t<\/div>\n\t\t\t\t<\/div>\n\t\t\t\t<div class=\"elementor-element elementor-element-d7db7e0 elementor-widget elementor-widget-spacer\" data-id=\"d7db7e0\" data-element_type=\"widget\" data-e-type=\"widget\" data-widget_type=\"spacer.default\">\n\t\t\t\t<div class=\"elementor-widget-container\">\n\t\t\t\t\t\t\t<div class=\"elementor-spacer\">\n\t\t\t<div class=\"elementor-spacer-inner\"><\/div>\n\t\t<\/div>\n\t\t\t\t\t\t<\/div>\n\t\t\t\t<\/div>\n\t\t\t\t\t<\/div>\n\t\t<\/div>\n\t\t\t\t\t<\/div>\n\t\t<\/section>\n\t\t\t\t<section class=\"elementor-section elementor-top-section elementor-element elementor-element-0109403 section-trois-buttons elementor-hidden-phone elementor-section-boxed elementor-section-height-default elementor-section-height-default\" data-id=\"0109403\" data-element_type=\"section\" data-e-type=\"section\">\n\t\t\t\t\t\t<div class=\"elementor-container elementor-column-gap-default\">\n\t\t\t\t\t<div class=\"elementor-column elementor-col-100 elementor-top-column elementor-element elementor-element-eaf05f8\" data-id=\"eaf05f8\" data-element_type=\"column\" data-e-type=\"column\">\n\t\t\t<div class=\"elementor-widget-wrap elementor-element-populated\">\n\t\t\t\t\t\t<div class=\"elementor-element elementor-element-2df42b8 elementor-widget__width-auto elementor-align-center bouton-rouge elementor-widget elementor-widget-button\" data-id=\"2df42b8\" data-element_type=\"widget\" data-e-type=\"widget\" data-widget_type=\"button.default\">\n\t\t\t\t<div class=\"elementor-widget-container\">\n\t\t\t\t\t\t\t\t\t<div class=\"elementor-button-wrapper\">\n\t\t\t\t\t<a class=\"elementor-button elementor-button-link elementor-size-sm\" href=\"https:\/\/widget.thefork.com\/fr\/4621b76f-0b8f-4d21-b011-bad68a5d8b52?utm_source=website\" target=\"_blank\" rel=\"nofollow noopener\">\n\t\t\t\t\t\t<span class=\"elementor-button-content-wrapper\">\n\t\t\t\t\t\t\t\t\t<span class=\"elementor-button-text\">Book a table<\/span>\n\t\t\t\t\t<\/span>\n\t\t\t\t\t<\/a>\n\t\t\t\t<\/div>\n\t\t\t\t\t\t\t\t<\/div>\n\t\t\t\t<\/div>\n\t\t\t\t<div class=\"elementor-element elementor-element-396c7d6 elementor-widget__width-auto bouton-bleu elementor-widget elementor-widget-button\" data-id=\"396c7d6\" data-element_type=\"widget\" data-e-type=\"widget\" data-widget_type=\"button.default\">\n\t\t\t\t<div class=\"elementor-widget-container\">\n\t\t\t\t\t\t\t\t\t<div class=\"elementor-button-wrapper\">\n\t\t\t\t\t<a class=\"elementor-button elementor-button-link elementor-size-sm\" href=\"tel:+33%20(0)4%2048%2027%2008%2001\">\n\t\t\t\t\t\t<span class=\"elementor-button-content-wrapper\">\n\t\t\t\t\t\t\t\t\t<span class=\"elementor-button-text\"><i class=\"fas fa-phone-alt\"><\/i><\/span>\n\t\t\t\t\t<\/span>\n\t\t\t\t\t<\/a>\n\t\t\t\t<\/div>\n\t\t\t\t\t\t\t\t<\/div>\n\t\t\t\t<\/div>\n\t\t\t\t<div class=\"elementor-element elementor-element-0c8dbc0 elementor-widget__width-auto bouton-bleu elementor-hidden-desktop elementor-hidden-tablet elementor-hidden-phone elementor-widget elementor-widget-button\" data-id=\"0c8dbc0\" data-element_type=\"widget\" data-e-type=\"widget\" data-widget_type=\"button.default\">\n\t\t\t\t<div class=\"elementor-widget-container\">\n\t\t\t\t\t\t\t\t\t<div class=\"elementor-button-wrapper\">\n\t\t\t\t\t<a class=\"elementor-button elementor-button-link elementor-size-sm\" href=\"#\">\n\t\t\t\t\t\t<span class=\"elementor-button-content-wrapper\">\n\t\t\t\t\t\t\t\t\t<span class=\"elementor-button-text\">The map<\/span>\n\t\t\t\t\t<\/span>\n\t\t\t\t\t<\/a>\n\t\t\t\t<\/div>\n\t\t\t\t\t\t\t\t<\/div>\n\t\t\t\t<\/div>\n\t\t\t\t\t<\/div>\n\t\t<\/div>\n\t\t\t\t\t<\/div>\n\t\t<\/section>\n\t\t\t\t<\/div>","protected":false},"excerpt":{"rendered":"<p>\u00c0 N\u00eemes, au c\u0153ur du Margaret &#8211; H\u00f4tel Chouleur, ROUGE invite \u00e0 un voyage gastronomique qui fait la part belle aux produits des terroirs Gardois et Languedocien, ponctu\u00e9s d\u2019un soup\u00e7on de go\u00fbts d\u2019ailleurs, orchestr\u00e9 par le chef Luka-Tao DEBENATH. Dans l\u2019assiette, les go\u00fbts sont francs et la cr\u00e9ativit\u00e9 est d\u00e9brid\u00e9e, avec pour saveurs phare le [&hellip;]<\/p>\n","protected":false},"author":7,"featured_media":0,"parent":1168,"menu_order":0,"comment_status":"closed","ping_status":"closed","template":"margaret.php","meta":{"inline_featured_image":false,"footnotes":""},"class_list":["post-1092","page","type-page","status-publish","hentry"],"_links":{"self":[{"href":"https:\/\/www.margaret-hotelchouleur.com\/en\/wp-json\/wp\/v2\/pages\/1092","targetHints":{"allow":["GET"]}}],"collection":[{"href":"https:\/\/www.margaret-hotelchouleur.com\/en\/wp-json\/wp\/v2\/pages"}],"about":[{"href":"https:\/\/www.margaret-hotelchouleur.com\/en\/wp-json\/wp\/v2\/types\/page"}],"author":[{"embeddable":true,"href":"https:\/\/www.margaret-hotelchouleur.com\/en\/wp-json\/wp\/v2\/users\/7"}],"replies":[{"embeddable":true,"href":"https:\/\/www.margaret-hotelchouleur.com\/en\/wp-json\/wp\/v2\/comments?post=1092"}],"version-history":[{"count":928,"href":"https:\/\/www.margaret-hotelchouleur.com\/en\/wp-json\/wp\/v2\/pages\/1092\/revisions"}],"predecessor-version":[{"id":9580,"href":"https:\/\/www.margaret-hotelchouleur.com\/en\/wp-json\/wp\/v2\/pages\/1092\/revisions\/9580"}],"up":[{"embeddable":true,"href":"https:\/\/www.margaret-hotelchouleur.com\/en\/wp-json\/wp\/v2\/pages\/1168"}],"wp:attachment":[{"href":"https:\/\/www.margaret-hotelchouleur.com\/en\/wp-json\/wp\/v2\/media?parent=1092"}],"curies":[{"name":"wp","href":"https:\/\/api.w.org\/{rel}","templated":true}]}}