{"id":4033,"date":"2021-06-09T00:21:03","date_gmt":"2021-06-08T22:21:03","guid":{"rendered":"https:\/\/www.margaret-hotelchouleur.com\/?page_id=4033"},"modified":"2024-04-25T09:55:37","modified_gmt":"2024-04-25T07:55:37","slug":"que-faire-en-camargue-3","status":"publish","type":"page","link":"https:\/\/www.margaret-hotelchouleur.com\/en\/visiter-nime\/que-faire-en-camargue-3\/","title":{"rendered":"Uz\u00e8s"},"content":{"rendered":"<div data-elementor-type=\"wp-page\" data-elementor-id=\"4033\" class=\"elementor elementor-4033\" data-elementor-post-type=\"page\">\n\t\t\t\t\t\t<section class=\"elementor-section elementor-top-section elementor-element elementor-element-229a0bf elementor-section-boxed elementor-section-height-default elementor-section-height-default\" data-id=\"229a0bf\" data-element_type=\"section\" data-e-type=\"section\">\n\t\t\t\t\t\t<div class=\"elementor-container elementor-column-gap-default\">\n\t\t\t\t\t<div class=\"elementor-column elementor-col-100 elementor-top-column elementor-element elementor-element-94bb45c\" data-id=\"94bb45c\" data-element_type=\"column\" data-e-type=\"column\" data-settings=\"{&quot;background_background&quot;:&quot;classic&quot;}\">\n\t\t\t<div class=\"elementor-widget-wrap elementor-element-populated\">\n\t\t\t\t\t\t<div class=\"elementor-element elementor-element-0e68c17 elementor-widget elementor-widget-spacer\" data-id=\"0e68c17\" data-element_type=\"widget\" data-e-type=\"widget\" data-widget_type=\"spacer.default\">\n\t\t\t\t<div class=\"elementor-widget-container\">\n\t\t\t\t\t\t\t<div class=\"elementor-spacer\">\n\t\t\t<div class=\"elementor-spacer-inner\"><\/div>\n\t\t<\/div>\n\t\t\t\t\t\t<\/div>\n\t\t\t\t<\/div>\n\t\t\t\t<div class=\"elementor-element elementor-element-eb0bf0e elementor-widget elementor-widget-heading\" data-id=\"eb0bf0e\" data-element_type=\"widget\" data-e-type=\"widget\" data-widget_type=\"heading.default\">\n\t\t\t\t<div class=\"elementor-widget-container\">\n\t\t\t\t\t<h1 class=\"elementor-heading-title elementor-size-default\">Visit uzes <\/h1>\t\t\t\t<\/div>\n\t\t\t\t<\/div>\n\t\t\t\t<div class=\"elementor-element elementor-element-cedc565 elementor-widget elementor-widget-spacer\" data-id=\"cedc565\" data-element_type=\"widget\" data-e-type=\"widget\" data-widget_type=\"spacer.default\">\n\t\t\t\t<div class=\"elementor-widget-container\">\n\t\t\t\t\t\t\t<div class=\"elementor-spacer\">\n\t\t\t<div class=\"elementor-spacer-inner\"><\/div>\n\t\t<\/div>\n\t\t\t\t\t\t<\/div>\n\t\t\t\t<\/div>\n\t\t\t\t<div class=\"elementor-element elementor-element-dabd09f imagefloat elementor-hidden-tablet elementor-hidden-mobile elementor-view-default elementor-widget elementor-widget-icon\" data-id=\"dabd09f\" data-element_type=\"widget\" data-e-type=\"widget\" data-widget_type=\"icon.default\">\n\t\t\t\t<div class=\"elementor-widget-container\">\n\t\t\t\t\t\t\t<div class=\"elementor-icon-wrapper\">\n\t\t\t<div class=\"elementor-icon\">\n\t\t\t<svg xmlns=\"http:\/\/www.w3.org\/2000\/svg\" xmlns:xlink=\"http:\/\/www.w3.org\/1999\/xlink\" id=\"Calque_1\" x=\"0px\" y=\"0px\" viewbox=\"0 0 147.97 75.59\" style=\"enable-background:new 0 0 147.97 75.59;\" xml:space=\"preserve\"><polyline style=\"fill:none;stroke:#FFFFFF;stroke-width:5;stroke-linecap:round;stroke-linejoin:round;stroke-miterlimit:10;\" points=\"  115.15,24.29 75.72,63.72 34.58,22.59 \"><\/polyline><\/svg>\t\t\t<\/div>\n\t\t<\/div>\n\t\t\t\t\t\t<\/div>\n\t\t\t\t<\/div>\n\t\t\t\t\t<\/div>\n\t\t<\/div>\n\t\t\t\t\t<\/div>\n\t\t<\/section>\n\t\t\t\t<section class=\"elementor-section elementor-top-section elementor-element elementor-element-13ff91cc elementor-section-full_width elementor-section-height-default elementor-section-height-default\" data-id=\"13ff91cc\" data-element_type=\"section\" data-e-type=\"section\" data-settings=\"{&quot;background_background&quot;:&quot;classic&quot;}\">\n\t\t\t\t\t\t<div class=\"elementor-container elementor-column-gap-no\">\n\t\t\t\t\t<div class=\"elementor-column elementor-col-100 elementor-top-column elementor-element elementor-element-afc87b4\" data-id=\"afc87b4\" data-element_type=\"column\" data-e-type=\"column\">\n\t\t\t<div class=\"elementor-widget-wrap elementor-element-populated\">\n\t\t\t\t\t\t<section class=\"elementor-section elementor-inner-section elementor-element elementor-element-5c2d205d section-hmc monog-fond elementor-section-boxed elementor-section-height-default elementor-section-height-default\" data-id=\"5c2d205d\" data-element_type=\"section\" data-e-type=\"section\">\n\t\t\t\t\t\t\t<div class=\"elementor-background-overlay\"><\/div>\n\t\t\t\t\t\t\t<div class=\"elementor-container elementor-column-gap-default\">\n\t\t\t\t\t<div class=\"elementor-column elementor-col-100 elementor-inner-column elementor-element elementor-element-6fa69cf5\" data-id=\"6fa69cf5\" data-element_type=\"column\" data-e-type=\"column\">\n\t\t\t<div class=\"elementor-widget-wrap elementor-element-populated\">\n\t\t\t\t\t\t<div class=\"elementor-element elementor-element-6b175634 elementor-widget elementor-widget-text-editor\" data-id=\"6b175634\" data-element_type=\"widget\" data-e-type=\"widget\" data-widget_type=\"text-editor.default\">\n\t\t\t\t<div class=\"elementor-widget-container\">\n\t\t\t\t\t\t\t\t\t<p>Under the patronage of the majestic Pont du Gard, the Uz\u00e8ge region, with its rolling landscapes and Tuscan flavours, is blessed with rare qualities and an innate ability to suspend time. Just 25 km from N\u00eemes, Uz\u00e8s, the first Duchy in France to be awarded the \"Town of Art and History\" label, boasts an exceptional heritage. Entering Uz\u00e8s is like stepping back in time. Wander through its medieval streets and admire the architecture of its monuments. This is a town steeped in history!<\/p>\n<p>It was first occupied by the Romans, who harnessed the water from the Eure Valley, which rises in Uz\u00e8s, and transported it to N\u00eemes. To do this, they built a 49 km long aqueduct, the most famous part of which is still standing today: the Pont du Gard, of course. From the 5th century onwards, it became a powerful bishopric: the Diocese of Uz\u00e8s would become one of the most important in Languedoc over the following centuries. The town's emblem is its Duchy. Uz\u00e8s is famous for having been the 1st Duchy of France in 1632 and is still the oldest surviving French Duchy.<\/p>\n<p>When you arrive, start by wandering through the medieval streets: it's the best way to discover the town's many monuments, as well as the many boutiques and art galleries housed in the old buildings. Don't hesitate to enter the cathedral of Saint-Th\u00e9odorit and the church of Saint-Etienne. You can also visit the Duchy. In the heart of the town, don't miss the Jardin M\u00e9di\u00e9val, created in 1995 to illustrate the virtues and uses of plants in the Middle Ages. After your stroll through the garden, don't forget to climb the 100 steps of the King's Tower for a panoramic view of the town and its region.<\/p>\t\t\t\t\t\t\t\t<\/div>\n\t\t\t\t<\/div>\n\t\t\t\t\t<\/div>\n\t\t<\/div>\n\t\t\t\t\t<\/div>\n\t\t<\/section>\n\t\t\t\t\t<\/div>\n\t\t<\/div>\n\t\t\t\t\t<\/div>\n\t\t<\/section>\n\t\t\t\t<section class=\"elementor-section elementor-top-section elementor-element elementor-element-7b5e664 elementor-section-content-middle elementor-section-boxed elementor-section-height-default elementor-section-height-default\" data-id=\"7b5e664\" data-element_type=\"section\" data-e-type=\"section\">\n\t\t\t\t\t\t<div class=\"elementor-container elementor-column-gap-default\">\n\t\t\t\t\t<div class=\"elementor-column elementor-col-100 elementor-top-column elementor-element elementor-element-72a42c0\" data-id=\"72a42c0\" data-element_type=\"column\" data-e-type=\"column\" data-settings=\"{&quot;background_background&quot;:&quot;classic&quot;}\">\n\t\t\t<div class=\"elementor-widget-wrap elementor-element-populated\">\n\t\t\t\t\t\t<div class=\"elementor-element elementor-element-69bd72c elementor-nav-menu--dropdown-tablet elementor-nav-menu__text-align-aside elementor-nav-menu--toggle elementor-nav-menu--burger elementor-widget elementor-widget-nav-menu\" data-id=\"69bd72c\" data-element_type=\"widget\" data-e-type=\"widget\" data-settings=\"{&quot;layout&quot;:&quot;horizontal&quot;,&quot;submenu_icon&quot;:{&quot;value&quot;:&quot;&lt;i class=\\&quot;fas fa-caret-down\\&quot; aria-hidden=\\&quot;true\\&quot;&gt;&lt;\\\/i&gt;&quot;,&quot;library&quot;:&quot;fa-solid&quot;},&quot;toggle&quot;:&quot;burger&quot;}\" data-widget_type=\"nav-menu.default\">\n\t\t\t\t<div class=\"elementor-widget-container\">\n\t\t\t\t\t\t\t\t<nav aria-label=\"Menu\" class=\"elementor-nav-menu--main elementor-nav-menu__container elementor-nav-menu--layout-horizontal e--pointer-underline e--animation-fade\">\n\t\t\t\t<ul id=\"menu-1-69bd72c\" class=\"elementor-nav-menu\"><li class=\"menu-item menu-item-type-post_type menu-item-object-page menu-item-4053\"><a href=\"https:\/\/www.margaret-hotelchouleur.com\/en\/visiter-nime\/arenes-nimes\/\" class=\"elementor-item\">N\u00eemes<\/a><\/li>\n<li class=\"menu-item menu-item-type-post_type menu-item-object-page menu-item-4038\"><a href=\"https:\/\/www.margaret-hotelchouleur.com\/en\/visiter-nime\/que-faire-en-camargue-3\/\" class=\"elementor-item\">Uz\u00e8s<\/a><\/li>\n<li class=\"menu-item menu-item-type-post_type menu-item-object-page menu-item-4052\"><a href=\"https:\/\/www.margaret-hotelchouleur.com\/en\/visiter-nime\/le-pont-du-gard\/\" class=\"elementor-item\">The Pont du Gard<\/a><\/li>\n<li class=\"menu-item menu-item-type-post_type menu-item-object-page menu-item-4051\"><a href=\"https:\/\/www.margaret-hotelchouleur.com\/en\/visiter-nime\/visiter-arles\/\" class=\"elementor-item\">Arles<\/a><\/li>\n<li class=\"menu-item menu-item-type-post_type menu-item-object-page menu-item-4050\"><a href=\"https:\/\/www.margaret-hotelchouleur.com\/en\/visiter-nime\/que-faire-en-camargue\/\" class=\"elementor-item\">The Camargue<\/a><\/li>\n<li class=\"menu-item menu-item-type-post_type menu-item-object-page menu-item-4167\"><a href=\"https:\/\/www.margaret-hotelchouleur.com\/en\/visiter-nime\/que-faire-en-camargue-2\/\" class=\"elementor-item\">The Cevennes<\/a><\/li>\n<\/ul>\t\t\t<\/nav>\n\t\t\t\t\t<div class=\"elementor-menu-toggle\" role=\"button\" tabindex=\"0\" aria-label=\"Toggle menu\" aria-expanded=\"false\">\n\t\t\t<i aria-hidden=\"true\" role=\"presentation\" class=\"elementor-menu-toggle__icon--open eicon-menu-bar\"><\/i><i aria-hidden=\"true\" role=\"presentation\" class=\"elementor-menu-toggle__icon--close eicon-close\"><\/i>\t\t<\/div>\n\t\t\t\t\t<nav class=\"elementor-nav-menu--dropdown elementor-nav-menu__container\" aria-hidden=\"true\">\n\t\t\t\t<ul id=\"menu-2-69bd72c\" class=\"elementor-nav-menu\"><li class=\"menu-item menu-item-type-post_type menu-item-object-page menu-item-4053\"><a href=\"https:\/\/www.margaret-hotelchouleur.com\/en\/visiter-nime\/arenes-nimes\/\" class=\"elementor-item\" tabindex=\"-1\">N\u00eemes<\/a><\/li>\n<li class=\"menu-item menu-item-type-post_type menu-item-object-page menu-item-4038\"><a href=\"https:\/\/www.margaret-hotelchouleur.com\/en\/visiter-nime\/que-faire-en-camargue-3\/\" class=\"elementor-item\" tabindex=\"-1\">Uz\u00e8s<\/a><\/li>\n<li class=\"menu-item menu-item-type-post_type menu-item-object-page menu-item-4052\"><a href=\"https:\/\/www.margaret-hotelchouleur.com\/en\/visiter-nime\/le-pont-du-gard\/\" class=\"elementor-item\" tabindex=\"-1\">The Pont du Gard<\/a><\/li>\n<li class=\"menu-item menu-item-type-post_type menu-item-object-page menu-item-4051\"><a href=\"https:\/\/www.margaret-hotelchouleur.com\/en\/visiter-nime\/visiter-arles\/\" class=\"elementor-item\" tabindex=\"-1\">Arles<\/a><\/li>\n<li class=\"menu-item menu-item-type-post_type menu-item-object-page menu-item-4050\"><a href=\"https:\/\/www.margaret-hotelchouleur.com\/en\/visiter-nime\/que-faire-en-camargue\/\" class=\"elementor-item\" tabindex=\"-1\">The Camargue<\/a><\/li>\n<li class=\"menu-item menu-item-type-post_type menu-item-object-page menu-item-4167\"><a href=\"https:\/\/www.margaret-hotelchouleur.com\/en\/visiter-nime\/que-faire-en-camargue-2\/\" class=\"elementor-item\" tabindex=\"-1\">The Cevennes<\/a><\/li>\n<\/ul>\t\t\t<\/nav>\n\t\t\t\t\t\t<\/div>\n\t\t\t\t<\/div>\n\t\t\t\t\t<\/div>\n\t\t<\/div>\n\t\t\t\t\t<\/div>\n\t\t<\/section>\n\t\t\t\t<\/div>","protected":false},"excerpt":{"rendered":"<p>Visiter uzes Sous le patronage du majestueux Pont du Gard, l\u2019Uz\u00e8ge avec ses paysages vallonn\u00e9s aux accents toscans est dot\u00e9 de qualit\u00e9s rares et du talent inn\u00e9 de suspendre le temps. \u00c0 seulement 25 km de N\u00eemes, Uz\u00e8s, premier Duch\u00e9 de France labellis\u00e9 \u00ab&nbsp;ville d\u2019art et d\u2019histoire&nbsp;\u00bb, offre un patrimoine exceptionnel. En p\u00e9n\u00e9trant dans Uz\u00e8s, [&hellip;]<\/p>\n","protected":false},"author":5,"featured_media":0,"parent":3981,"menu_order":0,"comment_status":"closed","ping_status":"closed","template":"","meta":{"inline_featured_image":false,"footnotes":""},"class_list":["post-4033","page","type-page","status-publish","hentry"],"_links":{"self":[{"href":"https:\/\/www.margaret-hotelchouleur.com\/en\/wp-json\/wp\/v2\/pages\/4033","targetHints":{"allow":["GET"]}}],"collection":[{"href":"https:\/\/www.margaret-hotelchouleur.com\/en\/wp-json\/wp\/v2\/pages"}],"about":[{"href":"https:\/\/www.margaret-hotelchouleur.com\/en\/wp-json\/wp\/v2\/types\/page"}],"author":[{"embeddable":true,"href":"https:\/\/www.margaret-hotelchouleur.com\/en\/wp-json\/wp\/v2\/users\/5"}],"replies":[{"embeddable":true,"href":"https:\/\/www.margaret-hotelchouleur.com\/en\/wp-json\/wp\/v2\/comments?post=4033"}],"version-history":[{"count":45,"href":"https:\/\/www.margaret-hotelchouleur.com\/en\/wp-json\/wp\/v2\/pages\/4033\/revisions"}],"predecessor-version":[{"id":8375,"href":"https:\/\/www.margaret-hotelchouleur.com\/en\/wp-json\/wp\/v2\/pages\/4033\/revisions\/8375"}],"up":[{"embeddable":true,"href":"https:\/\/www.margaret-hotelchouleur.com\/en\/wp-json\/wp\/v2\/pages\/3981"}],"wp:attachment":[{"href":"https:\/\/www.margaret-hotelchouleur.com\/en\/wp-json\/wp\/v2\/media?parent=4033"}],"curies":[{"name":"wp","href":"https:\/\/api.w.org\/{rel}","templated":true}]}}