{"id":4158,"date":"2021-06-10T11:41:03","date_gmt":"2021-06-10T09:41:03","guid":{"rendered":"https:\/\/www.margaret-hotelchouleur.com\/?page_id=4158"},"modified":"2024-04-25T09:59:17","modified_gmt":"2024-04-25T07:59:17","slug":"que-faire-en-camargue-2","status":"publish","type":"page","link":"https:\/\/www.margaret-hotelchouleur.com\/en\/visiter-nime\/que-faire-en-camargue-2\/","title":{"rendered":"The Cevennes"},"content":{"rendered":"<div data-elementor-type=\"wp-page\" data-elementor-id=\"4158\" class=\"elementor elementor-4158\" data-elementor-post-type=\"page\">\n\t\t\t\t\t\t<section class=\"elementor-section elementor-top-section elementor-element elementor-element-1e9071d elementor-section-boxed elementor-section-height-default elementor-section-height-default\" data-id=\"1e9071d\" data-element_type=\"section\" data-e-type=\"section\">\n\t\t\t\t\t\t<div class=\"elementor-container elementor-column-gap-default\">\n\t\t\t\t\t<div class=\"elementor-column elementor-col-100 elementor-top-column elementor-element elementor-element-acf2ef8\" data-id=\"acf2ef8\" data-element_type=\"column\" data-e-type=\"column\" data-settings=\"{&quot;background_background&quot;:&quot;classic&quot;}\">\n\t\t\t<div class=\"elementor-widget-wrap elementor-element-populated\">\n\t\t\t\t\t\t<div class=\"elementor-element elementor-element-6693e1a elementor-widget elementor-widget-spacer\" data-id=\"6693e1a\" data-element_type=\"widget\" data-e-type=\"widget\" data-widget_type=\"spacer.default\">\n\t\t\t\t<div class=\"elementor-widget-container\">\n\t\t\t\t\t\t\t<div class=\"elementor-spacer\">\n\t\t\t<div class=\"elementor-spacer-inner\"><\/div>\n\t\t<\/div>\n\t\t\t\t\t\t<\/div>\n\t\t\t\t<\/div>\n\t\t\t\t<div class=\"elementor-element elementor-element-0d7e0d8 elementor-widget elementor-widget-heading\" data-id=\"0d7e0d8\" data-element_type=\"widget\" data-e-type=\"widget\" data-widget_type=\"heading.default\">\n\t\t\t\t<div class=\"elementor-widget-container\">\n\t\t\t\t\t<h1 class=\"elementor-heading-title elementor-size-default\">THE CEVENES<\/h1>\t\t\t\t<\/div>\n\t\t\t\t<\/div>\n\t\t\t\t<div class=\"elementor-element elementor-element-25caac9 elementor-widget elementor-widget-spacer\" data-id=\"25caac9\" data-element_type=\"widget\" data-e-type=\"widget\" data-widget_type=\"spacer.default\">\n\t\t\t\t<div class=\"elementor-widget-container\">\n\t\t\t\t\t\t\t<div class=\"elementor-spacer\">\n\t\t\t<div class=\"elementor-spacer-inner\"><\/div>\n\t\t<\/div>\n\t\t\t\t\t\t<\/div>\n\t\t\t\t<\/div>\n\t\t\t\t<div class=\"elementor-element elementor-element-8f23634 imagefloat elementor-hidden-tablet elementor-hidden-mobile elementor-view-default elementor-widget elementor-widget-icon\" data-id=\"8f23634\" data-element_type=\"widget\" data-e-type=\"widget\" data-widget_type=\"icon.default\">\n\t\t\t\t<div class=\"elementor-widget-container\">\n\t\t\t\t\t\t\t<div class=\"elementor-icon-wrapper\">\n\t\t\t<div class=\"elementor-icon\">\n\t\t\t<svg xmlns=\"http:\/\/www.w3.org\/2000\/svg\" xmlns:xlink=\"http:\/\/www.w3.org\/1999\/xlink\" id=\"Calque_1\" x=\"0px\" y=\"0px\" viewbox=\"0 0 147.97 75.59\" style=\"enable-background:new 0 0 147.97 75.59;\" xml:space=\"preserve\"><polyline style=\"fill:none;stroke:#FFFFFF;stroke-width:5;stroke-linecap:round;stroke-linejoin:round;stroke-miterlimit:10;\" points=\"  115.15,24.29 75.72,63.72 34.58,22.59 \"><\/polyline><\/svg>\t\t\t<\/div>\n\t\t<\/div>\n\t\t\t\t\t\t<\/div>\n\t\t\t\t<\/div>\n\t\t\t\t\t<\/div>\n\t\t<\/div>\n\t\t\t\t\t<\/div>\n\t\t<\/section>\n\t\t\t\t<section class=\"elementor-section elementor-top-section elementor-element elementor-element-2c36cb2c elementor-section-full_width elementor-section-height-default elementor-section-height-default\" data-id=\"2c36cb2c\" data-element_type=\"section\" data-e-type=\"section\" data-settings=\"{&quot;background_background&quot;:&quot;classic&quot;}\">\n\t\t\t\t\t\t<div class=\"elementor-container elementor-column-gap-no\">\n\t\t\t\t\t<div class=\"elementor-column elementor-col-100 elementor-top-column elementor-element elementor-element-403b7c2d\" data-id=\"403b7c2d\" data-element_type=\"column\" data-e-type=\"column\">\n\t\t\t<div class=\"elementor-widget-wrap elementor-element-populated\">\n\t\t\t\t\t\t<section class=\"elementor-section elementor-inner-section elementor-element elementor-element-51b94f9c section-hmc monog-fond elementor-section-boxed elementor-section-height-default elementor-section-height-default\" data-id=\"51b94f9c\" data-element_type=\"section\" data-e-type=\"section\">\n\t\t\t\t\t\t\t<div class=\"elementor-background-overlay\"><\/div>\n\t\t\t\t\t\t\t<div class=\"elementor-container elementor-column-gap-default\">\n\t\t\t\t\t<div class=\"elementor-column elementor-col-100 elementor-inner-column elementor-element elementor-element-3be77c69\" data-id=\"3be77c69\" data-element_type=\"column\" data-e-type=\"column\">\n\t\t\t<div class=\"elementor-widget-wrap elementor-element-populated\">\n\t\t\t\t\t\t<div class=\"elementor-element elementor-element-52e01d72 elementor-widget elementor-widget-text-editor\" data-id=\"52e01d72\" data-element_type=\"widget\" data-e-type=\"widget\" data-widget_type=\"text-editor.default\">\n\t\t\t\t<div class=\"elementor-widget-container\">\n\t\t\t\t\t\t\t\t\t<p>A land of refuge, the C\u00e9vennes are renowned for their exceptional landscapes, their authenticity and their nature. The C\u00e9vennes is a great place to discover and meet people, stretching across several d\u00e9partements: Gard and Loz\u00e8re for the most part (most of the Parc National des C\u00e9vennes is in Loz\u00e8re), but also Ard\u00e8che and H\u00e9rault.\u00a0<\/p><p>From Mont Loz\u00e8re to Mont Aigoual, the C\u00e9vennes are a succession of wild high plateaux, ridges and valleys, offering sumptuous and varied panoramas. The region also boasts some remarkable villages: Pont-de-Montvert, Saint-Jean-du-Gard, strongly influenced by Protestantism, and the medieval villages of Sauve, V\u00e9z\u00e9nobres and La Garde-Gu\u00e9rin. A land of craftsmen and artists, the C\u00e9vennes have preserved ancestral skills such as fork-making in Sauve and vase-making in Anduze. Their rich past is palpable in the collections on display at Maison Rouge, the Mus\u00e9e des vall\u00e9es c\u00e9venoles in Saint-Jean-du-Gard, or the Mus\u00e9e du D\u00e9sert, dedicated to the tumultuous history of the Protestants. Gourmet delights are also on show, with chestnuts, C\u00e9vennes onions, V\u00e9z\u00e9nobres figs and the creamy P\u00e9lardon cheese, to be enjoyed with a good C\u00e9vennes PGI wine. To fully appreciate the beauty of the landscape, there's nothing like taking one of the many day-long or multi-day hiking trails, such as the famous Chemin de Stevenson (GR\u00ae70).<\/p><p>With more than 1,600 km of trails, accessible on foot and partly on horseback and mountain bike, the itineraries can be adapted to suit all levels and tastes. From a simple family stroll to a multi-day tour, there's something for everyone.\u00a0<\/p>\t\t\t\t\t\t\t\t<\/div>\n\t\t\t\t<\/div>\n\t\t\t\t\t<\/div>\n\t\t<\/div>\n\t\t\t\t\t<\/div>\n\t\t<\/section>\n\t\t\t\t\t<\/div>\n\t\t<\/div>\n\t\t\t\t\t<\/div>\n\t\t<\/section>\n\t\t\t\t<section class=\"elementor-section elementor-top-section elementor-element elementor-element-4fbe301 elementor-section-content-middle elementor-section-boxed elementor-section-height-default elementor-section-height-default\" data-id=\"4fbe301\" data-element_type=\"section\" data-e-type=\"section\">\n\t\t\t\t\t\t<div class=\"elementor-container elementor-column-gap-default\">\n\t\t\t\t\t<div class=\"elementor-column elementor-col-100 elementor-top-column elementor-element elementor-element-ef485e4\" data-id=\"ef485e4\" data-element_type=\"column\" data-e-type=\"column\" data-settings=\"{&quot;background_background&quot;:&quot;classic&quot;}\">\n\t\t\t<div class=\"elementor-widget-wrap elementor-element-populated\">\n\t\t\t\t\t\t<div class=\"elementor-element elementor-element-4bdee1d elementor-nav-menu--dropdown-tablet elementor-nav-menu__text-align-aside elementor-nav-menu--toggle elementor-nav-menu--burger elementor-widget elementor-widget-nav-menu\" data-id=\"4bdee1d\" data-element_type=\"widget\" data-e-type=\"widget\" data-settings=\"{&quot;layout&quot;:&quot;horizontal&quot;,&quot;submenu_icon&quot;:{&quot;value&quot;:&quot;&lt;i class=\\&quot;fas fa-caret-down\\&quot; aria-hidden=\\&quot;true\\&quot;&gt;&lt;\\\/i&gt;&quot;,&quot;library&quot;:&quot;fa-solid&quot;},&quot;toggle&quot;:&quot;burger&quot;}\" data-widget_type=\"nav-menu.default\">\n\t\t\t\t<div class=\"elementor-widget-container\">\n\t\t\t\t\t\t\t\t<nav aria-label=\"Menu\" class=\"elementor-nav-menu--main elementor-nav-menu__container elementor-nav-menu--layout-horizontal e--pointer-underline e--animation-fade\">\n\t\t\t\t<ul id=\"menu-1-4bdee1d\" class=\"elementor-nav-menu\"><li class=\"menu-item menu-item-type-post_type menu-item-object-page menu-item-4053\"><a href=\"https:\/\/www.margaret-hotelchouleur.com\/en\/visiter-nime\/arenes-nimes\/\" class=\"elementor-item\">N\u00eemes<\/a><\/li>\n<li class=\"menu-item menu-item-type-post_type menu-item-object-page menu-item-4038\"><a href=\"https:\/\/www.margaret-hotelchouleur.com\/en\/visiter-nime\/que-faire-en-camargue-3\/\" class=\"elementor-item\">Uz\u00e8s<\/a><\/li>\n<li class=\"menu-item menu-item-type-post_type menu-item-object-page menu-item-4052\"><a href=\"https:\/\/www.margaret-hotelchouleur.com\/en\/visiter-nime\/le-pont-du-gard\/\" class=\"elementor-item\">The Pont du Gard<\/a><\/li>\n<li class=\"menu-item menu-item-type-post_type menu-item-object-page menu-item-4051\"><a href=\"https:\/\/www.margaret-hotelchouleur.com\/en\/visiter-nime\/visiter-arles\/\" class=\"elementor-item\">Arles<\/a><\/li>\n<li class=\"menu-item menu-item-type-post_type menu-item-object-page menu-item-4050\"><a href=\"https:\/\/www.margaret-hotelchouleur.com\/en\/visiter-nime\/que-faire-en-camargue\/\" class=\"elementor-item\">The Camargue<\/a><\/li>\n<li class=\"menu-item menu-item-type-post_type menu-item-object-page menu-item-4167\"><a href=\"https:\/\/www.margaret-hotelchouleur.com\/en\/visiter-nime\/que-faire-en-camargue-2\/\" class=\"elementor-item\">The Cevennes<\/a><\/li>\n<\/ul>\t\t\t<\/nav>\n\t\t\t\t\t<div class=\"elementor-menu-toggle\" role=\"button\" tabindex=\"0\" aria-label=\"Toggle menu\" aria-expanded=\"false\">\n\t\t\t<i aria-hidden=\"true\" role=\"presentation\" class=\"elementor-menu-toggle__icon--open eicon-menu-bar\"><\/i><i aria-hidden=\"true\" role=\"presentation\" class=\"elementor-menu-toggle__icon--close eicon-close\"><\/i>\t\t<\/div>\n\t\t\t\t\t<nav class=\"elementor-nav-menu--dropdown elementor-nav-menu__container\" aria-hidden=\"true\">\n\t\t\t\t<ul id=\"menu-2-4bdee1d\" class=\"elementor-nav-menu\"><li class=\"menu-item menu-item-type-post_type menu-item-object-page menu-item-4053\"><a href=\"https:\/\/www.margaret-hotelchouleur.com\/en\/visiter-nime\/arenes-nimes\/\" class=\"elementor-item\" tabindex=\"-1\">N\u00eemes<\/a><\/li>\n<li class=\"menu-item menu-item-type-post_type menu-item-object-page menu-item-4038\"><a href=\"https:\/\/www.margaret-hotelchouleur.com\/en\/visiter-nime\/que-faire-en-camargue-3\/\" class=\"elementor-item\" tabindex=\"-1\">Uz\u00e8s<\/a><\/li>\n<li class=\"menu-item menu-item-type-post_type menu-item-object-page menu-item-4052\"><a href=\"https:\/\/www.margaret-hotelchouleur.com\/en\/visiter-nime\/le-pont-du-gard\/\" class=\"elementor-item\" tabindex=\"-1\">The Pont du Gard<\/a><\/li>\n<li class=\"menu-item menu-item-type-post_type menu-item-object-page menu-item-4051\"><a href=\"https:\/\/www.margaret-hotelchouleur.com\/en\/visiter-nime\/visiter-arles\/\" class=\"elementor-item\" tabindex=\"-1\">Arles<\/a><\/li>\n<li class=\"menu-item menu-item-type-post_type menu-item-object-page menu-item-4050\"><a href=\"https:\/\/www.margaret-hotelchouleur.com\/en\/visiter-nime\/que-faire-en-camargue\/\" class=\"elementor-item\" tabindex=\"-1\">The Camargue<\/a><\/li>\n<li class=\"menu-item menu-item-type-post_type menu-item-object-page menu-item-4167\"><a href=\"https:\/\/www.margaret-hotelchouleur.com\/en\/visiter-nime\/que-faire-en-camargue-2\/\" class=\"elementor-item\" tabindex=\"-1\">The Cevennes<\/a><\/li>\n<\/ul>\t\t\t<\/nav>\n\t\t\t\t\t\t<\/div>\n\t\t\t\t<\/div>\n\t\t\t\t\t<\/div>\n\t\t<\/div>\n\t\t\t\t\t<\/div>\n\t\t<\/section>\n\t\t\t\t<\/div>","protected":false},"excerpt":{"rendered":"<p>LES C\u00c9V\u00c8NES Terres de refuge, les C\u00e9vennes sont connues pour leurs paysages exceptionnels, leur authenticit\u00e9 et leur nature.\u00a0Ce territoire propice \u00e0 la d\u00e9couverte et aux rencontres s&rsquo;\u00e9tend sur plusieurs d\u00e9partements : le Gard et la Loz\u00e8re pour l\u2019essentiel (le Parc national des C\u00e9vennes est situ\u00e9 en Loz\u00e8re en majeure partie), mais aussi l&rsquo;Ard\u00e8che et l&rsquo;H\u00e9rault.\u00a0 [&hellip;]<\/p>\n","protected":false},"author":5,"featured_media":0,"parent":3981,"menu_order":0,"comment_status":"closed","ping_status":"closed","template":"","meta":{"inline_featured_image":false,"footnotes":""},"class_list":["post-4158","page","type-page","status-publish","hentry"],"_links":{"self":[{"href":"https:\/\/www.margaret-hotelchouleur.com\/en\/wp-json\/wp\/v2\/pages\/4158","targetHints":{"allow":["GET"]}}],"collection":[{"href":"https:\/\/www.margaret-hotelchouleur.com\/en\/wp-json\/wp\/v2\/pages"}],"about":[{"href":"https:\/\/www.margaret-hotelchouleur.com\/en\/wp-json\/wp\/v2\/types\/page"}],"author":[{"embeddable":true,"href":"https:\/\/www.margaret-hotelchouleur.com\/en\/wp-json\/wp\/v2\/users\/5"}],"replies":[{"embeddable":true,"href":"https:\/\/www.margaret-hotelchouleur.com\/en\/wp-json\/wp\/v2\/comments?post=4158"}],"version-history":[{"count":35,"href":"https:\/\/www.margaret-hotelchouleur.com\/en\/wp-json\/wp\/v2\/pages\/4158\/revisions"}],"predecessor-version":[{"id":8387,"href":"https:\/\/www.margaret-hotelchouleur.com\/en\/wp-json\/wp\/v2\/pages\/4158\/revisions\/8387"}],"up":[{"embeddable":true,"href":"https:\/\/www.margaret-hotelchouleur.com\/en\/wp-json\/wp\/v2\/pages\/3981"}],"wp:attachment":[{"href":"https:\/\/www.margaret-hotelchouleur.com\/en\/wp-json\/wp\/v2\/media?parent=4158"}],"curies":[{"name":"wp","href":"https:\/\/api.w.org\/{rel}","templated":true}]}}