{"id":4044,"date":"2021-06-09T00:26:36","date_gmt":"2021-06-08T22:26:36","guid":{"rendered":"https:\/\/www.margaret-hotelchouleur.com\/?page_id=4044"},"modified":"2024-04-25T09:57:06","modified_gmt":"2024-04-25T07:57:06","slug":"le-pont-du-gard","status":"publish","type":"page","link":"https:\/\/www.margaret-hotelchouleur.com\/es\/visiter-nime\/le-pont-du-gard\/","title":{"rendered":"Puente del Gard"},"content":{"rendered":"<div data-elementor-type=\"wp-page\" data-elementor-id=\"4044\" class=\"elementor elementor-4044\" data-elementor-post-type=\"page\">\n\t\t\t\t\t\t<section class=\"elementor-section elementor-top-section elementor-element elementor-element-18d31ec elementor-section-boxed elementor-section-height-default elementor-section-height-default\" data-id=\"18d31ec\" data-element_type=\"section\" data-e-type=\"section\">\n\t\t\t\t\t\t<div class=\"elementor-container elementor-column-gap-default\">\n\t\t\t\t\t<div class=\"elementor-column elementor-col-100 elementor-top-column elementor-element elementor-element-4f255a8\" data-id=\"4f255a8\" data-element_type=\"column\" data-e-type=\"column\" data-settings=\"{&quot;background_background&quot;:&quot;classic&quot;}\">\n\t\t\t<div class=\"elementor-widget-wrap elementor-element-populated\">\n\t\t\t\t\t<div class=\"elementor-background-overlay\"><\/div>\n\t\t\t\t\t\t<div class=\"elementor-element elementor-element-044b26a elementor-widget elementor-widget-spacer\" data-id=\"044b26a\" data-element_type=\"widget\" data-e-type=\"widget\" data-widget_type=\"spacer.default\">\n\t\t\t\t<div class=\"elementor-widget-container\">\n\t\t\t\t\t\t\t<div class=\"elementor-spacer\">\n\t\t\t<div class=\"elementor-spacer-inner\"><\/div>\n\t\t<\/div>\n\t\t\t\t\t\t<\/div>\n\t\t\t\t<\/div>\n\t\t\t\t<div class=\"elementor-element elementor-element-58616a2 elementor-widget elementor-widget-heading\" data-id=\"58616a2\" data-element_type=\"widget\" data-e-type=\"widget\" data-widget_type=\"heading.default\">\n\t\t\t\t<div class=\"elementor-widget-container\">\n\t\t\t\t\t<h1 class=\"elementor-heading-title elementor-size-default\">PONT DU GARD<\/h1>\t\t\t\t<\/div>\n\t\t\t\t<\/div>\n\t\t\t\t<div class=\"elementor-element elementor-element-aea915e elementor-widget elementor-widget-spacer\" data-id=\"aea915e\" data-element_type=\"widget\" data-e-type=\"widget\" data-widget_type=\"spacer.default\">\n\t\t\t\t<div class=\"elementor-widget-container\">\n\t\t\t\t\t\t\t<div class=\"elementor-spacer\">\n\t\t\t<div class=\"elementor-spacer-inner\"><\/div>\n\t\t<\/div>\n\t\t\t\t\t\t<\/div>\n\t\t\t\t<\/div>\n\t\t\t\t<div class=\"elementor-element elementor-element-11a941c imagefloat elementor-hidden-tablet elementor-hidden-mobile elementor-view-default elementor-widget elementor-widget-icon\" data-id=\"11a941c\" data-element_type=\"widget\" data-e-type=\"widget\" data-widget_type=\"icon.default\">\n\t\t\t\t<div class=\"elementor-widget-container\">\n\t\t\t\t\t\t\t<div class=\"elementor-icon-wrapper\">\n\t\t\t<div class=\"elementor-icon\">\n\t\t\t<svg xmlns=\"http:\/\/www.w3.org\/2000\/svg\" xmlns:xlink=\"http:\/\/www.w3.org\/1999\/xlink\" id=\"Calque_1\" x=\"0px\" y=\"0px\" viewbox=\"0 0 147.97 75.59\" style=\"enable-background:new 0 0 147.97 75.59;\" xml:space=\"preserve\"><polyline style=\"fill:none;stroke:#FFFFFF;stroke-width:5;stroke-linecap:round;stroke-linejoin:round;stroke-miterlimit:10;\" points=\"  115.15,24.29 75.72,63.72 34.58,22.59 \"><\/polyline><\/svg>\t\t\t<\/div>\n\t\t<\/div>\n\t\t\t\t\t\t<\/div>\n\t\t\t\t<\/div>\n\t\t\t\t\t<\/div>\n\t\t<\/div>\n\t\t\t\t\t<\/div>\n\t\t<\/section>\n\t\t\t\t<section class=\"elementor-section elementor-top-section elementor-element elementor-element-36ccc62c elementor-section-full_width elementor-section-height-default elementor-section-height-default\" data-id=\"36ccc62c\" data-element_type=\"section\" data-e-type=\"section\" data-settings=\"{&quot;background_background&quot;:&quot;classic&quot;}\">\n\t\t\t\t\t\t<div class=\"elementor-container elementor-column-gap-no\">\n\t\t\t\t\t<div class=\"elementor-column elementor-col-100 elementor-top-column elementor-element elementor-element-55c34f4d\" data-id=\"55c34f4d\" data-element_type=\"column\" data-e-type=\"column\">\n\t\t\t<div class=\"elementor-widget-wrap elementor-element-populated\">\n\t\t\t\t\t\t<section class=\"elementor-section elementor-inner-section elementor-element elementor-element-3ba69468 section-hmc monog-fond elementor-section-boxed elementor-section-height-default elementor-section-height-default\" data-id=\"3ba69468\" data-element_type=\"section\" data-e-type=\"section\">\n\t\t\t\t\t\t\t<div class=\"elementor-background-overlay\"><\/div>\n\t\t\t\t\t\t\t<div class=\"elementor-container elementor-column-gap-default\">\n\t\t\t\t\t<div class=\"elementor-column elementor-col-100 elementor-inner-column elementor-element elementor-element-4edcedb4\" data-id=\"4edcedb4\" data-element_type=\"column\" data-e-type=\"column\">\n\t\t\t<div class=\"elementor-widget-wrap elementor-element-populated\">\n\t\t\t\t\t\t<div class=\"elementor-element elementor-element-6876e25 elementor-widget elementor-widget-text-editor\" data-id=\"6876e25\" data-element_type=\"widget\" data-e-type=\"widget\" data-widget_type=\"text-editor.default\">\n\t\t\t\t<div class=\"elementor-widget-container\">\n\t\t\t\t\t\t\t\t\t<p><strong>Construido en el siglo I d.C.<\/strong>el Pont du Gard, cerca de N\u00eemes, es sin duda uno de los m\u00e1s importantes <strong>la estructura m\u00e1s espectacular del acueducto, Patrimonio Mundial de la UNESCO<\/strong>. Para cruzar el valle del Gardon, los constructores romanos construyeron un puente de proporciones excepcionales. <strong>Con 49 metros de altura, es el puente acueducto romano m\u00e1s alto del mundo.<\/strong> Est\u00e1 formado por 3 hileras de arcos superpuestos (6 arcos en el primer nivel, 11 arcos en el segundo nivel y 47 arcos en su origen), lo que tambi\u00e9n constituye un logro poco com\u00fan para su \u00e9poca. Por \u00faltimo, destaca por su excelente estado de conservaci\u00f3n, que hace que hoy sea admirada como una obra maestra del genio creador humano. Es el \u00fanico ejemplo de puente antiguo de tres pisos que sigue en pie. Cerca de mil hombres trabajaron en este colosal proyecto, que tard\u00f3 s\u00f3lo 5 a\u00f1os en completarse.<\/p><p>La operaci\u00f3n Grand Site, iniciada en 2000, ha devuelto el lugar a su estado original, libre del tr\u00e1fico y de los edificios que hab\u00edan proliferado en los alrededores. El billete de entrada al recinto da acceso a las instalaciones de ambas orillas del Gardon.<\/p><p>Un magn\u00edfico espacio muse\u00edstico subterr\u00e1neo en la orilla izquierda del puente cuenta de forma l\u00fadica y did\u00e1ctica la fascinante historia de la construcci\u00f3n del acueducto y su papel en la vida de los romanos. Un total de 4.500 m\u00b2 de espacio did\u00e1ctico, con pel\u00edculas, exposiciones, reconstrucciones virtuales, etc.<\/p><p><strong>\u00a0<\/strong>De junio a agosto, el monumento milenario se iluminar\u00e1 desde el atardecer, ofreciendo al p\u00fablico un magn\u00edfico momento de contemplaci\u00f3n. La obra gira en torno a la perspectiva, la luz y el color, con im\u00e1genes gr\u00e1ficas y simb\u00f3licas que responden, chocan, se superponen y cuentan su propia historia.<\/p>\t\t\t\t\t\t\t\t<\/div>\n\t\t\t\t<\/div>\n\t\t\t\t\t<\/div>\n\t\t<\/div>\n\t\t\t\t\t<\/div>\n\t\t<\/section>\n\t\t\t\t\t<\/div>\n\t\t<\/div>\n\t\t\t\t\t<\/div>\n\t\t<\/section>\n\t\t\t\t<section class=\"elementor-section elementor-top-section elementor-element elementor-element-a3a51f6 elementor-section-content-middle elementor-section-boxed elementor-section-height-default elementor-section-height-default\" data-id=\"a3a51f6\" data-element_type=\"section\" data-e-type=\"section\">\n\t\t\t\t\t\t<div class=\"elementor-container elementor-column-gap-default\">\n\t\t\t\t\t<div class=\"elementor-column elementor-col-100 elementor-top-column elementor-element elementor-element-6d187e8\" data-id=\"6d187e8\" data-element_type=\"column\" data-e-type=\"column\" data-settings=\"{&quot;background_background&quot;:&quot;classic&quot;}\">\n\t\t\t<div class=\"elementor-widget-wrap elementor-element-populated\">\n\t\t\t\t\t\t<div class=\"elementor-element elementor-element-f8284c6 elementor-nav-menu--dropdown-tablet elementor-nav-menu__text-align-aside elementor-nav-menu--toggle elementor-nav-menu--burger elementor-widget elementor-widget-nav-menu\" data-id=\"f8284c6\" data-element_type=\"widget\" data-e-type=\"widget\" data-settings=\"{&quot;layout&quot;:&quot;horizontal&quot;,&quot;submenu_icon&quot;:{&quot;value&quot;:&quot;&lt;i class=\\&quot;fas fa-caret-down\\&quot; aria-hidden=\\&quot;true\\&quot;&gt;&lt;\\\/i&gt;&quot;,&quot;library&quot;:&quot;fa-solid&quot;},&quot;toggle&quot;:&quot;burger&quot;}\" data-widget_type=\"nav-menu.default\">\n\t\t\t\t<div class=\"elementor-widget-container\">\n\t\t\t\t\t\t\t\t<nav aria-label=\"Men\u00fa\" class=\"elementor-nav-menu--main elementor-nav-menu__container elementor-nav-menu--layout-horizontal e--pointer-underline e--animation-fade\">\n\t\t\t\t<ul id=\"menu-1-f8284c6\" class=\"elementor-nav-menu\"><li class=\"menu-item menu-item-type-post_type menu-item-object-page menu-item-4053\"><a href=\"https:\/\/www.margaret-hotelchouleur.com\/es\/visiter-nime\/arenes-nimes\/\" class=\"elementor-item\">N\u00eemes<\/a><\/li>\n<li class=\"menu-item menu-item-type-post_type menu-item-object-page menu-item-4038\"><a href=\"https:\/\/www.margaret-hotelchouleur.com\/es\/visiter-nime\/que-faire-en-camargue-3\/\" class=\"elementor-item\">Uz\u00e8s<\/a><\/li>\n<li class=\"menu-item menu-item-type-post_type menu-item-object-page menu-item-4052\"><a href=\"https:\/\/www.margaret-hotelchouleur.com\/es\/visiter-nime\/le-pont-du-gard\/\" class=\"elementor-item\">Puente del Gard<\/a><\/li>\n<li class=\"menu-item menu-item-type-post_type menu-item-object-page menu-item-4051\"><a href=\"https:\/\/www.margaret-hotelchouleur.com\/es\/visiter-nime\/visiter-arles\/\" class=\"elementor-item\">Arles<\/a><\/li>\n<li class=\"menu-item menu-item-type-post_type menu-item-object-page menu-item-4050\"><a href=\"https:\/\/www.margaret-hotelchouleur.com\/es\/visiter-nime\/que-faire-en-camargue\/\" class=\"elementor-item\">La Camarga<\/a><\/li>\n<li class=\"menu-item menu-item-type-post_type menu-item-object-page menu-item-4167\"><a href=\"https:\/\/www.margaret-hotelchouleur.com\/es\/visiter-nime\/que-faire-en-camargue-2\/\" class=\"elementor-item\">Las Cevenas<\/a><\/li>\n<\/ul>\t\t\t<\/nav>\n\t\t\t\t\t<div class=\"elementor-menu-toggle\" role=\"button\" tabindex=\"0\" aria-label=\"Alternar men\u00fa\" aria-expanded=\"false\">\n\t\t\t<i aria-hidden=\"true\" role=\"presentation\" class=\"elementor-menu-toggle__icon--open eicon-menu-bar\"><\/i><i aria-hidden=\"true\" role=\"presentation\" class=\"elementor-menu-toggle__icon--close eicon-close\"><\/i>\t\t<\/div>\n\t\t\t\t\t<nav class=\"elementor-nav-menu--dropdown elementor-nav-menu__container\" aria-hidden=\"true\">\n\t\t\t\t<ul id=\"menu-2-f8284c6\" class=\"elementor-nav-menu\"><li class=\"menu-item menu-item-type-post_type menu-item-object-page menu-item-4053\"><a href=\"https:\/\/www.margaret-hotelchouleur.com\/es\/visiter-nime\/arenes-nimes\/\" class=\"elementor-item\" tabindex=\"-1\">N\u00eemes<\/a><\/li>\n<li class=\"menu-item menu-item-type-post_type menu-item-object-page menu-item-4038\"><a href=\"https:\/\/www.margaret-hotelchouleur.com\/es\/visiter-nime\/que-faire-en-camargue-3\/\" class=\"elementor-item\" tabindex=\"-1\">Uz\u00e8s<\/a><\/li>\n<li class=\"menu-item menu-item-type-post_type menu-item-object-page menu-item-4052\"><a href=\"https:\/\/www.margaret-hotelchouleur.com\/es\/visiter-nime\/le-pont-du-gard\/\" class=\"elementor-item\" tabindex=\"-1\">Puente del Gard<\/a><\/li>\n<li class=\"menu-item menu-item-type-post_type menu-item-object-page menu-item-4051\"><a href=\"https:\/\/www.margaret-hotelchouleur.com\/es\/visiter-nime\/visiter-arles\/\" class=\"elementor-item\" tabindex=\"-1\">Arles<\/a><\/li>\n<li class=\"menu-item menu-item-type-post_type menu-item-object-page menu-item-4050\"><a href=\"https:\/\/www.margaret-hotelchouleur.com\/es\/visiter-nime\/que-faire-en-camargue\/\" class=\"elementor-item\" tabindex=\"-1\">La Camarga<\/a><\/li>\n<li class=\"menu-item menu-item-type-post_type menu-item-object-page menu-item-4167\"><a href=\"https:\/\/www.margaret-hotelchouleur.com\/es\/visiter-nime\/que-faire-en-camargue-2\/\" class=\"elementor-item\" tabindex=\"-1\">Las Cevenas<\/a><\/li>\n<\/ul>\t\t\t<\/nav>\n\t\t\t\t\t\t<\/div>\n\t\t\t\t<\/div>\n\t\t\t\t\t<\/div>\n\t\t<\/div>\n\t\t\t\t\t<\/div>\n\t\t<\/section>\n\t\t\t\t<\/div>","protected":false},"excerpt":{"rendered":"<p>PONT DU GARD Construit au 1er si\u00e8cle apr\u00e8s J.-C., le Pont du Gard, \u00e0 proximit\u00e9 de N\u00eemes, est sans nul doute l\u2019ouvrage d\u2019art le plus spectaculaire de l\u2019aqueduc, inscrit sur la liste du patrimoine mondial de l\u2019UNESCO. Pour franchir la vall\u00e9e du Gardon, les constructeurs romains \u00e9difient un pont d\u2019une ampleur exceptionnelle. Avec ses 49 [&hellip;]<\/p>\n","protected":false},"author":5,"featured_media":0,"parent":3981,"menu_order":0,"comment_status":"closed","ping_status":"closed","template":"","meta":{"inline_featured_image":false,"footnotes":""},"class_list":["post-4044","page","type-page","status-publish","hentry"],"_links":{"self":[{"href":"https:\/\/www.margaret-hotelchouleur.com\/es\/wp-json\/wp\/v2\/pages\/4044","targetHints":{"allow":["GET"]}}],"collection":[{"href":"https:\/\/www.margaret-hotelchouleur.com\/es\/wp-json\/wp\/v2\/pages"}],"about":[{"href":"https:\/\/www.margaret-hotelchouleur.com\/es\/wp-json\/wp\/v2\/types\/page"}],"author":[{"embeddable":true,"href":"https:\/\/www.margaret-hotelchouleur.com\/es\/wp-json\/wp\/v2\/users\/5"}],"replies":[{"embeddable":true,"href":"https:\/\/www.margaret-hotelchouleur.com\/es\/wp-json\/wp\/v2\/comments?post=4044"}],"version-history":[{"count":32,"href":"https:\/\/www.margaret-hotelchouleur.com\/es\/wp-json\/wp\/v2\/pages\/4044\/revisions"}],"predecessor-version":[{"id":8378,"href":"https:\/\/www.margaret-hotelchouleur.com\/es\/wp-json\/wp\/v2\/pages\/4044\/revisions\/8378"}],"up":[{"embeddable":true,"href":"https:\/\/www.margaret-hotelchouleur.com\/es\/wp-json\/wp\/v2\/pages\/3981"}],"wp:attachment":[{"href":"https:\/\/www.margaret-hotelchouleur.com\/es\/wp-json\/wp\/v2\/media?parent=4044"}],"curies":[{"name":"wp","href":"https:\/\/api.w.org\/{rel}","templated":true}]}}