{"id":9642,"date":"2026-04-15T16:28:59","date_gmt":"2026-04-15T14:28:59","guid":{"rendered":"https:\/\/www.margaret-hotelchouleur.com\/?page_id=9642"},"modified":"2026-04-16T16:24:30","modified_gmt":"2026-04-16T14:24:30","slug":"cafe-fragonard","status":"publish","type":"page","link":"https:\/\/www.margaret-hotelchouleur.com\/es\/restaurants\/cafe-fragonard\/","title":{"rendered":"Caf\u00e9 Fragonard"},"content":{"rendered":"<div data-elementor-type=\"wp-page\" data-elementor-id=\"9642\" class=\"elementor elementor-9642\" data-elementor-post-type=\"page\">\n\t\t\t\t\t\t<section class=\"elementor-section elementor-top-section elementor-element elementor-element-a665478 elementor-section-boxed elementor-section-height-default elementor-section-height-default\" data-id=\"a665478\" data-element_type=\"section\" data-settings=\"{&quot;background_background&quot;:&quot;classic&quot;}\">\n\t\t\t\t\t\t\t<div class=\"elementor-background-overlay\"><\/div>\n\t\t\t\t\t\t\t<div class=\"elementor-container elementor-column-gap-default\">\n\t\t\t\t\t<div class=\"elementor-column elementor-col-100 elementor-top-column elementor-element elementor-element-7c95f24\" data-id=\"7c95f24\" data-element_type=\"column\" data-settings=\"{&quot;background_background&quot;:&quot;classic&quot;}\">\n\t\t\t<div class=\"elementor-widget-wrap elementor-element-populated\">\n\t\t\t\t\t\t<div class=\"elementor-element elementor-element-1dd03d8 elementor-widget elementor-widget-spacer\" data-id=\"1dd03d8\" data-element_type=\"widget\" data-widget_type=\"spacer.default\">\n\t\t\t\t<div class=\"elementor-widget-container\">\n\t\t\t\t\t\t\t<div class=\"elementor-spacer\">\n\t\t\t<div class=\"elementor-spacer-inner\"><\/div>\n\t\t<\/div>\n\t\t\t\t\t\t<\/div>\n\t\t\t\t<\/div>\n\t\t\t\t<div class=\"elementor-element elementor-element-c21d9f4 elementor-widget elementor-widget-image\" data-id=\"c21d9f4\" data-element_type=\"widget\" data-widget_type=\"image.default\">\n\t\t\t\t<div class=\"elementor-widget-container\">\n\t\t\t\t\t\t\t\t\t\t\t\t\t\t\t<img fetchpriority=\"high\" decoding=\"async\" width=\"800\" height=\"582\" src=\"https:\/\/www.margaret-hotelchouleur.com\/wp-content\/uploads\/2026\/04\/Sans-titre-2-1024x745.png\" class=\"attachment-large size-large wp-image-9638\" alt=\"\" srcset=\"https:\/\/www.margaret-hotelchouleur.com\/wp-content\/uploads\/2026\/04\/Sans-titre-2-1024x745.png 1024w, https:\/\/www.margaret-hotelchouleur.com\/wp-content\/uploads\/2026\/04\/Sans-titre-2-300x218.png 300w, https:\/\/www.margaret-hotelchouleur.com\/wp-content\/uploads\/2026\/04\/Sans-titre-2-768x559.png 768w, https:\/\/www.margaret-hotelchouleur.com\/wp-content\/uploads\/2026\/04\/Sans-titre-2-1536x1117.png 1536w, https:\/\/www.margaret-hotelchouleur.com\/wp-content\/uploads\/2026\/04\/Sans-titre-2-2048x1490.png 2048w, https:\/\/www.margaret-hotelchouleur.com\/wp-content\/uploads\/2026\/04\/Sans-titre-2-16x12.png 16w\" sizes=\"(max-width: 800px) 100vw, 800px\" \/>\t\t\t\t\t\t\t\t\t\t\t\t\t\t\t<\/div>\n\t\t\t\t<\/div>\n\t\t\t\t<div class=\"elementor-element elementor-element-99144a8 imagefloat elementor-hidden-tablet elementor-hidden-mobile elementor-view-default elementor-widget elementor-widget-icon\" data-id=\"99144a8\" data-element_type=\"widget\" data-widget_type=\"icon.default\">\n\t\t\t\t<div class=\"elementor-widget-container\">\n\t\t\t\t\t\t\t<div class=\"elementor-icon-wrapper\">\n\t\t\t<div class=\"elementor-icon\">\n\t\t\t<svg xmlns=\"http:\/\/www.w3.org\/2000\/svg\" xmlns:xlink=\"http:\/\/www.w3.org\/1999\/xlink\" id=\"Calque_1\" x=\"0px\" y=\"0px\" viewbox=\"0 0 147.97 75.59\" style=\"enable-background:new 0 0 147.97 75.59;\" xml:space=\"preserve\"><polyline style=\"fill:none;stroke:#FFFFFF;stroke-width:5;stroke-linecap:round;stroke-linejoin:round;stroke-miterlimit:10;\" points=\"  115.15,24.29 75.72,63.72 34.58,22.59 \"><\/polyline><\/svg>\t\t\t<\/div>\n\t\t<\/div>\n\t\t\t\t\t\t<\/div>\n\t\t\t\t<\/div>\n\t\t\t\t<div class=\"elementor-element elementor-element-2199e09 elementor-widget elementor-widget-spacer\" data-id=\"2199e09\" data-element_type=\"widget\" data-widget_type=\"spacer.default\">\n\t\t\t\t<div class=\"elementor-widget-container\">\n\t\t\t\t\t\t\t<div class=\"elementor-spacer\">\n\t\t\t<div class=\"elementor-spacer-inner\"><\/div>\n\t\t<\/div>\n\t\t\t\t\t\t<\/div>\n\t\t\t\t<\/div>\n\t\t\t\t\t<\/div>\n\t\t<\/div>\n\t\t\t\t\t<\/div>\n\t\t<\/section>\n\t\t\t\t<section class=\"elementor-section elementor-top-section elementor-element elementor-element-b5d2fed elementor-section-boxed elementor-section-height-default elementor-section-height-default\" data-id=\"b5d2fed\" data-element_type=\"section\" data-settings=\"{&quot;background_background&quot;:&quot;classic&quot;}\">\n\t\t\t\t\t\t<div class=\"elementor-container elementor-column-gap-default\">\n\t\t\t\t\t<div class=\"elementor-column elementor-col-50 elementor-top-column elementor-element elementor-element-d08f88a\" data-id=\"d08f88a\" data-element_type=\"column\" data-settings=\"{&quot;background_background&quot;:&quot;classic&quot;}\">\n\t\t\t<div class=\"elementor-widget-wrap elementor-element-populated\">\n\t\t\t\t\t\t<div class=\"elementor-element elementor-element-11ab78e elementor-widget elementor-widget-spacer\" data-id=\"11ab78e\" data-element_type=\"widget\" data-widget_type=\"spacer.default\">\n\t\t\t\t<div class=\"elementor-widget-container\">\n\t\t\t\t\t\t\t<div class=\"elementor-spacer\">\n\t\t\t<div class=\"elementor-spacer-inner\"><\/div>\n\t\t<\/div>\n\t\t\t\t\t\t<\/div>\n\t\t\t\t<\/div>\n\t\t\t\t<div class=\"elementor-element elementor-element-f280aa0 elementor-widget elementor-widget-image\" data-id=\"f280aa0\" data-element_type=\"widget\" data-widget_type=\"image.default\">\n\t\t\t\t<div class=\"elementor-widget-container\">\n\t\t\t\t\t\t\t\t\t\t\t\t\t\t\t<img decoding=\"async\" width=\"800\" height=\"589\" src=\"https:\/\/www.margaret-hotelchouleur.com\/wp-content\/uploads\/2026\/03\/blanc-LOGOTYPES-FRAGONARD_LOGO-OFFICIEL-NOEUD-GRASSE-PARFUMEUR-1024x754.png\" class=\"attachment-large size-large wp-image-9617\" alt=\"\" srcset=\"https:\/\/www.margaret-hotelchouleur.com\/wp-content\/uploads\/2026\/03\/blanc-LOGOTYPES-FRAGONARD_LOGO-OFFICIEL-NOEUD-GRASSE-PARFUMEUR-1024x754.png 1024w, https:\/\/www.margaret-hotelchouleur.com\/wp-content\/uploads\/2026\/03\/blanc-LOGOTYPES-FRAGONARD_LOGO-OFFICIEL-NOEUD-GRASSE-PARFUMEUR-300x221.png 300w, https:\/\/www.margaret-hotelchouleur.com\/wp-content\/uploads\/2026\/03\/blanc-LOGOTYPES-FRAGONARD_LOGO-OFFICIEL-NOEUD-GRASSE-PARFUMEUR-768x565.png 768w, https:\/\/www.margaret-hotelchouleur.com\/wp-content\/uploads\/2026\/03\/blanc-LOGOTYPES-FRAGONARD_LOGO-OFFICIEL-NOEUD-GRASSE-PARFUMEUR-16x12.png 16w, https:\/\/www.margaret-hotelchouleur.com\/wp-content\/uploads\/2026\/03\/blanc-LOGOTYPES-FRAGONARD_LOGO-OFFICIEL-NOEUD-GRASSE-PARFUMEUR.png 1270w\" sizes=\"(max-width: 800px) 100vw, 800px\" \/>\t\t\t\t\t\t\t\t\t\t\t\t\t\t\t<\/div>\n\t\t\t\t<\/div>\n\t\t\t\t<div class=\"elementor-element elementor-element-9e2120b elementor-widget elementor-widget-text-editor\" data-id=\"9e2120b\" data-element_type=\"widget\" data-widget_type=\"text-editor.default\">\n\t\t\t\t<div class=\"elementor-widget-container\">\n\t\t\t\t\t\t\t\t\t<p><b>Du 17 avril au 20 septembre 2026,\u00a0<\/b><b>une parenth\u00e8se solaire et gourmande au coeur de N\u00eemes.<\/b><\/p><p>D\u00e9couvrez un \u00e9crin gourmand \u00e9ph\u00e9m\u00e8re n\u00e9 de la rencontre entre une Maison centenaire embl\u00e9matique et une adresse n\u00eemoise devenue iconique. Dans un d\u00e9cor \u00e9l\u00e9gant et ensoleill\u00e9, <strong>Fragonard<\/strong> vient habiller les lieux dans leurs moindres d\u00e9tails et cr\u00e9e un univers \u00e0 l&rsquo;atmosph\u00e8re chaleureuse et singuli\u00e8re, invitant \u00e0 savourer chaque instant.<\/p><p>Du mardi au samedi \u00e0 toute heure de la journ\u00e9e, d\u00e9couvrez une cuisine fra\u00eeche et solaire, inspir\u00e9e de l&rsquo;univers Fragonard et imagin\u00e9e par le chef <strong>Luka-Tao Debenath<\/strong> et son \u00e9quipe notamment compos\u00e9e de son adjoint <strong>Jody Berteloot<\/strong> y el jefe de pasteler\u00eda <strong>Auriane Fougeray<\/strong>.<\/p><p>Un concept in\u00e9dit et propos\u00e9 en exclusivit\u00e9 au <strong>Margaret - Hotel Chouleur<\/strong>, une parenth\u00e8se raffin\u00e9e et conviviale qui c\u00e9l\u00e8bre le go\u00fbt, l&rsquo;art de vivre et le plaisir partag\u00e9.<\/p><p><a href=\"https:\/\/www.margaret-hotelchouleur.com\/wp-content\/uploads\/2026\/04\/CF-A4-CARTE-DES-METS-FR-1.pdf\"><strong>EL MEN\u00da DEL MOMENTO<\/strong><\/a><\/p>\t\t\t\t\t\t\t\t<\/div>\n\t\t\t\t<\/div>\n\t\t\t\t<div class=\"elementor-element elementor-element-1713c76 elementor-widget-divider--view-line elementor-widget elementor-widget-divider\" data-id=\"1713c76\" data-element_type=\"widget\" data-widget_type=\"divider.default\">\n\t\t\t\t<div class=\"elementor-widget-container\">\n\t\t\t\t\t\t\t<div class=\"elementor-divider\">\n\t\t\t<span class=\"elementor-divider-separator\">\n\t\t\t\t\t\t<\/span>\n\t\t<\/div>\n\t\t\t\t\t\t<\/div>\n\t\t\t\t<\/div>\n\t\t\t\t<div class=\"elementor-element elementor-element-969bc44 elementor-widget elementor-widget-text-editor\" data-id=\"969bc44\" data-element_type=\"widget\" data-widget_type=\"text-editor.default\">\n\t\t\t\t<div class=\"elementor-widget-container\">\n\t\t\t\t\t\t\t\t\t<div><strong>Caf\u00e9 Fragonard<\/strong><\/div><div><span style=\"font-size: 1rem;\">6, rue Fresque\u00a0<\/span><span style=\"font-size: 1rem;\">30000 N\u00ceMES<\/span><\/div><div>T\u00e9l. : +334 48 27 08 00<\/div><div>\u00a0<\/div><div><div>Du mardi au samedi, service de 8h \u00e0 21h30.<\/div><div>\u00a0<\/div><div>D\u00c9JEUNER\u00a0<span style=\"font-family: 'Avenir Book'; font-size: 12pt; font-weight: bold; letter-spacing: 2pt;\">\u00b7<\/span><span style=\"font-size: 1rem;\">D\u00ceNER\u00a0<\/span><span style=\"font-family: 'Avenir Book'; font-size: 12pt; font-weight: bold; letter-spacing: 2pt;\">\u00b7<\/span><span style=\"font-size: 1rem;\">GO\u00dbTER<\/span><\/div><div>CAF\u00c8TERIE\u00a0<span style=\"font-family: 'Avenir Book'; font-size: 12pt; font-weight: bold; letter-spacing: 2pt;\">\u00b7<\/span><span style=\"font-size: 1rem;\">CHARIOT \u00c0 GLACES<\/span><\/div><div>AP\u00c9RITIF\u00a0<span style=\"font-family: 'Avenir Book'; font-size: 12pt; font-weight: bold; letter-spacing: 2pt;\">\u00b7\u00a0<\/span><span style=\"font-size: 1rem;\">COCKTAIL\u00a0<\/span><span style=\"font-family: 'Avenir Book'; font-size: 12pt; font-weight: bold; letter-spacing: 2pt;\">\u00b7<\/span><span style=\"font-size: 1rem;\">VINS<\/span><\/div><div>\u00a0<\/div><div><span style=\"color: var( --e-global-color-5d4cf0f ); font-size: 1rem;\"><a href=\"https:\/\/widget.thefork.com\/fr\/e579abe9-5f72-4d3b-aa4a-9276669692d4?utm_source=website\" rel=\"nofollow noopener\" target=\"_blank\"><b>RESERVAR AHORA<\/b><\/a><\/span><\/div><!--StartFragment--><!--EndFragment--><\/div>\t\t\t\t\t\t\t\t<\/div>\n\t\t\t\t<\/div>\n\t\t\t\t<div class=\"elementor-element elementor-element-1987a3e elementor-widget elementor-widget-spacer\" data-id=\"1987a3e\" data-element_type=\"widget\" data-widget_type=\"spacer.default\">\n\t\t\t\t<div class=\"elementor-widget-container\">\n\t\t\t\t\t\t\t<div class=\"elementor-spacer\">\n\t\t\t<div class=\"elementor-spacer-inner\"><\/div>\n\t\t<\/div>\n\t\t\t\t\t\t<\/div>\n\t\t\t\t<\/div>\n\t\t\t\t\t<\/div>\n\t\t<\/div>\n\t\t\t\t<div class=\"elementor-column elementor-col-50 elementor-top-column elementor-element elementor-element-955962e\" data-id=\"955962e\" data-element_type=\"column\" data-settings=\"{&quot;background_background&quot;:&quot;classic&quot;}\">\n\t\t\t<div class=\"elementor-widget-wrap elementor-element-populated\">\n\t\t\t\t\t\t<div class=\"elementor-element elementor-element-accf5a4 elementor-widget elementor-widget-spacer\" data-id=\"accf5a4\" data-element_type=\"widget\" data-widget_type=\"spacer.default\">\n\t\t\t\t<div class=\"elementor-widget-container\">\n\t\t\t\t\t\t\t<div class=\"elementor-spacer\">\n\t\t\t<div class=\"elementor-spacer-inner\"><\/div>\n\t\t<\/div>\n\t\t\t\t\t\t<\/div>\n\t\t\t\t<\/div>\n\t\t\t\t\t<\/div>\n\t\t<\/div>\n\t\t\t\t\t<\/div>\n\t\t<\/section>\n\t\t\t\t<section class=\"elementor-section elementor-top-section elementor-element elementor-element-c0cde01 elementor-section-boxed elementor-section-height-default elementor-section-height-default\" data-id=\"c0cde01\" data-element_type=\"section\" data-settings=\"{&quot;background_background&quot;:&quot;classic&quot;}\">\n\t\t\t\t\t\t<div class=\"elementor-container elementor-column-gap-default\">\n\t\t\t\t\t<div class=\"elementor-column elementor-col-100 elementor-top-column elementor-element elementor-element-a8c8826\" data-id=\"a8c8826\" data-element_type=\"column\">\n\t\t\t<div class=\"elementor-widget-wrap elementor-element-populated\">\n\t\t\t\t\t\t<div class=\"elementor-element elementor-element-1683650 elementor-icon-list--layout-inline elementor-align-center elementor-widget__width-initial elementor-mobile-align-left elementor-list-item-link-full_width elementor-widget elementor-widget-icon-list\" data-id=\"1683650\" data-element_type=\"widget\" data-widget_type=\"icon-list.default\">\n\t\t\t\t<div class=\"elementor-widget-container\">\n\t\t\t\t\t\t\t<ul class=\"elementor-icon-list-items elementor-inline-items\">\n\t\t\t\t\t\t\t<li class=\"elementor-icon-list-item elementor-inline-item\">\n\t\t\t\t\t\t\t\t\t\t\t<a href=\"tel:04%2048%2027%2008%2001\">\n\n\t\t\t\t\t\t\t\t\t\t\t\t<span class=\"elementor-icon-list-icon\">\n\t\t\t\t\t\t\t<i aria-hidden=\"true\" class=\"fas fa-phone-alt\"><\/i>\t\t\t\t\t\t<\/span>\n\t\t\t\t\t\t\t\t\t\t<span class=\"elementor-icon-list-text\">04 48 27 08 00<\/span>\n\t\t\t\t\t\t\t\t\t\t\t<\/a>\n\t\t\t\t\t\t\t\t\t<\/li>\n\t\t\t\t\t\t\t\t<li class=\"elementor-icon-list-item elementor-inline-item\">\n\t\t\t\t\t\t\t\t\t\t\t<a href=\"mailto:rouge@margaret-hotelchouleur.com\">\n\n\t\t\t\t\t\t\t\t\t\t\t\t<span class=\"elementor-icon-list-icon\">\n\t\t\t\t\t\t\t<i aria-hidden=\"true\" class=\"fas fa-envelope\"><\/i>\t\t\t\t\t\t<\/span>\n\t\t\t\t\t\t\t\t\t\t<span class=\"elementor-icon-list-text\">reception@margaret-hotelchouleur.com<\/span>\n\t\t\t\t\t\t\t\t\t\t\t<\/a>\n\t\t\t\t\t\t\t\t\t<\/li>\n\t\t\t\t\t\t<\/ul>\n\t\t\t\t\t\t<\/div>\n\t\t\t\t<\/div>\n\t\t\t\t\t<\/div>\n\t\t<\/div>\n\t\t\t\t\t<\/div>\n\t\t<\/section>\n\t\t\t\t<section class=\"elementor-section elementor-top-section elementor-element elementor-element-38a39aed section-trois-buttons elementor-hidden-phone elementor-section-boxed elementor-section-height-default elementor-section-height-default\" data-id=\"38a39aed\" data-element_type=\"section\">\n\t\t\t\t\t\t<div class=\"elementor-container elementor-column-gap-default\">\n\t\t\t\t\t<div class=\"elementor-column elementor-col-100 elementor-top-column elementor-element elementor-element-47e96b16\" data-id=\"47e96b16\" data-element_type=\"column\">\n\t\t\t<div class=\"elementor-widget-wrap elementor-element-populated\">\n\t\t\t\t\t\t\t<\/div>\n\t\t<\/div>\n\t\t\t\t\t<\/div>\n\t\t<\/section>\n\t\t\t\t<\/div>","protected":false},"excerpt":{"rendered":"<p>Du 17 avril au 20 septembre 2026,\u00a0une parenth\u00e8se solaire et gourmande au coeur de N\u00eemes. D\u00e9couvrez un \u00e9crin gourmand \u00e9ph\u00e9m\u00e8re n\u00e9 de la rencontre entre une Maison centenaire embl\u00e9matique et une adresse n\u00eemoise devenue iconique. Dans un d\u00e9cor \u00e9l\u00e9gant et ensoleill\u00e9, Fragonard vient habiller les lieux dans leurs moindres d\u00e9tails et cr\u00e9e un univers \u00e0 [&hellip;]<\/p>","protected":false},"author":11,"featured_media":0,"parent":1168,"menu_order":0,"comment_status":"closed","ping_status":"closed","template":"margaret.php","meta":{"inline_featured_image":false,"footnotes":""},"class_list":["post-9642","page","type-page","status-publish","hentry"],"_links":{"self":[{"href":"https:\/\/www.margaret-hotelchouleur.com\/es\/wp-json\/wp\/v2\/pages\/9642","targetHints":{"allow":["GET"]}}],"collection":[{"href":"https:\/\/www.margaret-hotelchouleur.com\/es\/wp-json\/wp\/v2\/pages"}],"about":[{"href":"https:\/\/www.margaret-hotelchouleur.com\/es\/wp-json\/wp\/v2\/types\/page"}],"author":[{"embeddable":true,"href":"https:\/\/www.margaret-hotelchouleur.com\/es\/wp-json\/wp\/v2\/users\/11"}],"replies":[{"embeddable":true,"href":"https:\/\/www.margaret-hotelchouleur.com\/es\/wp-json\/wp\/v2\/comments?post=9642"}],"version-history":[{"count":43,"href":"https:\/\/www.margaret-hotelchouleur.com\/es\/wp-json\/wp\/v2\/pages\/9642\/revisions"}],"predecessor-version":[{"id":9705,"href":"https:\/\/www.margaret-hotelchouleur.com\/es\/wp-json\/wp\/v2\/pages\/9642\/revisions\/9705"}],"up":[{"embeddable":true,"href":"https:\/\/www.margaret-hotelchouleur.com\/es\/wp-json\/wp\/v2\/pages\/1168"}],"wp:attachment":[{"href":"https:\/\/www.margaret-hotelchouleur.com\/es\/wp-json\/wp\/v2\/media?parent=9642"}],"curies":[{"name":"wp","href":"https:\/\/api.w.org\/{rel}","templated":true}]}}